{"id":12315,"date":"2025-08-13T16:58:03","date_gmt":"2025-08-13T14:58:03","guid":{"rendered":"https:\/\/hamma-uwt.de\/produkt\/bande-decremage-de-rechange-5-special\/"},"modified":"2025-08-13T16:58:03","modified_gmt":"2025-08-13T14:58:03","slug":"bande-decremage-de-rechange-5-special","status":"publish","type":"product","link":"https:\/\/hamma-uwt.de\/fr\/produkt\/bande-decremage-de-rechange-5-special\/","title":{"rendered":"Bande d&rsquo;\u00e9cr\u00e9mage de rechange 5 Sp\u00e9cial"},"content":{"rendered":"","protected":false},"excerpt":{"rendered":"<p>pour fluides chauds jusqu&rsquo;\u00e0 70 \u00b0C, pH 4 - 13, accessoires RAPID 5 Sp\u00e9cial<\/p>\n","protected":false},"featured_media":3499,"comment_status":"closed","ping_status":"closed","template":"","meta":{"_acf_changed":false},"product_brand":[],"product_cat":[986],"product_tag":[],"class_list":{"0":"post-12315","1":"product","2":"type-product","3":"status-publish","4":"has-post-thumbnail","6":"product_cat-accessoires-rapid-5","8":"first","9":"instock","10":"purchasable","11":"product-type-variable"},"acf":[],"_links":{"self":[{"href":"https:\/\/hamma-uwt.de\/fr\/wp-json\/wp\/v2\/product\/12315","targetHints":{"allow":["GET"]}}],"collection":[{"href":"https:\/\/hamma-uwt.de\/fr\/wp-json\/wp\/v2\/product"}],"about":[{"href":"https:\/\/hamma-uwt.de\/fr\/wp-json\/wp\/v2\/types\/product"}],"replies":[{"embeddable":true,"href":"https:\/\/hamma-uwt.de\/fr\/wp-json\/wp\/v2\/comments?post=12315"}],"wp:featuredmedia":[{"embeddable":true,"href":"https:\/\/hamma-uwt.de\/fr\/wp-json\/wp\/v2\/media\/3499"}],"wp:attachment":[{"href":"https:\/\/hamma-uwt.de\/fr\/wp-json\/wp\/v2\/media?parent=12315"}],"wp:term":[{"taxonomy":"product_brand","embeddable":true,"href":"https:\/\/hamma-uwt.de\/fr\/wp-json\/wp\/v2\/product_brand?post=12315"},{"taxonomy":"product_cat","embeddable":true,"href":"https:\/\/hamma-uwt.de\/fr\/wp-json\/wp\/v2\/product_cat?post=12315"},{"taxonomy":"product_tag","embeddable":true,"href":"https:\/\/hamma-uwt.de\/fr\/wp-json\/wp\/v2\/product_tag?post=12315"}],"curies":[{"name":"wp","href":"https:\/\/api.w.org\/{rel}","templated":true}]}}