{"id":13263,"date":"2025-08-12T14:27:09","date_gmt":"2025-08-12T12:27:09","guid":{"rendered":"https:\/\/hamma-uwt.de\/produkt\/console-de-soins-kompakt-plus\/"},"modified":"2026-03-16T15:57:01","modified_gmt":"2026-03-16T14:57:01","slug":"console-de-soins-kompakt-plus","status":"publish","type":"product","link":"https:\/\/hamma-uwt.de\/fr\/produkt\/console-de-soins-kompakt-plus\/","title":{"rendered":"Console de soins Kompakt plus"},"content":{"rendered":"<p>La console d&rsquo;entretien Biobalance r\u00e9unit les appareils et les avantages de MIKRO, RAPID et RUBI. Gr\u00e2ce \u00e0 sa conception fonctionnelle, l&rsquo;unit\u00e9 d&rsquo;entretien s&rsquo;installe rapidement et facilement sur la machine. Des plaques d&rsquo;adaptation facilitent encore le montage.  <\/p>\n","protected":false},"excerpt":{"rendered":"<p>incl. RAPID 2.1, RUBI et MIKRO 300<\/p>\n","protected":false},"featured_media":6673,"comment_status":"closed","ping_status":"closed","template":"","meta":{"_acf_changed":false},"product_brand":[],"product_cat":[942],"product_tag":[],"class_list":{"0":"post-13263","1":"product","2":"type-product","3":"status-publish","4":"has-post-thumbnail","6":"product_cat-biobalance","8":"first","9":"instock","10":"shipping-taxable","11":"purchasable","12":"product-type-simple"},"acf":[],"_links":{"self":[{"href":"https:\/\/hamma-uwt.de\/fr\/wp-json\/wp\/v2\/product\/13263","targetHints":{"allow":["GET"]}}],"collection":[{"href":"https:\/\/hamma-uwt.de\/fr\/wp-json\/wp\/v2\/product"}],"about":[{"href":"https:\/\/hamma-uwt.de\/fr\/wp-json\/wp\/v2\/types\/product"}],"replies":[{"embeddable":true,"href":"https:\/\/hamma-uwt.de\/fr\/wp-json\/wp\/v2\/comments?post=13263"}],"wp:featuredmedia":[{"embeddable":true,"href":"https:\/\/hamma-uwt.de\/fr\/wp-json\/wp\/v2\/media\/6673"}],"wp:attachment":[{"href":"https:\/\/hamma-uwt.de\/fr\/wp-json\/wp\/v2\/media?parent=13263"}],"wp:term":[{"taxonomy":"product_brand","embeddable":true,"href":"https:\/\/hamma-uwt.de\/fr\/wp-json\/wp\/v2\/product_brand?post=13263"},{"taxonomy":"product_cat","embeddable":true,"href":"https:\/\/hamma-uwt.de\/fr\/wp-json\/wp\/v2\/product_cat?post=13263"},{"taxonomy":"product_tag","embeddable":true,"href":"https:\/\/hamma-uwt.de\/fr\/wp-json\/wp\/v2\/product_tag?post=13263"}],"curies":[{"name":"wp","href":"https:\/\/api.w.org\/{rel}","templated":true}]}}