{"id":13267,"date":"2025-08-11T13:19:15","date_gmt":"2025-08-11T11:19:15","guid":{"rendered":"https:\/\/hamma-uwt.de\/produkt\/tuyau-daspiration-de-concentre-pu\/"},"modified":"2025-08-11T13:19:15","modified_gmt":"2025-08-11T11:19:15","slug":"tuyau-daspiration-de-concentre-pu","status":"publish","type":"product","link":"https:\/\/hamma-uwt.de\/fr\/produkt\/tuyau-daspiration-de-concentre-pu\/","title":{"rendered":"Tuyau d&rsquo;aspiration de concentr\u00e9 PU"},"content":{"rendered":"<p>Tuyau d&rsquo;aspiration de concentr\u00e9 de 2 m en PU pour Misceo 3, pied \u00e0 ventouse inclus. <\/p>\n","protected":false},"excerpt":{"rendered":"<p>incl. Ventouse, accessoires MISCEO 3<\/p>\n","protected":false},"featured_media":1783,"comment_status":"closed","ping_status":"closed","template":"","meta":{"_acf_changed":false},"product_brand":[],"product_cat":[796,797],"product_tag":[],"class_list":{"0":"post-13267","1":"product","2":"type-product","3":"status-publish","4":"has-post-thumbnail","6":"product_cat-accessoires-misceo","7":"product_cat-tuyau","9":"first","10":"instock","11":"shipping-taxable","12":"purchasable","13":"product-type-simple"},"acf":[],"_links":{"self":[{"href":"https:\/\/hamma-uwt.de\/fr\/wp-json\/wp\/v2\/product\/13267","targetHints":{"allow":["GET"]}}],"collection":[{"href":"https:\/\/hamma-uwt.de\/fr\/wp-json\/wp\/v2\/product"}],"about":[{"href":"https:\/\/hamma-uwt.de\/fr\/wp-json\/wp\/v2\/types\/product"}],"replies":[{"embeddable":true,"href":"https:\/\/hamma-uwt.de\/fr\/wp-json\/wp\/v2\/comments?post=13267"}],"wp:featuredmedia":[{"embeddable":true,"href":"https:\/\/hamma-uwt.de\/fr\/wp-json\/wp\/v2\/media\/1783"}],"wp:attachment":[{"href":"https:\/\/hamma-uwt.de\/fr\/wp-json\/wp\/v2\/media?parent=13267"}],"wp:term":[{"taxonomy":"product_brand","embeddable":true,"href":"https:\/\/hamma-uwt.de\/fr\/wp-json\/wp\/v2\/product_brand?post=13267"},{"taxonomy":"product_cat","embeddable":true,"href":"https:\/\/hamma-uwt.de\/fr\/wp-json\/wp\/v2\/product_cat?post=13267"},{"taxonomy":"product_tag","embeddable":true,"href":"https:\/\/hamma-uwt.de\/fr\/wp-json\/wp\/v2\/product_tag?post=13267"}],"curies":[{"name":"wp","href":"https:\/\/api.w.org\/{rel}","templated":true}]}}