{"id":13290,"date":"2025-07-14T12:06:44","date_gmt":"2025-07-14T10:06:44","guid":{"rendered":"https:\/\/hamma-uwt.de\/produkt\/refractometre-manuel-analogique\/"},"modified":"2025-07-14T12:06:44","modified_gmt":"2025-07-14T10:06:44","slug":"refractometre-manuel-analogique","status":"publish","type":"product","link":"https:\/\/hamma-uwt.de\/fr\/produkt\/refractometre-manuel-analogique\/","title":{"rendered":"R\u00e9fractom\u00e8tre manuel analogique"},"content":{"rendered":"<div class=\"n module-type-text diyfeLiveArea \">\n<p>Le r\u00e9fractom\u00e8tre analogique vous permet de contr\u00f4ler facilement et confortablement la concentration de votre liquide de refroidissement. Le r\u00e9fractom\u00e8tre poss\u00e8de une compensation automatique de la temp\u00e9rature qui garantit une mesure rapide et fiable. Le r\u00e9fractom\u00e8tre vous permet de mesurer une plage de pourcentage de 0,0 \u00e0 18,0 %.  <\/p>\n<p>Vos avantages :<\/p>\n<ul>\n<li>Avec \u00e9clairage int\u00e9gr\u00e9 (LED)<\/li>\n<li>facile \u00e0 utiliser<\/li>\n<li>compensation automatique de la temp\u00e9rature<\/li>\n<li>\u00e9chelle optimis\u00e9e pour la mesure du liquide de refroidissement (0 - 18)<\/li>\n<\/ul>\n<\/div>\n<p>&nbsp;<\/p>\n<p>Conception l\u00e9g\u00e8re gr\u00e2ce \u00e0 la nouvelle technologie de prisme<\/p>\n","protected":false},"excerpt":{"rendered":"<p>0 - 18 % (pas = 0,1 %)<\/p>\n","protected":false},"featured_media":2479,"comment_status":"closed","ping_status":"closed","template":"","meta":{"_acf_changed":false},"product_brand":[],"product_cat":[1187],"product_tag":[],"class_list":{"0":"post-13290","1":"product","2":"type-product","3":"status-publish","4":"has-post-thumbnail","6":"product_cat-accessoires-pour-mallettes-de-test","8":"first","9":"instock","10":"purchasable","11":"product-type-simple"},"acf":[],"_links":{"self":[{"href":"https:\/\/hamma-uwt.de\/fr\/wp-json\/wp\/v2\/product\/13290","targetHints":{"allow":["GET"]}}],"collection":[{"href":"https:\/\/hamma-uwt.de\/fr\/wp-json\/wp\/v2\/product"}],"about":[{"href":"https:\/\/hamma-uwt.de\/fr\/wp-json\/wp\/v2\/types\/product"}],"replies":[{"embeddable":true,"href":"https:\/\/hamma-uwt.de\/fr\/wp-json\/wp\/v2\/comments?post=13290"}],"wp:featuredmedia":[{"embeddable":true,"href":"https:\/\/hamma-uwt.de\/fr\/wp-json\/wp\/v2\/media\/2479"}],"wp:attachment":[{"href":"https:\/\/hamma-uwt.de\/fr\/wp-json\/wp\/v2\/media?parent=13290"}],"wp:term":[{"taxonomy":"product_brand","embeddable":true,"href":"https:\/\/hamma-uwt.de\/fr\/wp-json\/wp\/v2\/product_brand?post=13290"},{"taxonomy":"product_cat","embeddable":true,"href":"https:\/\/hamma-uwt.de\/fr\/wp-json\/wp\/v2\/product_cat?post=13290"},{"taxonomy":"product_tag","embeddable":true,"href":"https:\/\/hamma-uwt.de\/fr\/wp-json\/wp\/v2\/product_tag?post=13290"}],"curies":[{"name":"wp","href":"https:\/\/api.w.org\/{rel}","templated":true}]}}