{"id":13297,"date":"2025-07-14T12:06:44","date_gmt":"2025-07-14T10:06:44","guid":{"rendered":"https:\/\/hamma-uwt.de\/produkt\/kit-de-controle-de-niveau\/"},"modified":"2025-07-14T12:06:44","modified_gmt":"2025-07-14T10:06:44","slug":"kit-de-controle-de-niveau","status":"publish","type":"product","link":"https:\/\/hamma-uwt.de\/fr\/produkt\/kit-de-controle-de-niveau\/","title":{"rendered":"Kit de contr\u00f4le de niveau"},"content":{"rendered":"<p>Le contr\u00f4leur de niveau F\u00dc-1 est un contr\u00f4leur \u00e0 r\u00e9gulation enti\u00e8rement \u00e9lectronique destin\u00e9 \u00e0 commander le remplissage automatique d&rsquo;un r\u00e9servoir. Gr\u00e2ce \u00e0 des capteurs, le contr\u00f4le d\u00e9tecte le niveau de remplissage d&rsquo;un r\u00e9servoir et ouvre ou ferme une vanne en fonction des besoins. Les composants de haute qualit\u00e9 (par exemple l&rsquo;arr\u00eat d&rsquo;urgence selon WHG) permettent un remplissage s\u00fbr, fiable et automatique.  <\/p>\n<p>Gr\u00e2ce au kit pr\u00eat \u00e0 l&#8217;emploi, le remplissage de votre machine en combinaison avec le MISCEO 3 est rapide, facile et fiable.<\/p>\n<p>Vos avantages :<\/p>\n<ul>\n<li>remplissage automatique de la machine<\/li>\n<li>fabrication \u00e0 processus s\u00fbr<\/li>\n<li>Solution compl\u00e8te pr\u00eate \u00e0 \u00eatre connect\u00e9e (installation facile)<\/li>\n<li>Arr\u00eat d&rsquo;urgence selon WHG<\/li>\n<li>Temp\u00e9rature uniforme du liquide de coupe \/ Concentration stable du liquide de coupe<\/li>\n<\/ul>\n","protected":false},"excerpt":{"rendered":"<p>Kit complet de contr\u00f4le de niveau F\u00dc-1-24D<\/p>\n","protected":false},"featured_media":3786,"comment_status":"closed","ping_status":"closed","template":"","meta":{"_acf_changed":false},"product_brand":[],"product_cat":[1571],"product_tag":[],"class_list":{"0":"post-13297","1":"product","2":"type-product","3":"status-publish","4":"has-post-thumbnail","6":"product_cat-controle-du-niveau-de-remplissage","8":"first","9":"instock","10":"purchasable","11":"product-type-simple"},"acf":[],"_links":{"self":[{"href":"https:\/\/hamma-uwt.de\/fr\/wp-json\/wp\/v2\/product\/13297","targetHints":{"allow":["GET"]}}],"collection":[{"href":"https:\/\/hamma-uwt.de\/fr\/wp-json\/wp\/v2\/product"}],"about":[{"href":"https:\/\/hamma-uwt.de\/fr\/wp-json\/wp\/v2\/types\/product"}],"replies":[{"embeddable":true,"href":"https:\/\/hamma-uwt.de\/fr\/wp-json\/wp\/v2\/comments?post=13297"}],"wp:featuredmedia":[{"embeddable":true,"href":"https:\/\/hamma-uwt.de\/fr\/wp-json\/wp\/v2\/media\/3786"}],"wp:attachment":[{"href":"https:\/\/hamma-uwt.de\/fr\/wp-json\/wp\/v2\/media?parent=13297"}],"wp:term":[{"taxonomy":"product_brand","embeddable":true,"href":"https:\/\/hamma-uwt.de\/fr\/wp-json\/wp\/v2\/product_brand?post=13297"},{"taxonomy":"product_cat","embeddable":true,"href":"https:\/\/hamma-uwt.de\/fr\/wp-json\/wp\/v2\/product_cat?post=13297"},{"taxonomy":"product_tag","embeddable":true,"href":"https:\/\/hamma-uwt.de\/fr\/wp-json\/wp\/v2\/product_tag?post=13297"}],"curies":[{"name":"wp","href":"https:\/\/api.w.org\/{rel}","templated":true}]}}