{"id":13515,"date":"2025-08-15T08:27:29","date_gmt":"2025-08-15T06:27:29","guid":{"rendered":"https:\/\/hamma-uwt.de\/produkt\/valisette-de-test-petite\/"},"modified":"2025-08-15T08:27:29","modified_gmt":"2025-08-15T06:27:29","slug":"valisette-de-test-petite","status":"publish","type":"product","link":"https:\/\/hamma-uwt.de\/fr\/produkt\/valisette-de-test-petite\/","title":{"rendered":"Valisette de test petite"},"content":{"rendered":"<p>La mallette de test Light est livr\u00e9e sans r\u00e9fractom\u00e8tre. La mallette d&rsquo;essai Compact est pr\u00eate pour vos mesures TRGS-611. <\/p>\n<p>Gr\u00e2ce \u00e0 la mallette de test, vous \u00eates parfaitement pr\u00e9par\u00e9 \u00e0 effectuer des mesures sur votre liquide de refroidissement. Les donn\u00e9es du liquide de refroidissement en disent long sur la qualit\u00e9 et les performances de votre liquide de refroidissement. Avec un contr\u00f4le permanent et une manipulation correcte, votre liquide de refroidissement pr\u00e9sente un \u00e9norme potentiel de performance et d&rsquo;\u00e9conomie. Les co\u00fbts des machines et des outils peuvent \u00eatre consid\u00e9rablement r\u00e9duits, vous cr\u00e9ez un environnement hygi\u00e9nique et vous savez exactement quand un changement est n\u00e9cessaire.   <\/p>\n<p>Vos avantages :<\/p>\n<ul>\n<li>robuste, de haute qualit\u00e9 et compact<\/li>\n<li>hygi\u00e9nique, simple et efficace<\/li>\n<li>conforme \u00e0 TRGS 611<\/li>\n<li>biobalance stable<\/li>\n<li>am\u00e9liore les performances et \u00e9conomise de l&rsquo;argent<\/li>\n<\/ul>\n","protected":false},"excerpt":{"rendered":"<p>La mallette de test Light est livr\u00e9e sans r\u00e9fractom\u00e8tre. La mallette d&rsquo;essai Compact est pr\u00eate pour vos mesures TRGS-611. Gr\u00e2ce \u00e0 la mallette de test, vous \u00eates parfaitement pr\u00e9par\u00e9 \u00e0 effectuer des mesures sur votre liquide de refroidissement. Les donn\u00e9es du liquide de refroidissement en disent long sur la qualit\u00e9 et les performances de votre [&hellip;]<\/p>\n","protected":false},"featured_media":3508,"comment_status":"closed","ping_status":"closed","template":"","meta":{"_acf_changed":false},"product_brand":[],"product_cat":[781],"product_tag":[],"class_list":{"0":"post-13515","1":"product","2":"type-product","3":"status-publish","4":"has-post-thumbnail","6":"product_cat-mallette-de-test","8":"first","9":"instock","10":"shipping-taxable","11":"purchasable","12":"product-type-variable","13":"has-default-attributes"},"acf":[],"_links":{"self":[{"href":"https:\/\/hamma-uwt.de\/fr\/wp-json\/wp\/v2\/product\/13515","targetHints":{"allow":["GET"]}}],"collection":[{"href":"https:\/\/hamma-uwt.de\/fr\/wp-json\/wp\/v2\/product"}],"about":[{"href":"https:\/\/hamma-uwt.de\/fr\/wp-json\/wp\/v2\/types\/product"}],"replies":[{"embeddable":true,"href":"https:\/\/hamma-uwt.de\/fr\/wp-json\/wp\/v2\/comments?post=13515"}],"wp:featuredmedia":[{"embeddable":true,"href":"https:\/\/hamma-uwt.de\/fr\/wp-json\/wp\/v2\/media\/3508"}],"wp:attachment":[{"href":"https:\/\/hamma-uwt.de\/fr\/wp-json\/wp\/v2\/media?parent=13515"}],"wp:term":[{"taxonomy":"product_brand","embeddable":true,"href":"https:\/\/hamma-uwt.de\/fr\/wp-json\/wp\/v2\/product_brand?post=13515"},{"taxonomy":"product_cat","embeddable":true,"href":"https:\/\/hamma-uwt.de\/fr\/wp-json\/wp\/v2\/product_cat?post=13515"},{"taxonomy":"product_tag","embeddable":true,"href":"https:\/\/hamma-uwt.de\/fr\/wp-json\/wp\/v2\/product_tag?post=13515"}],"curies":[{"name":"wp","href":"https:\/\/api.w.org\/{rel}","templated":true}]}}