{"id":14829,"date":"2025-08-11T16:42:15","date_gmt":"2025-08-11T14:42:15","guid":{"rendered":"https:\/\/hamma-uwt.de\/produkt\/chariot-pour-futs-avec-e-drive\/"},"modified":"2025-08-11T16:42:15","modified_gmt":"2025-08-11T14:42:15","slug":"chariot-pour-futs-avec-e-drive","status":"publish","type":"product","link":"https:\/\/hamma-uwt.de\/fr\/produkt\/chariot-pour-futs-avec-e-drive\/","title":{"rendered":"Chariot pour f\u00fbts avec E-Drive"},"content":{"rendered":"<p>Le chariot pour f\u00fbts vous permet de remplir vos machines tr\u00e8s rapidement, facilement et de mani\u00e8re flexible. Vous d\u00e9placez votre f\u00fbt de r\u00e9frig\u00e9rant lubrifiant ainsi que la technique de m\u00e9lange en un tour de main<br \/>\ndirectement vers la machine afin de la remplir confortablement sur place. Chaque chariot pour f\u00fbts est \u00e9quip\u00e9 de roulettes \u00e0 roulement facile, d&rsquo;un support de f\u00fbts s\u00e9curis\u00e9 et d&rsquo;une capacit\u00e9 de 220 litres pour vous permettre de vous rendre \u00e0 la machine facilement et en toute s\u00e9curit\u00e9. Si vous souhaitez augmenter votre confort, choisissez le chariot pour f\u00fbts avec E-Drive, avec lui, m\u00eame les plus longs trajets deviennent un jeu d&rsquo;enfant.   <\/p>\n<p>Le chariot pour f\u00fbts vous permet d&rsquo;accueillir le Misceo 3 (batterie incluse), deux enrouleurs de tuyaux et un enrouleur de c\u00e2ble.<\/p>\n<p>Vos avantages :<\/p>\n<ul>\n<li>d\u00e9placement ergonomique avec E-Drive<\/li>\n<li>d\u00e9placement facile gr\u00e2ce aux roues l\u00e9g\u00e8res<\/li>\n<li>conception robuste et de haute qualit\u00e9<\/li>\n<li>bac de r\u00e9tention int\u00e9gr\u00e9<\/li>\n<li>facile \u00e0 nettoyer<\/li>\n<li>id\u00e9alement adapt\u00e9 \u00e0 votre Misceo<\/li>\n<li>de nombreuses options pratiques<\/li>\n<\/ul>\n","protected":false},"excerpt":{"rendered":"<p>noir avec bac de r\u00e9tention, sangle de s\u00e9curit\u00e9 pour f\u00fbts et console pour MISCEO 3<\/p>\n","protected":false},"featured_media":2027,"comment_status":"closed","ping_status":"closed","template":"","meta":{"_acf_changed":false},"product_brand":[],"product_cat":[1895],"product_tag":[],"class_list":{"0":"post-14829","1":"product","2":"type-product","3":"status-publish","4":"has-post-thumbnail","6":"product_cat-chariot-pour-futs","8":"first","9":"instock","10":"purchasable","11":"product-type-simple"},"acf":[],"_links":{"self":[{"href":"https:\/\/hamma-uwt.de\/fr\/wp-json\/wp\/v2\/product\/14829","targetHints":{"allow":["GET"]}}],"collection":[{"href":"https:\/\/hamma-uwt.de\/fr\/wp-json\/wp\/v2\/product"}],"about":[{"href":"https:\/\/hamma-uwt.de\/fr\/wp-json\/wp\/v2\/types\/product"}],"replies":[{"embeddable":true,"href":"https:\/\/hamma-uwt.de\/fr\/wp-json\/wp\/v2\/comments?post=14829"}],"wp:featuredmedia":[{"embeddable":true,"href":"https:\/\/hamma-uwt.de\/fr\/wp-json\/wp\/v2\/media\/2027"}],"wp:attachment":[{"href":"https:\/\/hamma-uwt.de\/fr\/wp-json\/wp\/v2\/media?parent=14829"}],"wp:term":[{"taxonomy":"product_brand","embeddable":true,"href":"https:\/\/hamma-uwt.de\/fr\/wp-json\/wp\/v2\/product_brand?post=14829"},{"taxonomy":"product_cat","embeddable":true,"href":"https:\/\/hamma-uwt.de\/fr\/wp-json\/wp\/v2\/product_cat?post=14829"},{"taxonomy":"product_tag","embeddable":true,"href":"https:\/\/hamma-uwt.de\/fr\/wp-json\/wp\/v2\/product_tag?post=14829"}],"curies":[{"name":"wp","href":"https:\/\/api.w.org\/{rel}","templated":true}]}}