{"id":14901,"date":"2025-08-12T15:46:27","date_gmt":"2025-08-12T13:46:27","guid":{"rendered":"https:\/\/hamma-uwt.de\/produkt\/mikro-200\/"},"modified":"2026-03-12T11:52:30","modified_gmt":"2026-03-12T10:52:30","slug":"mikro-200","status":"publish","type":"product","link":"https:\/\/hamma-uwt.de\/fr\/produkt\/mikro-200\/","title":{"rendered":"MIKRO 200"},"content":{"rendered":"<p>Le Mikro 200 a\u00e8re des r\u00e9servoirs jusqu&rsquo;\u00e0 300 litres.<\/p>\n<p>Le micro-a\u00e9rateur vous offre une qualit\u00e9 maximale de votre liquide de coupe gr\u00e2ce \u00e0 l&rsquo;apport d&rsquo;oxyg\u00e8ne de l&rsquo;air. Gr\u00e2ce \u00e0 son montage et \u00e0 son utilisation simples, le Mikro s&rsquo;adapte rapidement aux besoins de votre liquide de refroidissement. Gr\u00e2ce \u00e0 sa minuterie, le Mikro peut \u00eatre contr\u00f4l\u00e9 en fonction des besoins. Gr\u00e2ce \u00e0 ses plaques d&rsquo;a\u00e9ration, de fines bulles d&rsquo;air d\u00e9finies flottent \u00e0 travers le liquide de refroidissement \u00e0 une vitesse ascensionnelle pr\u00e9d\u00e9finie. Le r\u00e9frig\u00e9rant lubrifiant a ainsi la propri\u00e9t\u00e9 de r\u00e9absorber l&rsquo;oxyg\u00e8ne consomm\u00e9, la biobalance est r\u00e9tablie.    <\/p>\n<p>Vos avantages :<\/p>\n<ul>\n<li>biobalance stable<\/li>\n<li>lubrifiant r\u00e9frig\u00e9rant tr\u00e8s performant<\/li>\n<li>donn\u00e9es de coupe les plus \u00e9lev\u00e9es<\/li>\n<li>une grande long\u00e9vit\u00e9 de vos outils et machines<\/li>\n<li>haute hygi\u00e8ne de la peau<\/li>\n<\/ul>\n<p>&nbsp;<\/p>\n<p>Pour compl\u00e9ter votre entretien, combinez votre micro-a\u00e9rateur avec l&rsquo;\u00e9cumeur d&rsquo;huile Rapid, pour un liquide de coupe toujours propre et biostable avec des propri\u00e9t\u00e9s de fabrication optimales.<\/p>\n","protected":false},"excerpt":{"rendered":"<p>incl. Unit\u00e9 d&rsquo;a\u00e9ration avec 1 panneau d&rsquo;a\u00e9ration<\/p>\n","protected":false},"featured_media":14902,"comment_status":"closed","ping_status":"closed","template":"","meta":{"_acf_changed":false},"product_brand":[],"product_cat":[930],"product_tag":[],"class_list":{"0":"post-14901","1":"product","2":"type-product","3":"status-publish","4":"has-post-thumbnail","6":"product_cat-micro-aerateur","8":"first","9":"instock","10":"shipping-taxable","11":"purchasable","12":"product-type-simple"},"acf":[],"_links":{"self":[{"href":"https:\/\/hamma-uwt.de\/fr\/wp-json\/wp\/v2\/product\/14901","targetHints":{"allow":["GET"]}}],"collection":[{"href":"https:\/\/hamma-uwt.de\/fr\/wp-json\/wp\/v2\/product"}],"about":[{"href":"https:\/\/hamma-uwt.de\/fr\/wp-json\/wp\/v2\/types\/product"}],"replies":[{"embeddable":true,"href":"https:\/\/hamma-uwt.de\/fr\/wp-json\/wp\/v2\/comments?post=14901"}],"wp:featuredmedia":[{"embeddable":true,"href":"https:\/\/hamma-uwt.de\/fr\/wp-json\/wp\/v2\/media\/14902"}],"wp:attachment":[{"href":"https:\/\/hamma-uwt.de\/fr\/wp-json\/wp\/v2\/media?parent=14901"}],"wp:term":[{"taxonomy":"product_brand","embeddable":true,"href":"https:\/\/hamma-uwt.de\/fr\/wp-json\/wp\/v2\/product_brand?post=14901"},{"taxonomy":"product_cat","embeddable":true,"href":"https:\/\/hamma-uwt.de\/fr\/wp-json\/wp\/v2\/product_cat?post=14901"},{"taxonomy":"product_tag","embeddable":true,"href":"https:\/\/hamma-uwt.de\/fr\/wp-json\/wp\/v2\/product_tag?post=14901"}],"curies":[{"name":"wp","href":"https:\/\/api.w.org\/{rel}","templated":true}]}}