{"id":15005,"date":"2025-08-13T11:54:59","date_gmt":"2025-08-13T09:54:59","guid":{"rendered":"https:\/\/hamma-uwt.de\/produkt\/rapid-2-1-special\/"},"modified":"2025-08-13T11:54:59","modified_gmt":"2025-08-13T09:54:59","slug":"rapid-2-1-special","status":"publish","type":"product","link":"https:\/\/hamma-uwt.de\/fr\/produkt\/rapid-2-1-special\/","title":{"rendered":"RAPID 2.1 Sp\u00e9cial"},"content":{"rendered":"<p>L&rsquo;\u00e9cumoire \u00e0 bande sp\u00e9ciale Rapid 2.1, notre meilleure vente, permet d&rsquo;\u00e9liminer rapidement et facilement les huiles \u00e9trang\u00e8res dans le liquide de refroidissement des machines dont la surface peut atteindre 2 m\u00b2.<\/p>\n","protected":false},"excerpt":{"rendered":"<p>pour fluides chauds jusqu&rsquo;\u00e0 70 \u00b0C, rouleau en acier inoxydable inclus, surfaces jusqu&rsquo;\u00e0 2 m\u00b2 (sans bande d&rsquo;\u00e9cumage) <\/p>\n","protected":false},"featured_media":4293,"comment_status":"closed","ping_status":"closed","template":"","meta":{"_acf_changed":false},"product_brand":[],"product_cat":[838],"product_tag":[],"class_list":{"0":"post-15005","1":"product","2":"type-product","3":"status-publish","4":"has-post-thumbnail","6":"product_cat-rapid-2-1","8":"first","9":"instock","10":"purchasable","11":"product-type-variable"},"acf":[],"_links":{"self":[{"href":"https:\/\/hamma-uwt.de\/fr\/wp-json\/wp\/v2\/product\/15005","targetHints":{"allow":["GET"]}}],"collection":[{"href":"https:\/\/hamma-uwt.de\/fr\/wp-json\/wp\/v2\/product"}],"about":[{"href":"https:\/\/hamma-uwt.de\/fr\/wp-json\/wp\/v2\/types\/product"}],"replies":[{"embeddable":true,"href":"https:\/\/hamma-uwt.de\/fr\/wp-json\/wp\/v2\/comments?post=15005"}],"wp:featuredmedia":[{"embeddable":true,"href":"https:\/\/hamma-uwt.de\/fr\/wp-json\/wp\/v2\/media\/4293"}],"wp:attachment":[{"href":"https:\/\/hamma-uwt.de\/fr\/wp-json\/wp\/v2\/media?parent=15005"}],"wp:term":[{"taxonomy":"product_brand","embeddable":true,"href":"https:\/\/hamma-uwt.de\/fr\/wp-json\/wp\/v2\/product_brand?post=15005"},{"taxonomy":"product_cat","embeddable":true,"href":"https:\/\/hamma-uwt.de\/fr\/wp-json\/wp\/v2\/product_cat?post=15005"},{"taxonomy":"product_tag","embeddable":true,"href":"https:\/\/hamma-uwt.de\/fr\/wp-json\/wp\/v2\/product_tag?post=15005"}],"curies":[{"name":"wp","href":"https:\/\/api.w.org\/{rel}","templated":true}]}}