{"id":15437,"date":"2025-08-13T16:30:40","date_gmt":"2025-08-13T14:30:40","guid":{"rendered":"https:\/\/hamma-uwt.de\/produkt\/rapid-5-special\/"},"modified":"2025-08-13T16:30:40","modified_gmt":"2025-08-13T14:30:40","slug":"rapid-5-special","status":"publish","type":"product","link":"https:\/\/hamma-uwt.de\/fr\/produkt\/rapid-5-special\/","title":{"rendered":"RAPID 5 Sp\u00e9cial"},"content":{"rendered":"<p>Le Rapid 5 Sp\u00e9cial est un \u00e9cumeur \u00e0 bande avec un bras r\u00e9glable et un support magn\u00e9tique, ce qui le rend puissant, flexible et facile \u00e0 utiliser, m\u00eame pour les r\u00e9servoirs difficiles d&rsquo;acc\u00e8s. Il convient pour des surfaces allant jusqu&rsquo;\u00e0 2 m\u00b2. <\/p>\n","protected":false},"excerpt":{"rendered":"<p>\u00c9cumeur \u00e0 bande pour fluides chauds, surfaces jusqu&rsquo;\u00e0 2 m\u00b2, bandes d&rsquo;\u00e9cumage incluses <\/p>\n","protected":false},"featured_media":968,"comment_status":"closed","ping_status":"closed","template":"","meta":{"_acf_changed":false},"product_brand":[],"product_cat":[2144],"product_tag":[],"class_list":{"0":"post-15437","1":"product","2":"type-product","3":"status-publish","4":"has-post-thumbnail","6":"product_cat-rapide-5","8":"first","9":"instock","10":"purchasable","11":"product-type-variable"},"acf":[],"_links":{"self":[{"href":"https:\/\/hamma-uwt.de\/fr\/wp-json\/wp\/v2\/product\/15437","targetHints":{"allow":["GET"]}}],"collection":[{"href":"https:\/\/hamma-uwt.de\/fr\/wp-json\/wp\/v2\/product"}],"about":[{"href":"https:\/\/hamma-uwt.de\/fr\/wp-json\/wp\/v2\/types\/product"}],"replies":[{"embeddable":true,"href":"https:\/\/hamma-uwt.de\/fr\/wp-json\/wp\/v2\/comments?post=15437"}],"wp:featuredmedia":[{"embeddable":true,"href":"https:\/\/hamma-uwt.de\/fr\/wp-json\/wp\/v2\/media\/968"}],"wp:attachment":[{"href":"https:\/\/hamma-uwt.de\/fr\/wp-json\/wp\/v2\/media?parent=15437"}],"wp:term":[{"taxonomy":"product_brand","embeddable":true,"href":"https:\/\/hamma-uwt.de\/fr\/wp-json\/wp\/v2\/product_brand?post=15437"},{"taxonomy":"product_cat","embeddable":true,"href":"https:\/\/hamma-uwt.de\/fr\/wp-json\/wp\/v2\/product_cat?post=15437"},{"taxonomy":"product_tag","embeddable":true,"href":"https:\/\/hamma-uwt.de\/fr\/wp-json\/wp\/v2\/product_tag?post=15437"}],"curies":[{"name":"wp","href":"https:\/\/api.w.org\/{rel}","templated":true}]}}