{"id":15566,"date":"2025-08-20T08:21:47","date_gmt":"2025-08-20T06:21:47","guid":{"rendered":"https:\/\/hamma-uwt.de\/produkt\/misceo-exclusif\/"},"modified":"2025-08-20T08:21:47","modified_gmt":"2025-08-20T06:21:47","slug":"misceo-exclusif","status":"publish","type":"product","link":"https:\/\/hamma-uwt.de\/fr\/produkt\/misceo-exclusif\/","title":{"rendered":"Misceo exclusif"},"content":{"rendered":"<p>La solution professionnelle pour m\u00e9langer les r\u00e9frig\u00e9rants lubrifiants miscibles \u00e0 l&rsquo;eau. Son unit\u00e9 de m\u00e9lange et son \u00e9lectronique uniques, avec des menus simples, garantissent des r\u00e9sultats optimaux. Vous \u00e9conomisez du temps et de l&rsquo;argent.  <\/p>\n<p>Vos avantages :<\/p>\n<ul>\n<li>parfaitement m\u00e9lang\u00e9<\/li>\n<li>Lubrifiant de refroidissement<\/li>\n<li>r\u00e9sultat de m\u00e9lange pr\u00e9cis<\/li>\n<li>d\u00e9tecte les emballages vides<\/li>\n<li>longueurs de tuyaux flexibles<\/li>\n<li>arr\u00eat automatique<\/li>\n<li>verrouillable<\/li>\n<li>remplissage automatique de la machine<\/li>\n<li>facilit\u00e9 d&rsquo;utilisation<\/li>\n<li>remplir comme \u00e0 la station-service<\/li>\n<\/ul>\n<p>Condition de fonctionnement : s\u00e9parateur de syst\u00e8me selon DIN EN 1717<\/p>\n","protected":false},"excerpt":{"rendered":"<p>M\u00e9langeur \u00e0 commande enti\u00e8rement \u00e9lectronique, id\u00e9al pour les pistolets de remplissage<\/p>\n","protected":false},"featured_media":3966,"comment_status":"closed","ping_status":"closed","template":"","meta":{"_acf_changed":false},"product_brand":[],"product_cat":[837],"product_tag":[],"class_list":{"0":"post-15566","1":"product","2":"type-product","3":"status-publish","4":"has-post-thumbnail","6":"product_cat-melangeur-misceo","8":"first","9":"instock","10":"purchasable","11":"product-type-simple"},"acf":[],"_links":{"self":[{"href":"https:\/\/hamma-uwt.de\/fr\/wp-json\/wp\/v2\/product\/15566","targetHints":{"allow":["GET"]}}],"collection":[{"href":"https:\/\/hamma-uwt.de\/fr\/wp-json\/wp\/v2\/product"}],"about":[{"href":"https:\/\/hamma-uwt.de\/fr\/wp-json\/wp\/v2\/types\/product"}],"replies":[{"embeddable":true,"href":"https:\/\/hamma-uwt.de\/fr\/wp-json\/wp\/v2\/comments?post=15566"}],"wp:featuredmedia":[{"embeddable":true,"href":"https:\/\/hamma-uwt.de\/fr\/wp-json\/wp\/v2\/media\/3966"}],"wp:attachment":[{"href":"https:\/\/hamma-uwt.de\/fr\/wp-json\/wp\/v2\/media?parent=15566"}],"wp:term":[{"taxonomy":"product_brand","embeddable":true,"href":"https:\/\/hamma-uwt.de\/fr\/wp-json\/wp\/v2\/product_brand?post=15566"},{"taxonomy":"product_cat","embeddable":true,"href":"https:\/\/hamma-uwt.de\/fr\/wp-json\/wp\/v2\/product_cat?post=15566"},{"taxonomy":"product_tag","embeddable":true,"href":"https:\/\/hamma-uwt.de\/fr\/wp-json\/wp\/v2\/product_tag?post=15566"}],"curies":[{"name":"wp","href":"https:\/\/api.w.org\/{rel}","templated":true}]}}