{"id":16888,"date":"2025-07-14T11:22:34","date_gmt":"2025-07-14T09:22:34","guid":{"rendered":"https:\/\/hamma-uwt.de\/produkt\/support-de-chariot-pour-futs\/"},"modified":"2025-07-14T11:22:34","modified_gmt":"2025-07-14T09:22:34","slug":"support-de-chariot-pour-futs","status":"publish","type":"product","link":"https:\/\/hamma-uwt.de\/fr\/produkt\/support-de-chariot-pour-futs\/","title":{"rendered":"Support de chariot pour f\u00fbts"},"content":{"rendered":"","protected":false},"excerpt":{"rendered":"<p>Accessoires pour chariots \u00e0 f\u00fbts<\/p>\n","protected":false},"featured_media":0,"comment_status":"closed","ping_status":"closed","template":"","meta":{"_acf_changed":false},"product_brand":[],"product_cat":[1041],"product_tag":[],"class_list":{"0":"post-16888","1":"product","2":"type-product","3":"status-publish","5":"product_cat-accessoires-pour-chariots-a-futs","7":"first","8":"instock","9":"purchasable","10":"product-type-variable"},"acf":[],"_links":{"self":[{"href":"https:\/\/hamma-uwt.de\/fr\/wp-json\/wp\/v2\/product\/16888","targetHints":{"allow":["GET"]}}],"collection":[{"href":"https:\/\/hamma-uwt.de\/fr\/wp-json\/wp\/v2\/product"}],"about":[{"href":"https:\/\/hamma-uwt.de\/fr\/wp-json\/wp\/v2\/types\/product"}],"replies":[{"embeddable":true,"href":"https:\/\/hamma-uwt.de\/fr\/wp-json\/wp\/v2\/comments?post=16888"}],"wp:attachment":[{"href":"https:\/\/hamma-uwt.de\/fr\/wp-json\/wp\/v2\/media?parent=16888"}],"wp:term":[{"taxonomy":"product_brand","embeddable":true,"href":"https:\/\/hamma-uwt.de\/fr\/wp-json\/wp\/v2\/product_brand?post=16888"},{"taxonomy":"product_cat","embeddable":true,"href":"https:\/\/hamma-uwt.de\/fr\/wp-json\/wp\/v2\/product_cat?post=16888"},{"taxonomy":"product_tag","embeddable":true,"href":"https:\/\/hamma-uwt.de\/fr\/wp-json\/wp\/v2\/product_tag?post=16888"}],"curies":[{"name":"wp","href":"https:\/\/api.w.org\/{rel}","templated":true}]}}