{"id":17401,"date":"2025-07-14T12:06:39","date_gmt":"2025-07-14T10:06:39","guid":{"rendered":"https:\/\/hamma-uwt.de\/produkt\/clean-tower-150\/"},"modified":"2025-07-14T12:06:39","modified_gmt":"2025-07-14T10:06:39","slug":"clean-tower-150","status":"publish","type":"product","link":"https:\/\/hamma-uwt.de\/fr\/produkt\/clean-tower-150\/","title":{"rendered":"CLEAN-TOWER 150"},"content":{"rendered":"<p>Le Clean-Tower 150 vous offre un entretien complet de votre liquide de refroidissement. Gr\u00e2ce \u00e0 l&rsquo;utilisation de la flottation par d\u00e9compression, les huiles \u00e9trang\u00e8res, les particules en suspension et le d\u00e9ficit en oxyg\u00e8ne appartiennent au pass\u00e9. <\/p>\n<p>Le syst\u00e8me d&rsquo;entretien mobile aspire le r\u00e9frig\u00e9rant lubrifiant souill\u00e9 de la surface et le transf\u00e8re dans le compartiment du r\u00e9acteur. Gr\u00e2ce \u00e0 l&rsquo;air introduit, la CLEAN-TOWER fait flotter les huiles \u00e9trang\u00e8res<br \/>\net les composants en suspension \u00e0 la surface, les transf\u00e8re dans le r\u00e9servoir de salet\u00e9s int\u00e9gr\u00e9, enrichit votre lubrifiant r\u00e9frig\u00e9rant en oxyg\u00e8ne et le remet \u00e0 la machine de production. \u00c0 l&rsquo;avenir, vous travaillerez durablement avec un liquide de refroidissement performant et sain, sans aucun compromis !  <\/p>\n<p>&nbsp;<\/p>\n<p>Vos avantages :<\/p>\n<ul>\n<li>r\u00e9duit les co\u00fbts d&rsquo;exploitation<\/li>\n<li>Prolongation de la dur\u00e9e de vie de l&rsquo;outil, de la machine et du liquide de coupe<\/li>\n<li>am\u00e9liore la qualit\u00e9 de fabrication<\/li>\n<li>augmente la vitesse de fabrication<\/li>\n<li>\u00e9vite les mauvaises odeurs<\/li>\n<li>vision claire dans la machine<\/li>\n<li>augmente l&rsquo;hygi\u00e8ne et la satisfaction des employ\u00e9s<\/li>\n<\/ul>\n<p>&nbsp;<\/p>\n","protected":false},"excerpt":{"rendered":"<p>incl. Tuyauterie \/ tubage et flotteur d&rsquo;aspiration AS 100<\/p>\n","protected":false},"featured_media":2049,"comment_status":"closed","ping_status":"closed","template":"","meta":{"_acf_changed":false},"product_brand":[],"product_cat":[2282],"product_tag":[],"class_list":{"0":"post-17401","1":"product","2":"type-product","3":"status-publish","4":"has-post-thumbnail","6":"product_cat-clean-tower","8":"first","9":"instock","10":"purchasable","11":"product-type-simple"},"acf":[],"_links":{"self":[{"href":"https:\/\/hamma-uwt.de\/fr\/wp-json\/wp\/v2\/product\/17401","targetHints":{"allow":["GET"]}}],"collection":[{"href":"https:\/\/hamma-uwt.de\/fr\/wp-json\/wp\/v2\/product"}],"about":[{"href":"https:\/\/hamma-uwt.de\/fr\/wp-json\/wp\/v2\/types\/product"}],"replies":[{"embeddable":true,"href":"https:\/\/hamma-uwt.de\/fr\/wp-json\/wp\/v2\/comments?post=17401"}],"wp:featuredmedia":[{"embeddable":true,"href":"https:\/\/hamma-uwt.de\/fr\/wp-json\/wp\/v2\/media\/2049"}],"wp:attachment":[{"href":"https:\/\/hamma-uwt.de\/fr\/wp-json\/wp\/v2\/media?parent=17401"}],"wp:term":[{"taxonomy":"product_brand","embeddable":true,"href":"https:\/\/hamma-uwt.de\/fr\/wp-json\/wp\/v2\/product_brand?post=17401"},{"taxonomy":"product_cat","embeddable":true,"href":"https:\/\/hamma-uwt.de\/fr\/wp-json\/wp\/v2\/product_cat?post=17401"},{"taxonomy":"product_tag","embeddable":true,"href":"https:\/\/hamma-uwt.de\/fr\/wp-json\/wp\/v2\/product_tag?post=17401"}],"curies":[{"name":"wp","href":"https:\/\/api.w.org\/{rel}","templated":true}]}}