{"id":17439,"date":"2025-07-14T12:06:39","date_gmt":"2025-07-14T10:06:39","guid":{"rendered":"https:\/\/hamma-uwt.de\/produkt\/balai-magnetique\/"},"modified":"2025-07-14T12:06:39","modified_gmt":"2025-07-14T10:06:39","slug":"balai-magnetique","status":"publish","type":"product","link":"https:\/\/hamma-uwt.de\/fr\/produkt\/balai-magnetique\/","title":{"rendered":"Balai magn\u00e9tique"},"content":{"rendered":"<p>Gr\u00e2ce au balai magn\u00e9tique puissant avec une grande capacit\u00e9 d&rsquo;absorption et une largeur totale de 400 mm, vous nettoyez vos surfaces au sol et votre environnement de travail rapidement, facilement et de mani\u00e8re fiable. Gr\u00e2ce au manche maniable, vous tenez fermement le balai magn\u00e9tique en main et pouvez le guider en toute s\u00e9curit\u00e9 vers les copeaux et les attirer. En tirant sur le poussoir, le magn\u00e9tisme dispara\u00eet et les copeaux attir\u00e9s tombent simplement.<br \/>\nUne surface de sol nettoy\u00e9e am\u00e9liore la qualit\u00e9 et la s\u00e9curit\u00e9 de votre entreprise et maintient votre environnement de travail propre et hygi\u00e9nique.<br \/>\nDe m\u00eame, le balai magn\u00e9tique vous aide \u00e0 ramasser les petits objets magn\u00e9tiques et \u00e0 s\u00e9parer les pi\u00e8ces industrielles magn\u00e9tiques et non magn\u00e9tiques.  <\/p>\n<p>Le balai magn\u00e9tique peut \u00eatre allong\u00e9 de 800 mm \u00e0 1120 mm de hauteur totale. Vous pouvez ainsi adapter le balai magn\u00e9tique \u00e0 vos besoins individuels. <\/p>\n","protected":false},"excerpt":{"rendered":"<p>avec manche t\u00e9lescopique, largeur du balai 400 mm, hauteur totale max. 1120 mm <\/p>\n","protected":false},"featured_media":3795,"comment_status":"closed","ping_status":"closed","template":"","meta":{"_acf_changed":false},"product_brand":[],"product_cat":[905,952],"product_tag":[],"class_list":{"0":"post-17439","1":"product","2":"type-product","3":"status-publish","4":"has-post-thumbnail","6":"product_cat-des-aides-puissantes","7":"product_cat-maxx-de-copeaux-et-balai-magnetique","9":"first","10":"instock","11":"purchasable","12":"product-type-simple"},"acf":[],"_links":{"self":[{"href":"https:\/\/hamma-uwt.de\/fr\/wp-json\/wp\/v2\/product\/17439","targetHints":{"allow":["GET"]}}],"collection":[{"href":"https:\/\/hamma-uwt.de\/fr\/wp-json\/wp\/v2\/product"}],"about":[{"href":"https:\/\/hamma-uwt.de\/fr\/wp-json\/wp\/v2\/types\/product"}],"replies":[{"embeddable":true,"href":"https:\/\/hamma-uwt.de\/fr\/wp-json\/wp\/v2\/comments?post=17439"}],"wp:featuredmedia":[{"embeddable":true,"href":"https:\/\/hamma-uwt.de\/fr\/wp-json\/wp\/v2\/media\/3795"}],"wp:attachment":[{"href":"https:\/\/hamma-uwt.de\/fr\/wp-json\/wp\/v2\/media?parent=17439"}],"wp:term":[{"taxonomy":"product_brand","embeddable":true,"href":"https:\/\/hamma-uwt.de\/fr\/wp-json\/wp\/v2\/product_brand?post=17439"},{"taxonomy":"product_cat","embeddable":true,"href":"https:\/\/hamma-uwt.de\/fr\/wp-json\/wp\/v2\/product_cat?post=17439"},{"taxonomy":"product_tag","embeddable":true,"href":"https:\/\/hamma-uwt.de\/fr\/wp-json\/wp\/v2\/product_tag?post=17439"}],"curies":[{"name":"wp","href":"https:\/\/api.w.org\/{rel}","templated":true}]}}