{"id":17478,"date":"2025-07-14T12:06:39","date_gmt":"2025-07-14T10:06:39","guid":{"rendered":"https:\/\/hamma-uwt.de\/produkt\/rubi\/"},"modified":"2025-07-14T12:06:39","modified_gmt":"2025-07-14T10:06:39","slug":"rubi","status":"publish","type":"product","link":"https:\/\/hamma-uwt.de\/fr\/produkt\/rubi\/","title":{"rendered":"RUBI"},"content":{"rendered":"<p>Le bac de r\u00e9cup\u00e9ration d&rsquo;huile \u00e9trang\u00e8re de Rubi est un bac de r\u00e9cup\u00e9ration robuste d&rsquo;une capacit\u00e9 de 1,8 litre.<\/p>\n<p>La protection anti-d\u00e9bordement int\u00e9gr\u00e9e emp\u00eache le d\u00e9bordement du r\u00e9servoir. Si le Rubi n&rsquo;est pas vid\u00e9, sa fonction de d\u00e9canteur permet de renvoyer l&rsquo;exc\u00e9dent dans la machine. Le vidage du Rubi est tr\u00e8s rapide et facile gr\u00e2ce \u00e0 sa conception ing\u00e9nieuse. Une fixation simple et rapide est possible par accrochage \u00e0 la machine - sans per\u00e7age ni vissage.   <\/p>\n","protected":false},"excerpt":{"rendered":"<p>Bac de r\u00e9cup\u00e9ration d&rsquo;huile \u00e9trang\u00e8re avec protection anti-d\u00e9bordement, accessoire pour tous les \u00e9cumeurs d&rsquo;huile RAPID <\/p>\n","protected":false},"featured_media":3430,"comment_status":"closed","ping_status":"closed","template":"","meta":{"_acf_changed":false},"product_brand":[],"product_cat":[2366],"product_tag":[],"class_list":{"0":"post-17478","1":"product","2":"type-product","3":"status-publish","4":"has-post-thumbnail","6":"product_cat-ecumeur-dhuile-rapid","8":"first","9":"instock","10":"purchasable","11":"product-type-simple"},"acf":[],"_links":{"self":[{"href":"https:\/\/hamma-uwt.de\/fr\/wp-json\/wp\/v2\/product\/17478","targetHints":{"allow":["GET"]}}],"collection":[{"href":"https:\/\/hamma-uwt.de\/fr\/wp-json\/wp\/v2\/product"}],"about":[{"href":"https:\/\/hamma-uwt.de\/fr\/wp-json\/wp\/v2\/types\/product"}],"replies":[{"embeddable":true,"href":"https:\/\/hamma-uwt.de\/fr\/wp-json\/wp\/v2\/comments?post=17478"}],"wp:featuredmedia":[{"embeddable":true,"href":"https:\/\/hamma-uwt.de\/fr\/wp-json\/wp\/v2\/media\/3430"}],"wp:attachment":[{"href":"https:\/\/hamma-uwt.de\/fr\/wp-json\/wp\/v2\/media?parent=17478"}],"wp:term":[{"taxonomy":"product_brand","embeddable":true,"href":"https:\/\/hamma-uwt.de\/fr\/wp-json\/wp\/v2\/product_brand?post=17478"},{"taxonomy":"product_cat","embeddable":true,"href":"https:\/\/hamma-uwt.de\/fr\/wp-json\/wp\/v2\/product_cat?post=17478"},{"taxonomy":"product_tag","embeddable":true,"href":"https:\/\/hamma-uwt.de\/fr\/wp-json\/wp\/v2\/product_tag?post=17478"}],"curies":[{"name":"wp","href":"https:\/\/api.w.org\/{rel}","templated":true}]}}