{"id":17795,"date":"2025-07-14T11:22:37","date_gmt":"2025-07-14T09:22:37","guid":{"rendered":"https:\/\/hamma-uwt.de\/produkt\/separateur-de-systeme\/"},"modified":"2025-07-14T11:22:37","modified_gmt":"2025-07-14T09:22:37","slug":"separateur-de-systeme","status":"publish","type":"product","link":"https:\/\/hamma-uwt.de\/fr\/produkt\/separateur-de-systeme\/","title":{"rendered":"S\u00e9parateur de syst\u00e8me"},"content":{"rendered":"<p>Prot\u00e9gez votre eau potable de la contamination par<br \/>\nLubrifiant de refroidissement. Les m\u00e9langeurs et les tuyaux<br \/>\nrepr\u00e9sentent un danger imm\u00e9diat dans les entreprises.<br \/>\nConform\u00e9ment \u00e0 la norme <strong>DIN EN 1717<\/strong> sur l&rsquo;eau potable (<br \/>\n), chaque entreprise est tenue de prot\u00e9ger suffisamment son syst\u00e8me d&rsquo;eau potable contre toute contamination (<br \/>\n).  <\/p>\n<p>Avec ce s\u00e9parateur de syst\u00e8me, vous garantissez<br \/>\ncette protection pour le r\u00e9frig\u00e9rant lubrifiant et autres substances chimiques<br \/>\njusqu&rsquo;\u00e0 la classe de danger 4.<\/p>\n","protected":false},"excerpt":{"rendered":"<p>Pour la mise \u00e0 niveau et la s\u00e9curisation des robinets.<\/p>\n","protected":false},"featured_media":3885,"comment_status":"closed","ping_status":"closed","template":"","meta":{"_acf_changed":false},"product_brand":[],"product_cat":[796],"product_tag":[],"class_list":{"0":"post-17795","1":"product","2":"type-product","3":"status-publish","4":"has-post-thumbnail","6":"product_cat-accessoires-misceo","8":"first","9":"instock","10":"purchasable","11":"product-type-variable"},"acf":[],"_links":{"self":[{"href":"https:\/\/hamma-uwt.de\/fr\/wp-json\/wp\/v2\/product\/17795","targetHints":{"allow":["GET"]}}],"collection":[{"href":"https:\/\/hamma-uwt.de\/fr\/wp-json\/wp\/v2\/product"}],"about":[{"href":"https:\/\/hamma-uwt.de\/fr\/wp-json\/wp\/v2\/types\/product"}],"replies":[{"embeddable":true,"href":"https:\/\/hamma-uwt.de\/fr\/wp-json\/wp\/v2\/comments?post=17795"}],"wp:featuredmedia":[{"embeddable":true,"href":"https:\/\/hamma-uwt.de\/fr\/wp-json\/wp\/v2\/media\/3885"}],"wp:attachment":[{"href":"https:\/\/hamma-uwt.de\/fr\/wp-json\/wp\/v2\/media?parent=17795"}],"wp:term":[{"taxonomy":"product_brand","embeddable":true,"href":"https:\/\/hamma-uwt.de\/fr\/wp-json\/wp\/v2\/product_brand?post=17795"},{"taxonomy":"product_cat","embeddable":true,"href":"https:\/\/hamma-uwt.de\/fr\/wp-json\/wp\/v2\/product_cat?post=17795"},{"taxonomy":"product_tag","embeddable":true,"href":"https:\/\/hamma-uwt.de\/fr\/wp-json\/wp\/v2\/product_tag?post=17795"}],"curies":[{"name":"wp","href":"https:\/\/api.w.org\/{rel}","templated":true}]}}