{"id":19853,"date":"2025-07-14T11:22:15","date_gmt":"2025-07-14T09:22:15","guid":{"rendered":"https:\/\/hamma-uwt.de\/produkt\/cle-de-bidon\/"},"modified":"2025-07-14T11:22:15","modified_gmt":"2025-07-14T09:22:15","slug":"cle-de-bidon","status":"publish","type":"product","link":"https:\/\/hamma-uwt.de\/fr\/produkt\/cle-de-bidon\/","title":{"rendered":"Cl\u00e9 de bidon"},"content":{"rendered":"<p>(les dimensions DIN et int\u00e9rieures sont donn\u00e9es \u00e0 titre indicatif et ne sont pas contraignantes)<\/p>\n","protected":false},"excerpt":{"rendered":"<p>pour ouvrir les bidons les plus courants<\/p>\n","protected":false},"featured_media":3870,"comment_status":"closed","ping_status":"closed","template":"","meta":{"_acf_changed":false},"product_brand":[],"product_cat":[904,905],"product_tag":[],"class_list":{"0":"post-19853","1":"product","2":"type-product","3":"status-publish","4":"has-post-thumbnail","6":"product_cat-cle-demballage","7":"product_cat-des-aides-puissantes","9":"first","10":"instock","11":"purchasable","12":"product-type-variable"},"acf":[],"_links":{"self":[{"href":"https:\/\/hamma-uwt.de\/fr\/wp-json\/wp\/v2\/product\/19853","targetHints":{"allow":["GET"]}}],"collection":[{"href":"https:\/\/hamma-uwt.de\/fr\/wp-json\/wp\/v2\/product"}],"about":[{"href":"https:\/\/hamma-uwt.de\/fr\/wp-json\/wp\/v2\/types\/product"}],"replies":[{"embeddable":true,"href":"https:\/\/hamma-uwt.de\/fr\/wp-json\/wp\/v2\/comments?post=19853"}],"wp:featuredmedia":[{"embeddable":true,"href":"https:\/\/hamma-uwt.de\/fr\/wp-json\/wp\/v2\/media\/3870"}],"wp:attachment":[{"href":"https:\/\/hamma-uwt.de\/fr\/wp-json\/wp\/v2\/media?parent=19853"}],"wp:term":[{"taxonomy":"product_brand","embeddable":true,"href":"https:\/\/hamma-uwt.de\/fr\/wp-json\/wp\/v2\/product_brand?post=19853"},{"taxonomy":"product_cat","embeddable":true,"href":"https:\/\/hamma-uwt.de\/fr\/wp-json\/wp\/v2\/product_cat?post=19853"},{"taxonomy":"product_tag","embeddable":true,"href":"https:\/\/hamma-uwt.de\/fr\/wp-json\/wp\/v2\/product_tag?post=19853"}],"curies":[{"name":"wp","href":"https:\/\/api.w.org\/{rel}","templated":true}]}}