{"id":20033,"date":"2025-07-14T11:22:15","date_gmt":"2025-07-14T09:22:15","guid":{"rendered":"https:\/\/hamma-uwt.de\/produkt\/cle-ibc\/"},"modified":"2025-07-14T11:22:15","modified_gmt":"2025-07-14T09:22:15","slug":"cle-ibc","status":"publish","type":"product","link":"https:\/\/hamma-uwt.de\/fr\/produkt\/cle-ibc\/","title":{"rendered":"Cl\u00e9 IBC"},"content":{"rendered":"<p>Cl\u00e9 IBC pour ouvrir rapidement et facilement vos conteneurs<\/p>\n<p>Avec la cl\u00e9 IBC, vous ouvrez et fermez vos conteneurs IBC en un tour de main et sans grand effort gr\u00e2ce \u00e0 l&rsquo;effet de levier. La forme optimale en acier inoxydable robuste, garantit une ouverture tr\u00e8s simple, confortable et ergonomique de vos conteneurs IBC et bidons. Les deux ouvreurs sont faciles \u00e0 ranger gr\u00e2ce \u00e0 leur trou de fixation bien plac\u00e9 et sont rapidement disponibles en cas de besoin.  <\/p>\n<p>Vos avantages<\/p>\n<ul>\n<li>Ouverture facile gr\u00e2ce \u00e0 une conception optimale<\/li>\n<li>Effet de levier<\/li>\n<li>finition en acier inoxydable de haute qualit\u00e9<\/li>\n<li>robuste et pratique<\/li>\n<li>design compact<\/li>\n<li>ergonomique<\/li>\n<\/ul>\n","protected":false},"excerpt":{"rendered":"<p>pour ouvrir les conteneurs IBC<\/p>\n","protected":false},"featured_media":3862,"comment_status":"closed","ping_status":"closed","template":"","meta":{"_acf_changed":false},"product_brand":[],"product_cat":[796,904,905],"product_tag":[],"class_list":{"0":"post-20033","1":"product","2":"type-product","3":"status-publish","4":"has-post-thumbnail","6":"product_cat-accessoires-misceo","7":"product_cat-cle-demballage","8":"product_cat-des-aides-puissantes","10":"first","11":"instock","12":"purchasable","13":"product-type-variable"},"acf":[],"_links":{"self":[{"href":"https:\/\/hamma-uwt.de\/fr\/wp-json\/wp\/v2\/product\/20033","targetHints":{"allow":["GET"]}}],"collection":[{"href":"https:\/\/hamma-uwt.de\/fr\/wp-json\/wp\/v2\/product"}],"about":[{"href":"https:\/\/hamma-uwt.de\/fr\/wp-json\/wp\/v2\/types\/product"}],"replies":[{"embeddable":true,"href":"https:\/\/hamma-uwt.de\/fr\/wp-json\/wp\/v2\/comments?post=20033"}],"wp:featuredmedia":[{"embeddable":true,"href":"https:\/\/hamma-uwt.de\/fr\/wp-json\/wp\/v2\/media\/3862"}],"wp:attachment":[{"href":"https:\/\/hamma-uwt.de\/fr\/wp-json\/wp\/v2\/media?parent=20033"}],"wp:term":[{"taxonomy":"product_brand","embeddable":true,"href":"https:\/\/hamma-uwt.de\/fr\/wp-json\/wp\/v2\/product_brand?post=20033"},{"taxonomy":"product_cat","embeddable":true,"href":"https:\/\/hamma-uwt.de\/fr\/wp-json\/wp\/v2\/product_cat?post=20033"},{"taxonomy":"product_tag","embeddable":true,"href":"https:\/\/hamma-uwt.de\/fr\/wp-json\/wp\/v2\/product_tag?post=20033"}],"curies":[{"name":"wp","href":"https:\/\/api.w.org\/{rel}","templated":true}]}}