{"id":20093,"date":"2025-07-14T11:22:15","date_gmt":"2025-07-14T09:22:15","guid":{"rendered":"https:\/\/hamma-uwt.de\/produkt\/copeauxmaxx\/"},"modified":"2025-07-14T11:22:15","modified_gmt":"2025-07-14T09:22:15","slug":"copeauxmaxx","status":"publish","type":"product","link":"https:\/\/hamma-uwt.de\/fr\/produkt\/copeauxmaxx\/","title":{"rendered":"Copeauxmaxx"},"content":{"rendered":"<p>Gr\u00e2ce \u00e0 son aimant puissant et \u00e0 sa grande capacit\u00e9 d&rsquo;absorption, le Sp\u00e4nemaxx vous permet de nettoyer votre r\u00e9servoir de liquide de coupe, votre machine et votre environnement de travail rapidement, facilement et de mani\u00e8re fiable. Gr\u00e2ce \u00e0 la poign\u00e9e pratique, vous tenez fermement le Sp\u00e4nemaxx en main et pouvez le diriger en toute s\u00e9curit\u00e9 vers les copeaux et les attirer. En tirant sur le poussoir, le magn\u00e9tisme dispara\u00eet et les copeaux attir\u00e9s tombent simplement. En particulier, un r\u00e9servoir de liquide de coupe nettoy\u00e9 pr\u00e9serve la qualit\u00e9 de votre liquide de coupe, vous fait \u00e9conomiser des co\u00fbts de machines et d&rsquo;outils et maintient l&rsquo;hygi\u00e8ne de votre environnement de travail.    De la m\u00eame mani\u00e8re, le Sp\u00e4nemaxx vous aide \u00e0 ramasser les petits objets magn\u00e9tiques et \u00e0 s\u00e9parer les pi\u00e8ces industrielles magn\u00e9tiques et non magn\u00e9tiques.<\/p>\n<p>Le Sp\u00e4nemaxx est disponible en cinq longueurs diff\u00e9rentes, vous avez donc toujours le Sp\u00e4nemaxx qui convient \u00e0 votre application.<\/p>\n","protected":false},"excerpt":{"rendered":"<p>Barre magn\u00e9tique pour retirer\/s\u00e9parer les pi\u00e8ces magn\u00e9tiques<\/p>\n","protected":false},"featured_media":3833,"comment_status":"closed","ping_status":"closed","template":"","meta":{"_acf_changed":false},"product_brand":[],"product_cat":[905,952],"product_tag":[],"class_list":{"0":"post-20093","1":"product","2":"type-product","3":"status-publish","4":"has-post-thumbnail","6":"product_cat-des-aides-puissantes","7":"product_cat-maxx-de-copeaux-et-balai-magnetique","9":"first","10":"instock","11":"purchasable","12":"product-type-variable"},"acf":[],"_links":{"self":[{"href":"https:\/\/hamma-uwt.de\/fr\/wp-json\/wp\/v2\/product\/20093","targetHints":{"allow":["GET"]}}],"collection":[{"href":"https:\/\/hamma-uwt.de\/fr\/wp-json\/wp\/v2\/product"}],"about":[{"href":"https:\/\/hamma-uwt.de\/fr\/wp-json\/wp\/v2\/types\/product"}],"replies":[{"embeddable":true,"href":"https:\/\/hamma-uwt.de\/fr\/wp-json\/wp\/v2\/comments?post=20093"}],"wp:featuredmedia":[{"embeddable":true,"href":"https:\/\/hamma-uwt.de\/fr\/wp-json\/wp\/v2\/media\/3833"}],"wp:attachment":[{"href":"https:\/\/hamma-uwt.de\/fr\/wp-json\/wp\/v2\/media?parent=20093"}],"wp:term":[{"taxonomy":"product_brand","embeddable":true,"href":"https:\/\/hamma-uwt.de\/fr\/wp-json\/wp\/v2\/product_brand?post=20093"},{"taxonomy":"product_cat","embeddable":true,"href":"https:\/\/hamma-uwt.de\/fr\/wp-json\/wp\/v2\/product_cat?post=20093"},{"taxonomy":"product_tag","embeddable":true,"href":"https:\/\/hamma-uwt.de\/fr\/wp-json\/wp\/v2\/product_tag?post=20093"}],"curies":[{"name":"wp","href":"https:\/\/api.w.org\/{rel}","templated":true}]}}