{"id":20418,"date":"2025-07-14T11:22:19","date_gmt":"2025-07-14T09:22:19","guid":{"rendered":"https:\/\/hamma-uwt.de\/produkt\/unite-de-ventilation\/"},"modified":"2025-07-14T11:22:19","modified_gmt":"2025-07-14T09:22:19","slug":"unite-de-ventilation","status":"publish","type":"product","link":"https:\/\/hamma-uwt.de\/fr\/produkt\/unite-de-ventilation\/","title":{"rendered":"Unit\u00e9 de ventilation"},"content":{"rendered":"<p>Plaques d&rsquo;a\u00e9ration diam\u00e8tre 132 mm<\/p>\n","protected":false},"excerpt":{"rendered":"<p>Accessoires MICRO<\/p>\n","protected":false},"featured_media":3440,"comment_status":"closed","ping_status":"closed","template":"","meta":{"_acf_changed":false},"product_brand":[],"product_cat":[757],"product_tag":[],"class_list":{"0":"post-20418","1":"product","2":"type-product","3":"status-publish","4":"has-post-thumbnail","6":"product_cat-accessoires-micro","8":"first","9":"instock","10":"purchasable","11":"product-type-variable"},"acf":[],"_links":{"self":[{"href":"https:\/\/hamma-uwt.de\/fr\/wp-json\/wp\/v2\/product\/20418","targetHints":{"allow":["GET"]}}],"collection":[{"href":"https:\/\/hamma-uwt.de\/fr\/wp-json\/wp\/v2\/product"}],"about":[{"href":"https:\/\/hamma-uwt.de\/fr\/wp-json\/wp\/v2\/types\/product"}],"replies":[{"embeddable":true,"href":"https:\/\/hamma-uwt.de\/fr\/wp-json\/wp\/v2\/comments?post=20418"}],"wp:featuredmedia":[{"embeddable":true,"href":"https:\/\/hamma-uwt.de\/fr\/wp-json\/wp\/v2\/media\/3440"}],"wp:attachment":[{"href":"https:\/\/hamma-uwt.de\/fr\/wp-json\/wp\/v2\/media?parent=20418"}],"wp:term":[{"taxonomy":"product_brand","embeddable":true,"href":"https:\/\/hamma-uwt.de\/fr\/wp-json\/wp\/v2\/product_brand?post=20418"},{"taxonomy":"product_cat","embeddable":true,"href":"https:\/\/hamma-uwt.de\/fr\/wp-json\/wp\/v2\/product_cat?post=20418"},{"taxonomy":"product_tag","embeddable":true,"href":"https:\/\/hamma-uwt.de\/fr\/wp-json\/wp\/v2\/product_tag?post=20418"}],"curies":[{"name":"wp","href":"https:\/\/api.w.org\/{rel}","templated":true}]}}