{"id":20727,"date":"2025-07-14T11:22:24","date_gmt":"2025-07-14T09:22:24","guid":{"rendered":"https:\/\/hamma-uwt.de\/produkt\/systeme-de-soins-petit\/"},"modified":"2026-03-16T15:52:02","modified_gmt":"2026-03-16T14:52:02","slug":"systeme-de-soins-petit","status":"publish","type":"product","link":"https:\/\/hamma-uwt.de\/fr\/produkt\/systeme-de-soins-petit\/","title":{"rendered":"Syst\u00e8me de soins petit"},"content":{"rendered":"<p>Le pack sans souci pour un liquide de refroidissement propre et performant pour les machines de petite et moyenne taille est simple \u00e0 installer et \u00e0 utiliser, tout en \u00e9tant extr\u00eamement efficace en termes de performances.<\/p>\n<p>Les \u00e9cumeurs d&rsquo;huile Rapid et les micro-a\u00e9rateurs pr\u00e9servent la qualit\u00e9 de votre liquide de coupe sur une p\u00e9riode consid\u00e9rablement plus longue. Des vitesses de coupe plus \u00e9lev\u00e9es, une dur\u00e9e de vie plus longue de vos outils et machines en sont les cons\u00e9quences : vous vivez plus sainement, r\u00e9alisez rapidement d&rsquo;importantes \u00e9conomies et \u00eates \u00e9pargn\u00e9 par les mauvaises odeurs. <\/p>\n<p>Le micro-a\u00e9rateur Mikro assure un apport suffisant en oxyg\u00e8ne gr\u00e2ce \u00e0 de minuscules bulles d&rsquo;air. Les propri\u00e9t\u00e9s hygi\u00e9niques du fluide sont consid\u00e9rablement am\u00e9lior\u00e9es. Les particules en suspension sont transport\u00e9es \u00e0 la surface et peuvent \u00eatre \u00e9vacu\u00e9es par l&rsquo;\u00e9cumeur d&rsquo;huile Rapid. Pendant la phase d&rsquo;entretien de votre liquide de refroidissement, l&rsquo;\u00e9cumeur d&rsquo;huile Rapid \u00e9limine les huiles flottantes ind\u00e9sirables, les savons calcaires et les particules en suspension. Les performances de votre liquide de refroidissement augmentent et vous produisez de mani\u00e8re plus s\u00fbre, plus rapide et plus efficace.    <\/p>\n","protected":false},"excerpt":{"rendered":"<p>sans console, pour les conteneurs jusqu&rsquo;\u00e0 2<sup>m2<\/sup> de surface \/ volume jusqu&rsquo;\u00e0 1000 l<\/p>\n","protected":false},"featured_media":23345,"comment_status":"closed","ping_status":"closed","template":"","meta":{"_acf_changed":false},"product_brand":[],"product_cat":[942],"product_tag":[],"class_list":{"0":"post-20727","1":"product","2":"type-product","3":"status-publish","4":"has-post-thumbnail","6":"product_cat-biobalance","8":"first","9":"instock","10":"purchasable","11":"product-type-simple"},"acf":[],"_links":{"self":[{"href":"https:\/\/hamma-uwt.de\/fr\/wp-json\/wp\/v2\/product\/20727","targetHints":{"allow":["GET"]}}],"collection":[{"href":"https:\/\/hamma-uwt.de\/fr\/wp-json\/wp\/v2\/product"}],"about":[{"href":"https:\/\/hamma-uwt.de\/fr\/wp-json\/wp\/v2\/types\/product"}],"replies":[{"embeddable":true,"href":"https:\/\/hamma-uwt.de\/fr\/wp-json\/wp\/v2\/comments?post=20727"}],"wp:featuredmedia":[{"embeddable":true,"href":"https:\/\/hamma-uwt.de\/fr\/wp-json\/wp\/v2\/media\/23345"}],"wp:attachment":[{"href":"https:\/\/hamma-uwt.de\/fr\/wp-json\/wp\/v2\/media?parent=20727"}],"wp:term":[{"taxonomy":"product_brand","embeddable":true,"href":"https:\/\/hamma-uwt.de\/fr\/wp-json\/wp\/v2\/product_brand?post=20727"},{"taxonomy":"product_cat","embeddable":true,"href":"https:\/\/hamma-uwt.de\/fr\/wp-json\/wp\/v2\/product_cat?post=20727"},{"taxonomy":"product_tag","embeddable":true,"href":"https:\/\/hamma-uwt.de\/fr\/wp-json\/wp\/v2\/product_tag?post=20727"}],"curies":[{"name":"wp","href":"https:\/\/api.w.org\/{rel}","templated":true}]}}