{"id":6989,"date":"2025-08-27T11:41:47","date_gmt":"2025-08-27T09:41:47","guid":{"rendered":"https:\/\/hamma-uwt.de\/tartozekok\/magneses-sepru\/"},"modified":"2026-03-04T10:07:18","modified_gmt":"2026-03-04T09:07:18","slug":"magneses-sepru","status":"publish","type":"page","link":"https:\/\/hamma-uwt.de\/hu\/termekek\/tartozekok\/magneses-sepru\/","title":{"rendered":"M\u00e1gneses sepr\u0171"},"content":{"rendered":"\t\t<div data-elementor-type=\"wp-page\" data-elementor-id=\"6989\" class=\"elementor elementor-6989 elementor-2671\" data-elementor-post-type=\"page\">\n\t\t\t\t<div class=\"elementor-element elementor-element-b68cdb9 e-flex e-con-boxed e-con e-parent\" data-id=\"b68cdb9\" data-element_type=\"container\" data-e-type=\"container\" data-settings=\"{&quot;jet_parallax_layout_list&quot;:[]}\">\n\t\t\t\t\t<div class=\"e-con-inner\">\n\t\t\t\t<div class=\"elementor-element elementor-element-d82a7ed elementor-widget elementor-widget-heading\" data-id=\"d82a7ed\" data-element_type=\"widget\" data-e-type=\"widget\" data-widget_type=\"heading.default\">\n\t\t\t\t\t<h1 class=\"elementor-heading-title elementor-size-default\">M\u00e1gneses sepr\u0171 teleszk\u00f3pos ny\u00e9llel<\/h1>\t\t\t\t<\/div>\n\t\t\t\t\t<\/div>\n\t\t\t\t<\/div>\n\t\t<div class=\"elementor-element elementor-element-3479357 e-flex e-con-boxed e-con e-parent\" data-id=\"3479357\" data-element_type=\"container\" data-e-type=\"container\" data-settings=\"{&quot;jet_parallax_layout_list&quot;:[]}\">\n\t\t\t\t\t<div class=\"e-con-inner\">\n\t\t<div class=\"elementor-element elementor-element-6e8930d e-con-full e-flex e-con e-child\" data-id=\"6e8930d\" data-element_type=\"container\" data-e-type=\"container\" data-settings=\"{&quot;jet_parallax_layout_list&quot;:[]}\">\n\t\t\t\t<div class=\"elementor-element elementor-element-4839678 elementor-widget__width-initial elementor-widget elementor-widget-text-editor\" data-id=\"4839678\" data-element_type=\"widget\" data-e-type=\"widget\" data-widget_type=\"text-editor.default\">\n\t\t\t\t\t\t\t\t\t<p>A m\u00e1gneses sepr\u0171vel gyorsan, egyszer\u0171en \u00e9s megb\u00edzhat\u00f3an tiszt\u00edthatja meg padl\u00f3fel\u00fcleteit \u00e9s munkak\u00f6rnyezet\u00e9t. A tiszta padl\u00f3fel\u00fclet n\u00f6veli a v\u00e1llalat min\u0151s\u00e9g\u00e9t \u00e9s biztons\u00e1g\u00e1t, valamint tiszt\u00e1n \u00e9s higi\u00e9nikusan tartja munkak\u00f6rnyezet\u00e9t. <\/p><p>A m\u00e1gneses sepr\u0171 seg\u00edt az apr\u00f3 m\u00e1gneses t\u00e1rgyak felszed\u00e9s\u00e9ben \u00e9s a m\u00e1gneses \u00e9s nem m\u00e1gneses ipari alkatr\u00e9szek sz\u00e9tv\u00e1laszt\u00e1s\u00e1ban is.<\/p>\t\t\t\t\t\t\t\t<\/div>\n\t\t<div class=\"elementor-element elementor-element-a517e34 e-con-full e-flex e-con e-child\" data-id=\"a517e34\" data-element_type=\"container\" data-e-type=\"container\" data-settings=\"{&quot;background_background&quot;:&quot;classic&quot;,&quot;jet_parallax_layout_list&quot;:[]}\">\n\t\t\t\t<div class=\"elementor-element elementor-element-ed6368a elementor-widget__width-inherit elementor-widget elementor-widget-heading\" data-id=\"ed6368a\" data-element_type=\"widget\" data-e-type=\"widget\" data-widget_type=\"heading.default\">\n\t\t\t\t\t<h3 class=\"elementor-heading-title elementor-size-default\">Az \u00d6n el\u0151nyei<\/h3>\t\t\t\t<\/div>\n\t\t\t\t<div class=\"elementor-element elementor-element-2c08279 elementor-align-start elementor-widget__width-inherit elementor-icon-list--layout-traditional elementor-list-item-link-full_width elementor-widget elementor-widget-icon-list\" data-id=\"2c08279\" data-element_type=\"widget\" data-e-type=\"widget\" data-widget_type=\"icon-list.default\">\n\t\t\t\t\t\t\t<ul class=\"elementor-icon-list-items\">\n\t\t\t\t\t\t\t<li class=\"elementor-icon-list-item\">\n\t\t\t\t\t\t\t\t\t\t\t<span class=\"elementor-icon-list-icon\">\n\t\t\t\t\t\t\t<svg xmlns=\"http:\/\/www.w3.org\/2000\/svg\" viewBox=\"0 0 448 512\"><path d=\"M447.9 142.5l-23.2 22L181 395.3l-22 20.8-22-20.8L23.2 287.6 0 265.6l44-46.5 23.2 22L159 328 380.7 118l23.2-22 44 46.5z\"><\/path><\/svg>\t\t\t\t\t\t<\/span>\n\t\t\t\t\t\t\t\t\t\t<span class=\"elementor-icon-list-text\">Gyors \u00e9s egyszer\u0171 tiszt\u00edt\u00e1s az er\u0151s m\u00e1gneseknek k\u00f6sz\u00f6nhet\u0151en<\/span>\n\t\t\t\t\t\t\t\t\t<\/li>\n\t\t\t\t\t\t\t\t<li class=\"elementor-icon-list-item\">\n\t\t\t\t\t\t\t\t\t\t\t<span class=\"elementor-icon-list-icon\">\n\t\t\t\t\t\t\t<svg xmlns=\"http:\/\/www.w3.org\/2000\/svg\" viewBox=\"0 0 448 512\"><path d=\"M447.9 142.5l-23.2 22L181 395.3l-22 20.8-22-20.8L23.2 287.6 0 265.6l44-46.5 23.2 22L159 328 380.7 118l23.2-22 44 46.5z\"><\/path><\/svg>\t\t\t\t\t\t<\/span>\n\t\t\t\t\t\t\t\t\t\t<span class=\"elementor-icon-list-text\">Rugalmas haszn\u00e1lat<\/span>\n\t\t\t\t\t\t\t\t\t<\/li>\n\t\t\t\t\t\t\t\t<li class=\"elementor-icon-list-item\">\n\t\t\t\t\t\t\t\t\t\t\t<span class=\"elementor-icon-list-icon\">\n\t\t\t\t\t\t\t<svg xmlns=\"http:\/\/www.w3.org\/2000\/svg\" viewBox=\"0 0 448 512\"><path d=\"M447.9 142.5l-23.2 22L181 395.3l-22 20.8-22-20.8L23.2 287.6 0 265.6l44-46.5 23.2 22L159 328 380.7 118l23.2-22 44 46.5z\"><\/path><\/svg>\t\t\t\t\t\t<\/span>\n\t\t\t\t\t\t\t\t\t\t<span class=\"elementor-icon-list-text\">Er\u0151teljes \u00e9s hat\u00e9kony\nA forg\u00e1cs elt\u00e1vol\u00edt\u00e1sa<\/span>\n\t\t\t\t\t\t\t\t\t<\/li>\n\t\t\t\t\t\t\t\t<li class=\"elementor-icon-list-item\">\n\t\t\t\t\t\t\t\t\t\t\t<span class=\"elementor-icon-list-icon\">\n\t\t\t\t\t\t\t<svg xmlns=\"http:\/\/www.w3.org\/2000\/svg\" viewBox=\"0 0 448 512\"><path d=\"M447.9 142.5l-23.2 22L181 395.3l-22 20.8-22-20.8L23.2 287.6 0 265.6l44-46.5 23.2 22L159 328 380.7 118l23.2-22 44 46.5z\"><\/path><\/svg>\t\t\t\t\t\t<\/span>\n\t\t\t\t\t\t\t\t\t\t<span class=\"elementor-icon-list-text\">Ergonomikus foganty\u00fa \u00e9s kompakt<\/span>\n\t\t\t\t\t\t\t\t\t<\/li>\n\t\t\t\t\t\t\t\t<li class=\"elementor-icon-list-item\">\n\t\t\t\t\t\t\t\t\t\t\t<span class=\"elementor-icon-list-icon\">\n\t\t\t\t\t\t\t<svg xmlns=\"http:\/\/www.w3.org\/2000\/svg\" viewBox=\"0 0 448 512\"><path d=\"M447.9 142.5l-23.2 22L181 395.3l-22 20.8-22-20.8L23.2 287.6 0 265.6l44-46.5 23.2 22L159 328 380.7 118l23.2-22 44 46.5z\"><\/path><\/svg>\t\t\t\t\t\t<\/span>\n\t\t\t\t\t\t\t\t\t\t<span class=\"elementor-icon-list-text\">A forg\u00e1csok elt\u00e1vol\u00edt\u00e1sa a padl\u00f3r\u00f3l lehajol\u00e1s n\u00e9lk\u00fcl<\/span>\n\t\t\t\t\t\t\t\t\t<\/li>\n\t\t\t\t\t\t\t\t<li class=\"elementor-icon-list-item\">\n\t\t\t\t\t\t\t\t\t\t\t<span class=\"elementor-icon-list-icon\">\n\t\t\t\t\t\t\t<svg xmlns=\"http:\/\/www.w3.org\/2000\/svg\" viewBox=\"0 0 448 512\"><path d=\"M447.9 142.5l-23.2 22L181 395.3l-22 20.8-22-20.8L23.2 287.6 0 265.6l44-46.5 23.2 22L159 328 380.7 118l23.2-22 44 46.5z\"><\/path><\/svg>\t\t\t\t\t\t<\/span>\n\t\t\t\t\t\t\t\t\t\t<span class=\"elementor-icon-list-text\">V\u00e1ltoz\u00f3 term\u00e9k minden alkalmaz\u00e1shoz<\/span>\n\t\t\t\t\t\t\t\t\t<\/li>\n\t\t\t\t\t\t<\/ul>\n\t\t\t\t\t\t<\/div>\n\t\t\t\t<div class=\"elementor-element elementor-element-97a2e51 elementor-widget elementor-widget-text-editor\" data-id=\"97a2e51\" data-element_type=\"widget\" data-e-type=\"widget\" data-widget_type=\"text-editor.default\">\n\t\t\t\t\t\t\t\t\t<p>A praktikus foganty\u00faval a m\u00e1gneses sepr\u0171t szil\u00e1rdan a kez\u00e9ben tarthatja, \u00e9s biztons\u00e1gosan a forg\u00e1csokhoz vezetheti \u00e9s vonzhatja azokat. A cs\u00faszka megh\u00faz\u00e1s\u00e1val a m\u00e1gnesess\u00e9g megsz\u0171nik, \u00e9s a vonzott forg\u00e1csok egyszer\u0171en leesnek. <\/p>\t\t\t\t\t\t\t\t<\/div>\n\t\t<div class=\"elementor-element elementor-element-d80e11e e-con-full e-flex e-con e-child\" data-id=\"d80e11e\" data-element_type=\"container\" data-e-type=\"container\" data-settings=\"{&quot;jet_parallax_layout_list&quot;:[]}\">\n\t\t\t\t<div class=\"elementor-element elementor-element-6e85183 elementor-widget elementor-widget-image\" data-id=\"6e85183\" data-element_type=\"widget\" data-e-type=\"widget\" data-widget_type=\"image.default\">\n\t\t\t\t\t\t\t\t\t\t\t\t\t\t\t<img decoding=\"async\" src=\"https:\/\/hamma-uwt.de\/wp-content\/plugins\/elementor\/assets\/images\/placeholder.png\" title=\"\" alt=\"\" loading=\"lazy\" \/>\t\t\t\t\t\t\t\t\t\t\t\t\t\t\t<\/div>\n\t\t\t\t<div class=\"elementor-element elementor-element-1eaaa23 elementor-widget elementor-widget-heading\" data-id=\"1eaaa23\" data-element_type=\"widget\" data-e-type=\"widget\" data-widget_type=\"heading.default\">\n\t\t\t\t\t<h6 class=\"elementor-heading-title elementor-size-default\">Amikor a cs\u00faszka a munkapoz\u00edci\u00f3ban van\n, a r\u00fad m\u00e1gneses.<\/h6>\t\t\t\t<\/div>\n\t\t\t\t<\/div>\n\t\t<div class=\"elementor-element elementor-element-1d30320 e-con-full e-flex e-con e-child\" data-id=\"1d30320\" data-element_type=\"container\" data-e-type=\"container\" data-settings=\"{&quot;jet_parallax_layout_list&quot;:[]}\">\n\t\t\t\t<div class=\"elementor-element elementor-element-ff3c606 elementor-widget__width-initial elementor-widget elementor-widget-image\" data-id=\"ff3c606\" data-element_type=\"widget\" data-e-type=\"widget\" data-widget_type=\"image.default\">\n\t\t\t\t\t\t\t\t\t\t\t\t\t\t\t<img decoding=\"async\" src=\"https:\/\/hamma-uwt.de\/wp-content\/plugins\/elementor\/assets\/images\/placeholder.png\" title=\"\" alt=\"\" loading=\"lazy\" \/>\t\t\t\t\t\t\t\t\t\t\t\t\t\t\t<\/div>\n\t\t\t\t<div class=\"elementor-element elementor-element-5975d59 elementor-widget elementor-widget-heading\" data-id=\"5975d59\" data-element_type=\"widget\" data-e-type=\"widget\" data-widget_type=\"heading.default\">\n\t\t\t\t\t<h6 class=\"elementor-heading-title elementor-size-default\">A sepr\u0171 nem m\u00e1gneses, ha a cs\u00faszka\nki van h\u00fazva.<\/h6>\t\t\t\t<\/div>\n\t\t\t\t<\/div>\n\t\t\t\t<\/div>\n\t\t\t\t<\/div>\n\t\t<div class=\"elementor-element elementor-element-02ceddd e-con-full e-flex e-con e-child\" data-id=\"02ceddd\" data-element_type=\"container\" data-e-type=\"container\" data-settings=\"{&quot;jet_parallax_layout_list&quot;:[],&quot;sticky&quot;:&quot;top&quot;,&quot;sticky_offset&quot;:150,&quot;sticky_parent&quot;:&quot;yes&quot;,&quot;sticky_on&quot;:[&quot;desktop&quot;,&quot;laptop&quot;,&quot;tablet_extra&quot;,&quot;tablet&quot;,&quot;mobile_extra&quot;,&quot;mobile&quot;],&quot;sticky_effects_offset&quot;:0,&quot;sticky_anchor_link_offset&quot;:0}\">\n\t\t\t\t<div class=\"elementor-element elementor-element-6d88f3b elementor-widget elementor-widget-image\" data-id=\"6d88f3b\" data-element_type=\"widget\" data-e-type=\"widget\" data-widget_type=\"image.default\">\n\t\t\t\t\t\t\t\t\t\t\t\t\t\t\t<img fetchpriority=\"high\" decoding=\"async\" width=\"800\" height=\"800\" src=\"https:\/\/hamma-uwt.de\/wp-content\/uploads\/1103001-MAGNETBESEN-1024x1024.jpg\" class=\"attachment-large size-large wp-image-6990\" alt=\"\" srcset=\"https:\/\/hamma-uwt.de\/wp-content\/uploads\/1103001-MAGNETBESEN-1024x1024.jpg 1024w, https:\/\/hamma-uwt.de\/wp-content\/uploads\/1103001-MAGNETBESEN-300x300.jpg 300w, https:\/\/hamma-uwt.de\/wp-content\/uploads\/1103001-MAGNETBESEN-scaled-100x100.jpg 100w, https:\/\/hamma-uwt.de\/wp-content\/uploads\/1103001-MAGNETBESEN-scaled-600x600.jpg 600w, https:\/\/hamma-uwt.de\/wp-content\/uploads\/1103001-MAGNETBESEN-150x150.jpg 150w, https:\/\/hamma-uwt.de\/wp-content\/uploads\/1103001-MAGNETBESEN-768x768.jpg 768w, https:\/\/hamma-uwt.de\/wp-content\/uploads\/1103001-MAGNETBESEN-1536x1536.jpg 1536w, https:\/\/hamma-uwt.de\/wp-content\/uploads\/1103001-MAGNETBESEN-2048x2048.jpg 2048w\" sizes=\"(max-width: 800px) 100vw, 800px\" \/>\t\t\t\t\t\t\t\t\t\t\t\t\t\t\t<\/div>\n\t\t\t\t<div class=\"elementor-element elementor-element-394757e elementor-widget elementor-widget-button\" data-id=\"394757e\" data-element_type=\"widget\" data-e-type=\"widget\" data-widget_type=\"button.default\">\n\t\t\t\t\t\t\t\t\t\t<a class=\"elementor-button elementor-button-link elementor-size-sm\" href=\"\/produkte\/magnetbesen\">\n\t\t\t\t\t\t<span class=\"elementor-button-content-wrapper\">\n\t\t\t\t\t\t\t\t\t<span class=\"elementor-button-text\">A m\u00e1gneses sepr\u0171h\u00f6z<\/span>\n\t\t\t\t\t<\/span>\n\t\t\t\t\t<\/a>\n\t\t\t\t\t\t\t\t<\/div>\n\t\t\t\t<\/div>\n\t\t\t\t\t<\/div>\n\t\t\t\t<\/div>\n\t\t<div class=\"elementor-element elementor-element-115a0ff e-flex e-con-boxed e-con e-parent\" data-id=\"115a0ff\" data-element_type=\"container\" data-e-type=\"container\" data-settings=\"{&quot;jet_parallax_layout_list&quot;:[]}\">\n\t\t\t\t\t<div class=\"e-con-inner\">\n\t\t<div class=\"elementor-element elementor-element-a73d65b e-con-full e-flex e-con e-child\" data-id=\"a73d65b\" data-element_type=\"container\" data-e-type=\"container\" data-settings=\"{&quot;jet_parallax_layout_list&quot;:[]}\">\n\t\t\t\t<div class=\"elementor-element elementor-element-b09d209 elementor-widget__width-initial elementor-widget elementor-widget-text-editor\" data-id=\"b09d209\" data-element_type=\"widget\" data-e-type=\"widget\" data-widget_type=\"text-editor.default\">\n\t\t\t\t\t\t\t\t\t<p>A m\u00e1gneses sepr\u0171 a be\u00e9p\u00edtett teleszk\u00f3pos ny\u00e9llel meghosszabb\u00edthat\u00f3. Ez lehet\u0151v\u00e9 teszi, hogy a sepr\u0171 magass\u00e1g\u00e1t 800 mm-r\u0151l 1120 mm-es teljes magass\u00e1gra \u00e1ll\u00edtsa be, \u00e9s a m\u00e1gneses sepr\u0171t az \u00d6n egy\u00e9ni ig\u00e9nyeihez igaz\u00edtsa.   <\/p>\t\t\t\t\t\t\t\t<\/div>\n\t\t\t\t<div class=\"elementor-element elementor-element-ac3d5cf elementor-blockquote--skin-border elementor-widget elementor-widget-blockquote\" data-id=\"ac3d5cf\" data-element_type=\"widget\" data-e-type=\"widget\" data-widget_type=\"blockquote.default\">\n\t\t\t\t\t\t\t<blockquote class=\"elementor-blockquote\">\n\t\t\t<p class=\"elementor-blockquote__content\">\n\t\t\t\tFIGYELEM:\nA MAGNETBESEN-t nem haszn\u00e1lhatj\u00e1k m\u00e1gnesekre \u00e9rz\u00e9keny szem\u00e9lyek\n, fut\u00f3 g\u00e9peken vagy m\u00e1gnesekre \u00e9rz\u00e9keny t\u00e1rgyakon\n!\t\t\t<\/p>\n\t\t\t\t\t<\/blockquote>\n\t\t\t\t\t\t<\/div>\n\t\t\t\t<\/div>\n\t\t\t\t<div class=\"elementor-element elementor-element-c7a7072 elementor-widget__width-initial elementor-arrows-position-inside elementor-pagination-position-outside elementor-widget elementor-widget-image-carousel\" data-id=\"c7a7072\" data-element_type=\"widget\" data-e-type=\"widget\" data-settings=\"{&quot;slides_to_show&quot;:&quot;3&quot;,&quot;navigation&quot;:&quot;both&quot;,&quot;autoplay&quot;:&quot;yes&quot;,&quot;pause_on_hover&quot;:&quot;yes&quot;,&quot;pause_on_interaction&quot;:&quot;yes&quot;,&quot;autoplay_speed&quot;:5000,&quot;infinite&quot;:&quot;yes&quot;,&quot;speed&quot;:500}\" data-widget_type=\"image-carousel.default\">\n\t\t\t\t\t\t\t<div class=\"elementor-image-carousel-wrapper swiper\" role=\"region\" aria-roledescription=\"carousel\" aria-label=\"Bild Karussell\" dir=\"ltr\">\n\t\t\t<div class=\"elementor-image-carousel swiper-wrapper\" aria-live=\"off\">\n\t\t\t\t\t\t\t\t<div class=\"swiper-slide\" role=\"group\" aria-roledescription=\"slide\" aria-label=\"1 \/ 4\"><figure class=\"swiper-slide-inner\"><img decoding=\"async\" class=\"swiper-slide-image\" src=\"https:\/\/hamma-uwt.de\/wp-content\/uploads\/Hamma_Fasswagen_E-Drive_Blanko_2040050-8941-768x768.png\" alt=\"Hamma_Fasswagen_E-Drive_Blanko_2040050-8941\" \/><\/figure><\/div><div class=\"swiper-slide\" role=\"group\" aria-roledescription=\"slide\" aria-label=\"2 \/ 4\"><figure class=\"swiper-slide-inner\"><img decoding=\"async\" class=\"swiper-slide-image\" src=\"https:\/\/hamma-uwt.de\/wp-content\/uploads\/Hamma_Fasswagen_E-Drive_2040050-8916-768x768.png\" alt=\"Hamma_Fasswagen_E-Drive_2040050-8916\" \/><\/figure><\/div><div class=\"swiper-slide\" role=\"group\" aria-roledescription=\"slide\" aria-label=\"3 \/ 4\"><figure class=\"swiper-slide-inner\"><img decoding=\"async\" class=\"swiper-slide-image\" src=\"https:\/\/hamma-uwt.de\/wp-content\/uploads\/Hamma_Fasswagen_E-Drive_2040050-8913-768x768.png\" alt=\"Hamma_Fasswagen_E-Drive_2040050-8913\" \/><\/figure><\/div><div class=\"swiper-slide\" role=\"group\" aria-roledescription=\"slide\" aria-label=\"4 \/ 4\"><figure class=\"swiper-slide-inner\"><img decoding=\"async\" class=\"swiper-slide-image\" src=\"https:\/\/hamma-uwt.de\/wp-content\/uploads\/Hamma_Fasswagen_E-Drive_2040050-8911-768x768.png\" alt=\"Hamma_Fasswagen_E-Drive_2040050-8911\" \/><\/figure><\/div>\t\t\t<\/div>\n\t\t\t\t\t\t\t\t\t\t\t\t<div class=\"elementor-swiper-button elementor-swiper-button-prev\" role=\"button\" tabindex=\"0\">\n\t\t\t\t\t\t<svg aria-hidden=\"true\" class=\"e-font-icon-svg e-eicon-chevron-left\" viewBox=\"0 0 1000 1000\" xmlns=\"http:\/\/www.w3.org\/2000\/svg\"><path d=\"M646 125C629 125 613 133 604 142L308 442C296 454 292 471 292 487 292 504 296 521 308 533L604 854C617 867 629 875 646 875 663 875 679 871 692 858 704 846 713 829 713 812 713 796 708 779 692 767L438 487 692 225C700 217 708 204 708 187 708 171 704 154 692 142 675 129 663 125 646 125Z\"><\/path><\/svg>\t\t\t\t\t<\/div>\n\t\t\t\t\t<div class=\"elementor-swiper-button elementor-swiper-button-next\" role=\"button\" tabindex=\"0\">\n\t\t\t\t\t\t<svg aria-hidden=\"true\" class=\"e-font-icon-svg e-eicon-chevron-right\" viewBox=\"0 0 1000 1000\" xmlns=\"http:\/\/www.w3.org\/2000\/svg\"><path d=\"M696 533C708 521 713 504 713 487 713 471 708 454 696 446L400 146C388 133 375 125 354 125 338 125 325 129 313 142 300 154 292 171 292 187 292 204 296 221 308 233L563 492 304 771C292 783 288 800 288 817 288 833 296 850 308 863 321 871 338 875 354 875 371 875 388 867 400 854L696 533Z\"><\/path><\/svg>\t\t\t\t\t<\/div>\n\t\t\t\t\n\t\t\t\t\t\t\t\t\t<div class=\"swiper-pagination\"><\/div>\n\t\t\t\t\t\t\t\t\t<\/div>\n\t\t\t\t\t\t<\/div>\n\t\t\t\t\t<\/div>\n\t\t\t\t<\/div>\n\t\t<div class=\"elementor-element elementor-element-bcc2db5 e-flex e-con-boxed e-con e-parent\" data-id=\"bcc2db5\" data-element_type=\"container\" data-e-type=\"container\" data-settings=\"{&quot;jet_parallax_layout_list&quot;:[]}\">\n\t\t\t\t\t<div class=\"e-con-inner\">\n\t\t\t\t<div class=\"elementor-element elementor-element-5ee43a1 elementor-widget elementor-widget-spacer\" data-id=\"5ee43a1\" data-element_type=\"widget\" data-e-type=\"widget\" data-widget_type=\"spacer.default\">\n\t\t\t\t\t\t\t<div class=\"elementor-spacer\">\n\t\t\t<div class=\"elementor-spacer-inner\"><\/div>\n\t\t<\/div>\n\t\t\t\t\t\t<\/div>\n\t\t\t\t\t<\/div>\n\t\t\t\t<\/div>\n\t\t\t\t<\/div>\n\t\t","protected":false},"excerpt":{"rendered":"<p>M\u00e1gneses sepr\u0171 teleszk\u00f3pos ny\u00e9llel A m\u00e1gneses sepr\u0171vel gyorsan, egyszer\u0171en \u00e9s megb\u00edzhat\u00f3an tiszt\u00edthatja meg padl\u00f3fel\u00fcleteit \u00e9s munkak\u00f6rnyezet\u00e9t. A tiszta padl\u00f3fel\u00fclet n\u00f6veli a v\u00e1llalat min\u0151s\u00e9g\u00e9t \u00e9s biztons\u00e1g\u00e1t, valamint tiszt\u00e1n \u00e9s higi\u00e9nikusan tartja munkak\u00f6rnyezet\u00e9t. A m\u00e1gneses sepr\u0171 seg\u00edt az apr\u00f3 m\u00e1gneses t\u00e1rgyak felszed\u00e9s\u00e9ben \u00e9s a m\u00e1gneses \u00e9s nem m\u00e1gneses ipari alkatr\u00e9szek sz\u00e9tv\u00e1laszt\u00e1s\u00e1ban is. Az \u00d6n el\u0151nyei Gyors \u00e9s [&hellip;]<\/p>\n","protected":false},"author":4,"featured_media":0,"parent":6629,"menu_order":90,"comment_status":"closed","ping_status":"closed","template":"","meta":{"_acf_changed":false,"footnotes":""},"class_list":["post-6989","page","type-page","status-publish","hentry"],"acf":[],"_links":{"self":[{"href":"https:\/\/hamma-uwt.de\/hu\/wp-json\/wp\/v2\/pages\/6989","targetHints":{"allow":["GET"]}}],"collection":[{"href":"https:\/\/hamma-uwt.de\/hu\/wp-json\/wp\/v2\/pages"}],"about":[{"href":"https:\/\/hamma-uwt.de\/hu\/wp-json\/wp\/v2\/types\/page"}],"author":[{"embeddable":true,"href":"https:\/\/hamma-uwt.de\/hu\/wp-json\/wp\/v2\/users\/4"}],"replies":[{"embeddable":true,"href":"https:\/\/hamma-uwt.de\/hu\/wp-json\/wp\/v2\/comments?post=6989"}],"version-history":[{"count":1,"href":"https:\/\/hamma-uwt.de\/hu\/wp-json\/wp\/v2\/pages\/6989\/revisions"}],"predecessor-version":[{"id":6991,"href":"https:\/\/hamma-uwt.de\/hu\/wp-json\/wp\/v2\/pages\/6989\/revisions\/6991"}],"up":[{"embeddable":true,"href":"https:\/\/hamma-uwt.de\/hu\/wp-json\/wp\/v2\/pages\/6629"}],"wp:attachment":[{"href":"https:\/\/hamma-uwt.de\/hu\/wp-json\/wp\/v2\/media?parent=6989"}],"curies":[{"name":"wp","href":"https:\/\/api.w.org\/{rel}","templated":true}]}}