{"id":11608,"date":"2025-08-13T12:29:52","date_gmt":"2025-08-13T10:29:52","guid":{"rendered":"https:\/\/hamma-uwt.de\/produkt\/rapid-3-1\/"},"modified":"2025-08-13T12:29:52","modified_gmt":"2025-08-13T10:29:52","slug":"rapid-3-1","status":"publish","type":"product","link":"https:\/\/hamma-uwt.de\/hu\/produkt\/rapid-3-1\/","title":{"rendered":"RAPID 3.1"},"content":{"rendered":"<p>A Rapid 3.1 t\u00f6ml\u0151s szkimmerrel gyorsan \u00e9s egyszer\u0171en elt\u00e1vol\u00edthat\u00f3 az elhaszn\u00e1lt olaj a legfeljebb 15 m\u00b2 fel\u00fclet\u0171 g\u00e9pekr\u0151l. \u00dasz\u00f3t\u00f6ml\u0151j\u00e9vel k\u00fcl\u00f6n\u00f6sen alkalmas nagy \u00e9s\/vagy keskeny tart\u00e1lyokhoz. <\/p>\n","protected":false},"excerpt":{"rendered":"<p>70 \u00b0C-ig, 15 m\u00b2-ig terjed\u0151 fel\u00fcletek (szkimmer t\u00f6ml\u0151 n\u00e9lk\u00fcl)<\/p>\n","protected":false},"featured_media":4180,"comment_status":"closed","ping_status":"closed","template":"","meta":{"_acf_changed":false},"product_brand":[],"product_cat":[744],"product_tag":[],"class_list":{"0":"post-11608","1":"product","2":"type-product","3":"status-publish","4":"has-post-thumbnail","6":"product_cat-rapid-3-1","8":"first","9":"instock","10":"purchasable","11":"product-type-variable"},"acf":[],"_links":{"self":[{"href":"https:\/\/hamma-uwt.de\/hu\/wp-json\/wp\/v2\/product\/11608","targetHints":{"allow":["GET"]}}],"collection":[{"href":"https:\/\/hamma-uwt.de\/hu\/wp-json\/wp\/v2\/product"}],"about":[{"href":"https:\/\/hamma-uwt.de\/hu\/wp-json\/wp\/v2\/types\/product"}],"replies":[{"embeddable":true,"href":"https:\/\/hamma-uwt.de\/hu\/wp-json\/wp\/v2\/comments?post=11608"}],"wp:featuredmedia":[{"embeddable":true,"href":"https:\/\/hamma-uwt.de\/hu\/wp-json\/wp\/v2\/media\/4180"}],"wp:attachment":[{"href":"https:\/\/hamma-uwt.de\/hu\/wp-json\/wp\/v2\/media?parent=11608"}],"wp:term":[{"taxonomy":"product_brand","embeddable":true,"href":"https:\/\/hamma-uwt.de\/hu\/wp-json\/wp\/v2\/product_brand?post=11608"},{"taxonomy":"product_cat","embeddable":true,"href":"https:\/\/hamma-uwt.de\/hu\/wp-json\/wp\/v2\/product_cat?post=11608"},{"taxonomy":"product_tag","embeddable":true,"href":"https:\/\/hamma-uwt.de\/hu\/wp-json\/wp\/v2\/product_tag?post=11608"}],"curies":[{"name":"wp","href":"https:\/\/api.w.org\/{rel}","templated":true}]}}