{"id":11627,"date":"2025-12-18T12:02:17","date_gmt":"2025-12-18T11:02:17","guid":{"rendered":"https:\/\/hamma-uwt.de\/produkt\/rapid-1-1-konfigurator\/"},"modified":"2025-12-18T12:02:17","modified_gmt":"2025-12-18T11:02:17","slug":"rapid-1-1-konfigurator","status":"publish","type":"product","link":"https:\/\/hamma-uwt.de\/hu\/produkt\/rapid-1-1-konfigurator\/","title":{"rendered":"RAPID 1.1 - Konfigur\u00e1tor"},"content":{"rendered":"<p>Itt konfigur\u00e1lhatja a RAPID 1.1 alapvet\u0151 komponenseit a lek\u00e9rdez\u00e9shez.<\/p>\n","protected":false},"excerpt":{"rendered":"<p>Testre szabhatja RAPID 1.1 k\u00e9sz\u00fcl\u00e9k\u00e9t - t\u00f6k\u00e9letesen az \u00d6n m\u0171k\u00f6d\u00e9si k\u00f6r\u00fclm\u00e9nyeihez igazodva<\/p>\n","protected":false},"featured_media":4339,"comment_status":"closed","ping_status":"closed","template":"","meta":{"_acf_changed":false},"product_brand":[],"product_cat":[746],"product_tag":[],"class_list":{"0":"post-11627","1":"product","2":"type-product","3":"status-publish","4":"has-post-thumbnail","6":"product_cat-rapid-1-1","8":"first","9":"instock","10":"shipping-taxable","11":"product-type-grouped"},"acf":[],"_links":{"self":[{"href":"https:\/\/hamma-uwt.de\/hu\/wp-json\/wp\/v2\/product\/11627","targetHints":{"allow":["GET"]}}],"collection":[{"href":"https:\/\/hamma-uwt.de\/hu\/wp-json\/wp\/v2\/product"}],"about":[{"href":"https:\/\/hamma-uwt.de\/hu\/wp-json\/wp\/v2\/types\/product"}],"replies":[{"embeddable":true,"href":"https:\/\/hamma-uwt.de\/hu\/wp-json\/wp\/v2\/comments?post=11627"}],"wp:featuredmedia":[{"embeddable":true,"href":"https:\/\/hamma-uwt.de\/hu\/wp-json\/wp\/v2\/media\/4339"}],"wp:attachment":[{"href":"https:\/\/hamma-uwt.de\/hu\/wp-json\/wp\/v2\/media?parent=11627"}],"wp:term":[{"taxonomy":"product_brand","embeddable":true,"href":"https:\/\/hamma-uwt.de\/hu\/wp-json\/wp\/v2\/product_brand?post=11627"},{"taxonomy":"product_cat","embeddable":true,"href":"https:\/\/hamma-uwt.de\/hu\/wp-json\/wp\/v2\/product_cat?post=11627"},{"taxonomy":"product_tag","embeddable":true,"href":"https:\/\/hamma-uwt.de\/hu\/wp-json\/wp\/v2\/product_tag?post=11627"}],"curies":[{"name":"wp","href":"https:\/\/api.w.org\/{rel}","templated":true}]}}