{"id":11688,"date":"2025-07-14T12:06:49","date_gmt":"2025-07-14T10:06:49","guid":{"rendered":"https:\/\/hamma-uwt.de\/produkt\/csokulcs\/"},"modified":"2025-07-14T12:06:49","modified_gmt":"2025-07-14T10:06:49","slug":"csokulcs","status":"publish","type":"product","link":"https:\/\/hamma-uwt.de\/hu\/produkt\/csokulcs\/","title":{"rendered":"Cs\u0151kulcs"},"content":{"rendered":"<p>A dobkulccsal pillanatok alatt kinyithatja \u00e9s lez\u00e1rhatja dobjait. A be\u00e9p\u00edtett t\u00f6m\u00edt\u00e9selt\u00e1vol\u00edt\u00f3 k\u00f6nnyen \u00e9s biztons\u00e1gosan elt\u00e1vol\u00edtja a dobt\u00f6m\u00edt\u00e9seket. A k\u00e9zi hord\u00f3csavaroz\u00f3 optim\u00e1lis t\u0151ke\u00e1tt\u00e9telt biztos\u00edt a 200 literes ac\u00e9lhord\u00f3k biztons\u00e1gos<br \/>\nkinyit\u00e1s\u00e1hoz. A robusztus \u00e9s<br \/>\nedzett rozsdamentes ac\u00e9lb\u00f3l k\u00e9sz\u00fclt, optimaliz\u00e1lt kialak\u00edt\u00e1s\u00e1nak k\u00f6sz\u00f6nhet\u0151en nagyon tart\u00f3s \u00e9s k\u00f6nnyen haszn\u00e1lhat\u00f3.   <\/p>\n<p>A j\u00f3l elhelyezett r\u00f6gz\u00edt\u0151ny\u00edl\u00e1snak k\u00f6sz\u00f6nhet\u0151en a cs\u0151kulcs k\u00f6nnyen t\u00e1rolhat\u00f3.<\/p>\n<p>Az \u00d6n el\u0151nyei<\/p>\n<ul>\n<li>K\u00f6nny\u0171 nyit\u00e1s az optimaliz\u00e1lt<\/li>\n<li>H\u00e1tt\u00e9rhat\u00e1s<\/li>\n<li>Integr\u00e1lt t\u00f6m\u00edt\u00e9s elt\u00e1vol\u00edt\u00f3<\/li>\n<li>Kiv\u00e1l\u00f3 min\u0151s\u00e9g\u0171 rozsdamentes ac\u00e9l kivitel<\/li>\n<li>Robusztus \u00e9s praktikus<\/li>\n<li>Kompakt kialak\u00edt\u00e1s<\/li>\n<li>Ergonomikus foganty\u00fa<\/li>\n<\/ul>\n","protected":false},"excerpt":{"rendered":"<p>60 literes \u00e9s 200 literes hord\u00f3k felnyit\u00e1s\u00e1hoz<\/p>\n","protected":false},"featured_media":3850,"comment_status":"closed","ping_status":"closed","template":"","meta":{"_acf_changed":false},"product_brand":[],"product_cat":[789,788,787],"product_tag":[],"class_list":{"0":"post-11688","1":"product","2":"type-product","3":"status-publish","4":"has-post-thumbnail","6":"product_cat-eros-segitok","7":"product_cat-kontener-kulcs","8":"product_cat-misceo-tartozekok","10":"first","11":"instock","12":"purchasable","13":"product-type-simple"},"acf":[],"_links":{"self":[{"href":"https:\/\/hamma-uwt.de\/hu\/wp-json\/wp\/v2\/product\/11688","targetHints":{"allow":["GET"]}}],"collection":[{"href":"https:\/\/hamma-uwt.de\/hu\/wp-json\/wp\/v2\/product"}],"about":[{"href":"https:\/\/hamma-uwt.de\/hu\/wp-json\/wp\/v2\/types\/product"}],"replies":[{"embeddable":true,"href":"https:\/\/hamma-uwt.de\/hu\/wp-json\/wp\/v2\/comments?post=11688"}],"wp:featuredmedia":[{"embeddable":true,"href":"https:\/\/hamma-uwt.de\/hu\/wp-json\/wp\/v2\/media\/3850"}],"wp:attachment":[{"href":"https:\/\/hamma-uwt.de\/hu\/wp-json\/wp\/v2\/media?parent=11688"}],"wp:term":[{"taxonomy":"product_brand","embeddable":true,"href":"https:\/\/hamma-uwt.de\/hu\/wp-json\/wp\/v2\/product_brand?post=11688"},{"taxonomy":"product_cat","embeddable":true,"href":"https:\/\/hamma-uwt.de\/hu\/wp-json\/wp\/v2\/product_cat?post=11688"},{"taxonomy":"product_tag","embeddable":true,"href":"https:\/\/hamma-uwt.de\/hu\/wp-json\/wp\/v2\/product_tag?post=11688"}],"curies":[{"name":"wp","href":"https:\/\/api.w.org\/{rel}","templated":true}]}}