{"id":11818,"date":"2025-08-13T16:30:40","date_gmt":"2025-08-13T14:30:40","guid":{"rendered":"https:\/\/hamma-uwt.de\/produkt\/rapid-5-special\/"},"modified":"2025-08-13T16:30:40","modified_gmt":"2025-08-13T14:30:40","slug":"rapid-5-special","status":"publish","type":"product","link":"https:\/\/hamma-uwt.de\/hu\/produkt\/rapid-5-special\/","title":{"rendered":"RAPID 5 Special"},"content":{"rendered":"<p>A Rapid 5 Special egy \u00e1ll\u00edthat\u00f3 karral \u00e9s m\u00e1gnestart\u00f3val ell\u00e1tott \u00f6vleves lefejt\u0151, amely nagy teljes\u00edtm\u00e9ny\u0171v\u00e9, rugalmass\u00e1 \u00e9s k\u00f6nnyen haszn\u00e1lhat\u00f3v\u00e1 teszi, m\u00e9g a nehezen hozz\u00e1f\u00e9rhet\u0151 tart\u00e1lyok eset\u00e9ben is. Legfeljebb 2 m\u00b2-es fel\u00fcletek lemos\u00e1s\u00e1ra alkalmas. <\/p>\n","protected":false},"excerpt":{"rendered":"<p>Szalagos szkimmer forr\u00f3 k\u00f6zegekhez, 2 m\u00b2-ig terjed\u0151 fel\u00fcletekre, szkimmer szalagokkal egy\u00fctt <\/p>\n","protected":false},"featured_media":968,"comment_status":"closed","ping_status":"closed","template":"","meta":{"_acf_changed":false},"product_brand":[],"product_cat":[866],"product_tag":[],"class_list":{"0":"post-11818","1":"product","2":"type-product","3":"status-publish","4":"has-post-thumbnail","6":"product_cat-rapid-5","8":"first","9":"instock","10":"purchasable","11":"product-type-variable"},"acf":[],"_links":{"self":[{"href":"https:\/\/hamma-uwt.de\/hu\/wp-json\/wp\/v2\/product\/11818","targetHints":{"allow":["GET"]}}],"collection":[{"href":"https:\/\/hamma-uwt.de\/hu\/wp-json\/wp\/v2\/product"}],"about":[{"href":"https:\/\/hamma-uwt.de\/hu\/wp-json\/wp\/v2\/types\/product"}],"replies":[{"embeddable":true,"href":"https:\/\/hamma-uwt.de\/hu\/wp-json\/wp\/v2\/comments?post=11818"}],"wp:featuredmedia":[{"embeddable":true,"href":"https:\/\/hamma-uwt.de\/hu\/wp-json\/wp\/v2\/media\/968"}],"wp:attachment":[{"href":"https:\/\/hamma-uwt.de\/hu\/wp-json\/wp\/v2\/media?parent=11818"}],"wp:term":[{"taxonomy":"product_brand","embeddable":true,"href":"https:\/\/hamma-uwt.de\/hu\/wp-json\/wp\/v2\/product_brand?post=11818"},{"taxonomy":"product_cat","embeddable":true,"href":"https:\/\/hamma-uwt.de\/hu\/wp-json\/wp\/v2\/product_cat?post=11818"},{"taxonomy":"product_tag","embeddable":true,"href":"https:\/\/hamma-uwt.de\/hu\/wp-json\/wp\/v2\/product_tag?post=11818"}],"curies":[{"name":"wp","href":"https:\/\/api.w.org\/{rel}","templated":true}]}}