{"id":11837,"date":"2025-08-11T15:06:38","date_gmt":"2025-08-11T13:06:38","guid":{"rendered":"https:\/\/hamma-uwt.de\/produkt\/szivo-nyomotoemlo\/"},"modified":"2025-08-11T15:06:38","modified_gmt":"2025-08-11T13:06:38","slug":"szivo-nyomotoemlo","status":"publish","type":"product","link":"https:\/\/hamma-uwt.de\/hu\/produkt\/szivo-nyomotoemlo\/","title":{"rendered":"Sz\u00edv\u00f3-nyom\u00f3t\u00f6ml\u0151"},"content":{"rendered":"<p>16 x 3 mm-es sz\u00edv\u00f3- \u00e9s nyom\u00f3t\u00f6ml\u0151 PU-b\u00f3l, \u00e1tl\u00e1tsz\u00f3.<\/p>\n","protected":false},"excerpt":{"rendered":"<p>(m\u00e9terenk\u00e9nt) ac\u00e9lspir\u00e1llal, tartoz\u00e9k MISCEO 3<\/p>\n","protected":false},"featured_media":2045,"comment_status":"closed","ping_status":"closed","template":"","meta":{"_acf_changed":false},"product_brand":[],"product_cat":[787,885],"product_tag":[],"class_list":{"0":"post-11837","1":"product","2":"type-product","3":"status-publish","4":"has-post-thumbnail","6":"product_cat-misceo-tartozekok","7":"product_cat-toemlo","9":"first","10":"instock","11":"shipping-taxable","12":"purchasable","13":"product-type-simple"},"acf":[],"_links":{"self":[{"href":"https:\/\/hamma-uwt.de\/hu\/wp-json\/wp\/v2\/product\/11837","targetHints":{"allow":["GET"]}}],"collection":[{"href":"https:\/\/hamma-uwt.de\/hu\/wp-json\/wp\/v2\/product"}],"about":[{"href":"https:\/\/hamma-uwt.de\/hu\/wp-json\/wp\/v2\/types\/product"}],"replies":[{"embeddable":true,"href":"https:\/\/hamma-uwt.de\/hu\/wp-json\/wp\/v2\/comments?post=11837"}],"wp:featuredmedia":[{"embeddable":true,"href":"https:\/\/hamma-uwt.de\/hu\/wp-json\/wp\/v2\/media\/2045"}],"wp:attachment":[{"href":"https:\/\/hamma-uwt.de\/hu\/wp-json\/wp\/v2\/media?parent=11837"}],"wp:term":[{"taxonomy":"product_brand","embeddable":true,"href":"https:\/\/hamma-uwt.de\/hu\/wp-json\/wp\/v2\/product_brand?post=11837"},{"taxonomy":"product_cat","embeddable":true,"href":"https:\/\/hamma-uwt.de\/hu\/wp-json\/wp\/v2\/product_cat?post=11837"},{"taxonomy":"product_tag","embeddable":true,"href":"https:\/\/hamma-uwt.de\/hu\/wp-json\/wp\/v2\/product_tag?post=11837"}],"curies":[{"name":"wp","href":"https:\/\/api.w.org\/{rel}","templated":true}]}}