{"id":11839,"date":"2025-08-11T15:15:13","date_gmt":"2025-08-11T13:15:13","guid":{"rendered":"https:\/\/hamma-uwt.de\/produkt\/koncentratum-szivotoemlo\/"},"modified":"2025-08-11T15:15:13","modified_gmt":"2025-08-11T13:15:13","slug":"koncentratum-szivotoemlo","status":"publish","type":"product","link":"https:\/\/hamma-uwt.de\/hu\/produkt\/koncentratum-szivotoemlo\/","title":{"rendered":"Koncentr\u00e1tum sz\u00edv\u00f3t\u00f6ml\u0151"},"content":{"rendered":"<p>fekete, rugalmas, k\u00f6nnyen haszn\u00e1lhat\u00f3<\/p>\n","protected":false},"excerpt":{"rendered":"<p>(m\u00e9terenk\u00e9nt) Tartoz\u00e9kok MISCEO 3<\/p>\n","protected":false},"featured_media":2046,"comment_status":"closed","ping_status":"closed","template":"","meta":{"_acf_changed":false},"product_brand":[],"product_cat":[787,885],"product_tag":[],"class_list":{"0":"post-11839","1":"product","2":"type-product","3":"status-publish","4":"has-post-thumbnail","6":"product_cat-misceo-tartozekok","7":"product_cat-toemlo","9":"first","10":"instock","11":"shipping-taxable","12":"purchasable","13":"product-type-simple"},"acf":[],"_links":{"self":[{"href":"https:\/\/hamma-uwt.de\/hu\/wp-json\/wp\/v2\/product\/11839","targetHints":{"allow":["GET"]}}],"collection":[{"href":"https:\/\/hamma-uwt.de\/hu\/wp-json\/wp\/v2\/product"}],"about":[{"href":"https:\/\/hamma-uwt.de\/hu\/wp-json\/wp\/v2\/types\/product"}],"replies":[{"embeddable":true,"href":"https:\/\/hamma-uwt.de\/hu\/wp-json\/wp\/v2\/comments?post=11839"}],"wp:featuredmedia":[{"embeddable":true,"href":"https:\/\/hamma-uwt.de\/hu\/wp-json\/wp\/v2\/media\/2046"}],"wp:attachment":[{"href":"https:\/\/hamma-uwt.de\/hu\/wp-json\/wp\/v2\/media?parent=11839"}],"wp:term":[{"taxonomy":"product_brand","embeddable":true,"href":"https:\/\/hamma-uwt.de\/hu\/wp-json\/wp\/v2\/product_brand?post=11839"},{"taxonomy":"product_cat","embeddable":true,"href":"https:\/\/hamma-uwt.de\/hu\/wp-json\/wp\/v2\/product_cat?post=11839"},{"taxonomy":"product_tag","embeddable":true,"href":"https:\/\/hamma-uwt.de\/hu\/wp-json\/wp\/v2\/product_tag?post=11839"}],"curies":[{"name":"wp","href":"https:\/\/api.w.org\/{rel}","templated":true}]}}