{"id":11863,"date":"2025-08-15T08:33:10","date_gmt":"2025-08-15T06:33:10","guid":{"rendered":"https:\/\/hamma-uwt.de\/produkt\/test-eset\/"},"modified":"2025-08-15T08:33:10","modified_gmt":"2025-08-15T06:33:10","slug":"test-eset","status":"publish","type":"product","link":"https:\/\/hamma-uwt.de\/hu\/produkt\/test-eset\/","title":{"rendered":"TEST ESET"},"content":{"rendered":"<p>A t\u00f6bbi v\u00e1ltozat m\u00e9g t\u00f6bb lehet\u0151s\u00e9get k\u00edn\u00e1l a TRGS 611 m\u00e9r\u00e9sek nagyon egyszer\u0171, gyors \u00e9s prec\u00edz, legmagasabb szint\u0171 elv\u00e9gz\u00e9s\u00e9hez. A vezet\u0151k\u00e9pess\u00e9get \u00e9s a pH-\u00e9rt\u00e9ket digit\u00e1lisan is meghat\u00e1rozhatja, \u00e9s a digit\u00e1lis refraktom\u00e9terrel m\u00e9g t\u00f6bb m\u00e9r\u00e9si k\u00e9nyelmet teremthet. <\/p>\n<p>A teszteset seg\u00edts\u00e9g\u00e9vel ide\u00e1lisan felk\u00e9sz\u00fclt a h\u0171t\u0151 ken\u0151anyag m\u00e9r\u00e9seire. A h\u0171t\u0151 ken\u0151anyag adatai sokat el\u00e1rulnak az \u00d6n h\u0171t\u0151 ken\u0151anyag\u00e1nak min\u0151s\u00e9g\u00e9r\u0151l \u00e9s teljes\u00edtm\u00e9ny\u00e9r\u0151l. Folyamatos ellen\u0151rz\u00e9ssel \u00e9s helyes kezel\u00e9ssel a h\u0171t\u0151ken\u0151anyag\u00e1ban \u00f3ri\u00e1si teljes\u00edtm\u00e9ny- \u00e9s megtakar\u00edt\u00e1si potenci\u00e1l rejlik. A g\u00e9p- \u00e9s szersz\u00e1mk\u00f6lts\u00e9gek jelent\u0151sen cs\u00f6kkenthet\u0151k, higi\u00e9nikus k\u00f6rnyezetet hozhat l\u00e9tre, \u00e9s pontosan tudja, mikor van sz\u00fcks\u00e9g cser\u00e9re.   <\/p>\n<p>Az \u00d6n el\u0151nyei:<\/p>\n<ul>\n<li>Robusztus, kiv\u00e1l\u00f3 min\u0151s\u00e9g\u0171 \u00e9s kompakt<\/li>\n<li>Higi\u00e9nikus, egyszer\u0171 \u00e9s hat\u00e9kony<\/li>\n<li>megfelel a TRGS 611 szabv\u00e1nynak<\/li>\n<li>Stabil bioegyens\u00faly<\/li>\n<li>N\u00f6veli a teljes\u00edtm\u00e9nyt \u00e9s p\u00e9nzt takar\u00edt meg<\/li>\n<\/ul>\n","protected":false},"excerpt":{"rendered":"<p>A t\u00f6bbi v\u00e1ltozat m\u00e9g t\u00f6bb lehet\u0151s\u00e9get k\u00edn\u00e1l a TRGS 611 m\u00e9r\u00e9sek nagyon egyszer\u0171, gyors \u00e9s prec\u00edz, legmagasabb szint\u0171 elv\u00e9gz\u00e9s\u00e9hez. A vezet\u0151k\u00e9pess\u00e9get \u00e9s a pH-\u00e9rt\u00e9ket digit\u00e1lisan is meghat\u00e1rozhatja, \u00e9s a digit\u00e1lis refraktom\u00e9terrel m\u00e9g t\u00f6bb m\u00e9r\u00e9si k\u00e9nyelmet teremthet. A teszteset seg\u00edts\u00e9g\u00e9vel ide\u00e1lisan felk\u00e9sz\u00fclt a h\u0171t\u0151 ken\u0151anyag m\u00e9r\u00e9seire. A h\u0171t\u0151 ken\u0151anyag adatai sokat el\u00e1rulnak az \u00d6n h\u0171t\u0151 ken\u0151anyag\u00e1nak [&hellip;]<\/p>\n","protected":false},"featured_media":2037,"comment_status":"closed","ping_status":"closed","template":"","meta":{"_acf_changed":false},"product_brand":[],"product_cat":[895],"product_tag":[],"class_list":{"0":"post-11863","1":"product","2":"type-product","3":"status-publish","4":"has-post-thumbnail","6":"product_cat-tesztelesi-eset","8":"first","9":"instock","10":"shipping-taxable","11":"purchasable","12":"product-type-variable","13":"has-default-attributes"},"acf":[],"_links":{"self":[{"href":"https:\/\/hamma-uwt.de\/hu\/wp-json\/wp\/v2\/product\/11863","targetHints":{"allow":["GET"]}}],"collection":[{"href":"https:\/\/hamma-uwt.de\/hu\/wp-json\/wp\/v2\/product"}],"about":[{"href":"https:\/\/hamma-uwt.de\/hu\/wp-json\/wp\/v2\/types\/product"}],"replies":[{"embeddable":true,"href":"https:\/\/hamma-uwt.de\/hu\/wp-json\/wp\/v2\/comments?post=11863"}],"wp:featuredmedia":[{"embeddable":true,"href":"https:\/\/hamma-uwt.de\/hu\/wp-json\/wp\/v2\/media\/2037"}],"wp:attachment":[{"href":"https:\/\/hamma-uwt.de\/hu\/wp-json\/wp\/v2\/media?parent=11863"}],"wp:term":[{"taxonomy":"product_brand","embeddable":true,"href":"https:\/\/hamma-uwt.de\/hu\/wp-json\/wp\/v2\/product_brand?post=11863"},{"taxonomy":"product_cat","embeddable":true,"href":"https:\/\/hamma-uwt.de\/hu\/wp-json\/wp\/v2\/product_cat?post=11863"},{"taxonomy":"product_tag","embeddable":true,"href":"https:\/\/hamma-uwt.de\/hu\/wp-json\/wp\/v2\/product_tag?post=11863"}],"curies":[{"name":"wp","href":"https:\/\/api.w.org\/{rel}","templated":true}]}}