{"id":11959,"date":"2025-08-12T14:55:22","date_gmt":"2025-08-12T12:55:22","guid":{"rendered":"https:\/\/hamma-uwt.de\/produkt\/konzol-kompakt-plusz\/"},"modified":"2025-08-12T14:55:22","modified_gmt":"2025-08-12T12:55:22","slug":"konzol-kompakt-plusz","status":"publish","type":"product","link":"https:\/\/hamma-uwt.de\/hu\/produkt\/konzol-kompakt-plusz\/","title":{"rendered":"Konzol kompakt plusz"},"content":{"rendered":"<p>Biobalance Console Compact plus az \u00e1pol\u00e1si term\u00e9kek egyszer\u0171 telep\u00edt\u00e9s\u00e9hez \u00e9s ut\u00f3lagos felszerel\u00e9s\u00e9hez.<\/p>\n","protected":false},"excerpt":{"rendered":"<p>Rapid 2.1, Rubi \u00e9s Mikro 200\/300 felszerel\u00e9s\u00e9hez<\/p>\n","protected":false},"featured_media":2032,"comment_status":"closed","ping_status":"closed","template":"","meta":{"_acf_changed":false},"product_brand":[],"product_cat":[917],"product_tag":[],"class_list":{"0":"post-11959","1":"product","2":"type-product","3":"status-publish","4":"has-post-thumbnail","6":"product_cat-biobalance-tartozekok","8":"first","9":"instock","10":"purchasable","11":"product-type-simple"},"acf":[],"_links":{"self":[{"href":"https:\/\/hamma-uwt.de\/hu\/wp-json\/wp\/v2\/product\/11959","targetHints":{"allow":["GET"]}}],"collection":[{"href":"https:\/\/hamma-uwt.de\/hu\/wp-json\/wp\/v2\/product"}],"about":[{"href":"https:\/\/hamma-uwt.de\/hu\/wp-json\/wp\/v2\/types\/product"}],"replies":[{"embeddable":true,"href":"https:\/\/hamma-uwt.de\/hu\/wp-json\/wp\/v2\/comments?post=11959"}],"wp:featuredmedia":[{"embeddable":true,"href":"https:\/\/hamma-uwt.de\/hu\/wp-json\/wp\/v2\/media\/2032"}],"wp:attachment":[{"href":"https:\/\/hamma-uwt.de\/hu\/wp-json\/wp\/v2\/media?parent=11959"}],"wp:term":[{"taxonomy":"product_brand","embeddable":true,"href":"https:\/\/hamma-uwt.de\/hu\/wp-json\/wp\/v2\/product_brand?post=11959"},{"taxonomy":"product_cat","embeddable":true,"href":"https:\/\/hamma-uwt.de\/hu\/wp-json\/wp\/v2\/product_cat?post=11959"},{"taxonomy":"product_tag","embeddable":true,"href":"https:\/\/hamma-uwt.de\/hu\/wp-json\/wp\/v2\/product_tag?post=11959"}],"curies":[{"name":"wp","href":"https:\/\/api.w.org\/{rel}","templated":true}]}}