{"id":12283,"date":"2025-07-14T12:06:49","date_gmt":"2025-07-14T10:06:49","guid":{"rendered":"https:\/\/hamma-uwt.de\/produkt\/e-drive-utolagos-felszereles-dobkocsikhoz\/"},"modified":"2025-07-14T12:06:49","modified_gmt":"2025-07-14T10:06:49","slug":"e-drive-utolagos-felszereles-dobkocsikhoz","status":"publish","type":"product","link":"https:\/\/hamma-uwt.de\/hu\/produkt\/e-drive-utolagos-felszereles-dobkocsikhoz\/","title":{"rendered":"E-Drive ut\u00f3lagos felszerel\u00e9s dobkocsikhoz"},"content":{"rendered":"<p>Az ut\u00f3lagos felszerel\u00e9si k\u00e9szlet tartalmazza a HAMMA dobkocsi E-Drive rendszerrel t\u00f6rt\u00e9n\u0151 felszerel\u00e9s\u00e9hez sz\u00fcks\u00e9ges \u00f6sszes alkatr\u00e9szt.<br \/>\nK\u00e9rj\u00fck, hogy a megkeres\u00e9skor adja meg a dobkocsi term\u00e9kadatait, l\u00e1sd a term\u00e9kmatric\u00e1t.<\/p>\n","protected":false},"excerpt":{"rendered":"<p>dobos kocsikhoz<\/p>\n","protected":false},"featured_media":873,"comment_status":"closed","ping_status":"closed","template":"","meta":{"_acf_changed":false},"product_brand":[],"product_cat":[1040],"product_tag":[],"class_list":{"0":"post-12283","1":"product","2":"type-product","3":"status-publish","4":"has-post-thumbnail","6":"product_cat-hordokocsi-tartozekok","8":"first","9":"instock","10":"purchasable","11":"product-type-simple"},"acf":[],"_links":{"self":[{"href":"https:\/\/hamma-uwt.de\/hu\/wp-json\/wp\/v2\/product\/12283","targetHints":{"allow":["GET"]}}],"collection":[{"href":"https:\/\/hamma-uwt.de\/hu\/wp-json\/wp\/v2\/product"}],"about":[{"href":"https:\/\/hamma-uwt.de\/hu\/wp-json\/wp\/v2\/types\/product"}],"replies":[{"embeddable":true,"href":"https:\/\/hamma-uwt.de\/hu\/wp-json\/wp\/v2\/comments?post=12283"}],"wp:featuredmedia":[{"embeddable":true,"href":"https:\/\/hamma-uwt.de\/hu\/wp-json\/wp\/v2\/media\/873"}],"wp:attachment":[{"href":"https:\/\/hamma-uwt.de\/hu\/wp-json\/wp\/v2\/media?parent=12283"}],"wp:term":[{"taxonomy":"product_brand","embeddable":true,"href":"https:\/\/hamma-uwt.de\/hu\/wp-json\/wp\/v2\/product_brand?post=12283"},{"taxonomy":"product_cat","embeddable":true,"href":"https:\/\/hamma-uwt.de\/hu\/wp-json\/wp\/v2\/product_cat?post=12283"},{"taxonomy":"product_tag","embeddable":true,"href":"https:\/\/hamma-uwt.de\/hu\/wp-json\/wp\/v2\/product_tag?post=12283"}],"curies":[{"name":"wp","href":"https:\/\/api.w.org\/{rel}","templated":true}]}}