{"id":12293,"date":"2025-07-14T12:06:49","date_gmt":"2025-07-14T10:06:49","guid":{"rendered":"https:\/\/hamma-uwt.de\/produkt\/fali-konzol\/"},"modified":"2025-07-14T12:06:49","modified_gmt":"2025-07-14T10:06:49","slug":"fali-konzol","status":"publish","type":"product","link":"https:\/\/hamma-uwt.de\/hu\/produkt\/fali-konzol\/","title":{"rendered":"Fali konzol"},"content":{"rendered":"<p>A fali konzol m\u00e9g egyszer\u0171bb\u00e9 teszi a<br \/>\na MISCEO 3 kezel\u00e9s\u00e9t, \u00edgy pillanatok alatt kicser\u00e9lheti a dobot<br \/>\n.<\/p>\n","protected":false},"excerpt":{"rendered":"<p>bele\u00e9rtve. R\u00f6gz\u00edt\u0151anyag, Misceo 3 tartoz\u00e9k<\/p>\n","protected":false},"featured_media":3893,"comment_status":"closed","ping_status":"closed","template":"","meta":{"_acf_changed":false},"product_brand":[],"product_cat":[787],"product_tag":[],"class_list":{"0":"post-12293","1":"product","2":"type-product","3":"status-publish","4":"has-post-thumbnail","6":"product_cat-misceo-tartozekok","8":"first","9":"instock","10":"purchasable","11":"product-type-simple"},"acf":[],"_links":{"self":[{"href":"https:\/\/hamma-uwt.de\/hu\/wp-json\/wp\/v2\/product\/12293","targetHints":{"allow":["GET"]}}],"collection":[{"href":"https:\/\/hamma-uwt.de\/hu\/wp-json\/wp\/v2\/product"}],"about":[{"href":"https:\/\/hamma-uwt.de\/hu\/wp-json\/wp\/v2\/types\/product"}],"replies":[{"embeddable":true,"href":"https:\/\/hamma-uwt.de\/hu\/wp-json\/wp\/v2\/comments?post=12293"}],"wp:featuredmedia":[{"embeddable":true,"href":"https:\/\/hamma-uwt.de\/hu\/wp-json\/wp\/v2\/media\/3893"}],"wp:attachment":[{"href":"https:\/\/hamma-uwt.de\/hu\/wp-json\/wp\/v2\/media?parent=12293"}],"wp:term":[{"taxonomy":"product_brand","embeddable":true,"href":"https:\/\/hamma-uwt.de\/hu\/wp-json\/wp\/v2\/product_brand?post=12293"},{"taxonomy":"product_cat","embeddable":true,"href":"https:\/\/hamma-uwt.de\/hu\/wp-json\/wp\/v2\/product_cat?post=12293"},{"taxonomy":"product_tag","embeddable":true,"href":"https:\/\/hamma-uwt.de\/hu\/wp-json\/wp\/v2\/product_tag?post=12293"}],"curies":[{"name":"wp","href":"https:\/\/api.w.org\/{rel}","templated":true}]}}