{"id":12608,"date":"2025-08-11T13:43:37","date_gmt":"2025-08-11T11:43:37","guid":{"rendered":"https:\/\/hamma-uwt.de\/produkt\/vizbevezeto-toemlo\/"},"modified":"2025-08-11T13:43:37","modified_gmt":"2025-08-11T11:43:37","slug":"vizbevezeto-toemlo","status":"publish","type":"product","link":"https:\/\/hamma-uwt.de\/hu\/produkt\/vizbevezeto-toemlo\/","title":{"rendered":"V\u00edzbevezet\u0151 t\u00f6ml\u0151"},"content":{"rendered":"<p>2 m-es v\u00edzbevezet\u0151 t\u00f6ml\u0151 a Misceo 3-hoz, 3\/4 &#8222;i csapcsatlakoz\u00f3val (bels\u0151 menet). <\/p>\n","protected":false},"excerpt":{"rendered":"<p>bele\u00e9rtve. V\u00edzcsap csatlakoz\u00f3, tartoz\u00e9kok MISCEO 3<\/p>\n","protected":false},"featured_media":2530,"comment_status":"closed","ping_status":"closed","template":"","meta":{"_acf_changed":false},"product_brand":[],"product_cat":[787,885],"product_tag":[],"class_list":{"0":"post-12608","1":"product","2":"type-product","3":"status-publish","4":"has-post-thumbnail","6":"product_cat-misceo-tartozekok","7":"product_cat-toemlo","9":"first","10":"instock","11":"shipping-taxable","12":"purchasable","13":"product-type-simple"},"acf":[],"_links":{"self":[{"href":"https:\/\/hamma-uwt.de\/hu\/wp-json\/wp\/v2\/product\/12608","targetHints":{"allow":["GET"]}}],"collection":[{"href":"https:\/\/hamma-uwt.de\/hu\/wp-json\/wp\/v2\/product"}],"about":[{"href":"https:\/\/hamma-uwt.de\/hu\/wp-json\/wp\/v2\/types\/product"}],"replies":[{"embeddable":true,"href":"https:\/\/hamma-uwt.de\/hu\/wp-json\/wp\/v2\/comments?post=12608"}],"wp:featuredmedia":[{"embeddable":true,"href":"https:\/\/hamma-uwt.de\/hu\/wp-json\/wp\/v2\/media\/2530"}],"wp:attachment":[{"href":"https:\/\/hamma-uwt.de\/hu\/wp-json\/wp\/v2\/media?parent=12608"}],"wp:term":[{"taxonomy":"product_brand","embeddable":true,"href":"https:\/\/hamma-uwt.de\/hu\/wp-json\/wp\/v2\/product_brand?post=12608"},{"taxonomy":"product_cat","embeddable":true,"href":"https:\/\/hamma-uwt.de\/hu\/wp-json\/wp\/v2\/product_cat?post=12608"},{"taxonomy":"product_tag","embeddable":true,"href":"https:\/\/hamma-uwt.de\/hu\/wp-json\/wp\/v2\/product_tag?post=12608"}],"curies":[{"name":"wp","href":"https:\/\/api.w.org\/{rel}","templated":true}]}}