{"id":12696,"date":"2025-08-13T10:10:03","date_gmt":"2025-08-13T08:10:03","guid":{"rendered":"https:\/\/hamma-uwt.de\/produkt\/rapid-1-1-kueloenleges\/"},"modified":"2025-08-13T10:10:03","modified_gmt":"2025-08-13T08:10:03","slug":"rapid-1-1-kueloenleges","status":"publish","type":"product","link":"https:\/\/hamma-uwt.de\/hu\/produkt\/rapid-1-1-kueloenleges\/","title":{"rendered":"RAPID 1.1 K\u00fcl\u00f6nleges"},"content":{"rendered":"<p>A Rapid 1.1 speci\u00e1lis szalagszkimmerrel gyorsan \u00e9s egyszer\u0171en elt\u00e1vol\u00edthat\u00f3 a h\u0171t\u0151ken\u0151anyagban l\u00e9v\u0151 csurgal\u00e9kolaj a legfeljebb 6 m\u00b2 fel\u00fclet\u0171 g\u00e9pekb\u0151l.<\/p>\n<p>Sok m\u00e1s v\u00e1ltozat is rendelhet\u0151.<\/p>\n","protected":false},"excerpt":{"rendered":"<p>70 \u00b0C-ig forr\u00f3 k\u00f6zegekhez, rozsdamentes ac\u00e9lhengerrel, 6 m\u00b2-ig terjed\u0151 fel\u00fcletekhez (szkimmerszalag n\u00e9lk\u00fcl) <\/p>\n","protected":false},"featured_media":4338,"comment_status":"closed","ping_status":"closed","template":"","meta":{"_acf_changed":false},"product_brand":[],"product_cat":[746],"product_tag":[],"class_list":{"0":"post-12696","1":"product","2":"type-product","3":"status-publish","4":"has-post-thumbnail","6":"product_cat-rapid-1-1","8":"first","9":"instock","10":"purchasable","11":"product-type-variable"},"acf":[],"_links":{"self":[{"href":"https:\/\/hamma-uwt.de\/hu\/wp-json\/wp\/v2\/product\/12696","targetHints":{"allow":["GET"]}}],"collection":[{"href":"https:\/\/hamma-uwt.de\/hu\/wp-json\/wp\/v2\/product"}],"about":[{"href":"https:\/\/hamma-uwt.de\/hu\/wp-json\/wp\/v2\/types\/product"}],"replies":[{"embeddable":true,"href":"https:\/\/hamma-uwt.de\/hu\/wp-json\/wp\/v2\/comments?post=12696"}],"wp:featuredmedia":[{"embeddable":true,"href":"https:\/\/hamma-uwt.de\/hu\/wp-json\/wp\/v2\/media\/4338"}],"wp:attachment":[{"href":"https:\/\/hamma-uwt.de\/hu\/wp-json\/wp\/v2\/media?parent=12696"}],"wp:term":[{"taxonomy":"product_brand","embeddable":true,"href":"https:\/\/hamma-uwt.de\/hu\/wp-json\/wp\/v2\/product_brand?post=12696"},{"taxonomy":"product_cat","embeddable":true,"href":"https:\/\/hamma-uwt.de\/hu\/wp-json\/wp\/v2\/product_cat?post=12696"},{"taxonomy":"product_tag","embeddable":true,"href":"https:\/\/hamma-uwt.de\/hu\/wp-json\/wp\/v2\/product_tag?post=12696"}],"curies":[{"name":"wp","href":"https:\/\/api.w.org\/{rel}","templated":true}]}}