{"id":12729,"date":"2025-08-13T16:58:03","date_gmt":"2025-08-13T14:58:03","guid":{"rendered":"https:\/\/hamma-uwt.de\/produkt\/csereszkazan-szalag-5-special\/"},"modified":"2025-08-13T16:58:03","modified_gmt":"2025-08-13T14:58:03","slug":"csereszkazan-szalag-5-special","status":"publish","type":"product","link":"https:\/\/hamma-uwt.de\/hu\/produkt\/csereszkazan-szalag-5-special\/","title":{"rendered":"Csereszkaz\u00e1n szalag 5 Special"},"content":{"rendered":"","protected":false},"excerpt":{"rendered":"<p>forr\u00f3 k\u00f6zegekhez 70 \u00b0C-ig, pH 4 - 13, tartoz\u00e9kok RAPID 5 Special<\/p>\n","protected":false},"featured_media":3499,"comment_status":"closed","ping_status":"closed","template":"","meta":{"_acf_changed":false},"product_brand":[],"product_cat":[791],"product_tag":[],"class_list":{"0":"post-12729","1":"product","2":"type-product","3":"status-publish","4":"has-post-thumbnail","6":"product_cat-rapid-5-tartozekok","8":"first","9":"instock","10":"purchasable","11":"product-type-variable"},"acf":[],"_links":{"self":[{"href":"https:\/\/hamma-uwt.de\/hu\/wp-json\/wp\/v2\/product\/12729","targetHints":{"allow":["GET"]}}],"collection":[{"href":"https:\/\/hamma-uwt.de\/hu\/wp-json\/wp\/v2\/product"}],"about":[{"href":"https:\/\/hamma-uwt.de\/hu\/wp-json\/wp\/v2\/types\/product"}],"replies":[{"embeddable":true,"href":"https:\/\/hamma-uwt.de\/hu\/wp-json\/wp\/v2\/comments?post=12729"}],"wp:featuredmedia":[{"embeddable":true,"href":"https:\/\/hamma-uwt.de\/hu\/wp-json\/wp\/v2\/media\/3499"}],"wp:attachment":[{"href":"https:\/\/hamma-uwt.de\/hu\/wp-json\/wp\/v2\/media?parent=12729"}],"wp:term":[{"taxonomy":"product_brand","embeddable":true,"href":"https:\/\/hamma-uwt.de\/hu\/wp-json\/wp\/v2\/product_brand?post=12729"},{"taxonomy":"product_cat","embeddable":true,"href":"https:\/\/hamma-uwt.de\/hu\/wp-json\/wp\/v2\/product_cat?post=12729"},{"taxonomy":"product_tag","embeddable":true,"href":"https:\/\/hamma-uwt.de\/hu\/wp-json\/wp\/v2\/product_tag?post=12729"}],"curies":[{"name":"wp","href":"https:\/\/api.w.org\/{rel}","templated":true}]}}