{"id":12867,"date":"2025-11-12T16:35:06","date_gmt":"2025-11-12T15:35:06","guid":{"rendered":"https:\/\/hamma-uwt.de\/produkt\/univerzalis-csavarozhato-konzol-kicsi\/"},"modified":"2025-11-12T16:35:06","modified_gmt":"2025-11-12T15:35:06","slug":"univerzalis-csavarozhato-konzol-kicsi","status":"publish","type":"product","link":"https:\/\/hamma-uwt.de\/hu\/produkt\/univerzalis-csavarozhato-konzol-kicsi\/","title":{"rendered":"Univerz\u00e1lis csavarozhat\u00f3 konzol kicsi"},"content":{"rendered":"<p>Univerz\u00e1lis csavarozhat\u00f3 tart\u00f3 a RAPIDS felszerel\u00e9s\u00e9hez<\/p>\n","protected":false},"excerpt":{"rendered":"<p>Univerz\u00e1lis kis csavaros konzol m\u00e1gnessel t\u00f6rt\u00e9n\u0151 r\u00f6gz\u00edt\u00e9shez vagy felcsavaroz\u00e1shoz - ide\u00e1lis a t\u00f6lt\u0151pisztolyhoz.<\/p>\n","protected":false},"featured_media":3523,"comment_status":"closed","ping_status":"closed","template":"","meta":{"_acf_changed":false},"product_brand":[],"product_cat":[1384,787,1382,1046,1383],"product_tag":[],"class_list":{"0":"post-12867","1":"product","2":"type-product","3":"status-publish","4":"has-post-thumbnail","6":"product_cat-chip-maxx-es-magneses-sepru","7":"product_cat-misceo-tartozekok","8":"product_cat-rapid-1-1-tartozekok","9":"product_cat-rapid-2-1-tartozekok","10":"product_cat-rapid-3-1-tartozekok","12":"first","13":"instock","14":"purchasable","15":"product-type-simple"},"acf":[],"_links":{"self":[{"href":"https:\/\/hamma-uwt.de\/hu\/wp-json\/wp\/v2\/product\/12867","targetHints":{"allow":["GET"]}}],"collection":[{"href":"https:\/\/hamma-uwt.de\/hu\/wp-json\/wp\/v2\/product"}],"about":[{"href":"https:\/\/hamma-uwt.de\/hu\/wp-json\/wp\/v2\/types\/product"}],"replies":[{"embeddable":true,"href":"https:\/\/hamma-uwt.de\/hu\/wp-json\/wp\/v2\/comments?post=12867"}],"wp:featuredmedia":[{"embeddable":true,"href":"https:\/\/hamma-uwt.de\/hu\/wp-json\/wp\/v2\/media\/3523"}],"wp:attachment":[{"href":"https:\/\/hamma-uwt.de\/hu\/wp-json\/wp\/v2\/media?parent=12867"}],"wp:term":[{"taxonomy":"product_brand","embeddable":true,"href":"https:\/\/hamma-uwt.de\/hu\/wp-json\/wp\/v2\/product_brand?post=12867"},{"taxonomy":"product_cat","embeddable":true,"href":"https:\/\/hamma-uwt.de\/hu\/wp-json\/wp\/v2\/product_cat?post=12867"},{"taxonomy":"product_tag","embeddable":true,"href":"https:\/\/hamma-uwt.de\/hu\/wp-json\/wp\/v2\/product_tag?post=12867"}],"curies":[{"name":"wp","href":"https:\/\/api.w.org\/{rel}","templated":true}]}}