{"id":13228,"date":"2025-07-14T12:06:44","date_gmt":"2025-07-14T10:06:44","guid":{"rendered":"https:\/\/hamma-uwt.de\/produkt\/szintfigyelo-keszlet\/"},"modified":"2025-07-14T12:06:44","modified_gmt":"2025-07-14T10:06:44","slug":"szintfigyelo-keszlet","status":"publish","type":"product","link":"https:\/\/hamma-uwt.de\/hu\/produkt\/szintfigyelo-keszlet\/","title":{"rendered":"Szintfigyel\u0151 k\u00e9szlet"},"content":{"rendered":"<p>A F\u00dc-1 t\u00f6lt\u00e9si szintfigyel\u0151 egy teljesen elektronikusan vez\u00e9relt fel\u00fcgyeleti rendszer a tart\u00e1ly automatikus t\u00f6lt\u00e9s\u00e9nek ellen\u0151rz\u00e9s\u00e9re. A fel\u00fcgyeleti rendszer \u00e9rz\u00e9kel\u0151k seg\u00edts\u00e9g\u00e9vel felismeri a tart\u00e1ly t\u00f6lt\u00f6tts\u00e9gi szintj\u00e9t, \u00e9s sz\u00fcks\u00e9g szerint nyit \u00e9s z\u00e1r egy szelepet. A kiv\u00e1l\u00f3 min\u0151s\u00e9g\u0171 alkatr\u00e9szek (pl. a WHG szerinti v\u00e9szle\u00e1ll\u00edt\u00e1s) biztons\u00e1gos, megb\u00edzhat\u00f3 \u00e9s automatikus t\u00f6lt\u00e9st tesznek lehet\u0151v\u00e9.  <\/p>\n<p>A csatlakoztat\u00e1sra k\u00e9sz k\u00e9sz k\u00e9szletnek k\u00f6sz\u00f6nhet\u0151en a MISCEO 3 k\u00e9sz\u00fcl\u00e9kkel egy\u00fctt gyorsan, egyszer\u0171en \u00e9s megb\u00edzhat\u00f3an, automatikusan t\u00f6ltheti meg g\u00e9p\u00e9t.<\/p>\n<p>Az \u00d6n el\u0151nyei:<\/p>\n<ul>\n<li>Automatikus g\u00e9pi t\u00f6lt\u00e9s<\/li>\n<li>Megb\u00edzhat\u00f3 termel\u00e9s<\/li>\n<li>Csatlakoz\u00e1sra k\u00e9sz teljes megold\u00e1s (egyszer\u0171 telep\u00edt\u00e9s)<\/li>\n<li>V\u00e9szle\u00e1ll\u00e1s a WHG szerint<\/li>\n<li>Egyenletes h\u0171t\u0151 ken\u0151anyag h\u0151m\u00e9rs\u00e9klet \/ Stabil h\u0171t\u0151 ken\u0151anyag koncentr\u00e1ci\u00f3<\/li>\n<\/ul>\n","protected":false},"excerpt":{"rendered":"<p>F\u00dc-1-24D szintfigyel\u0151 teljes k\u00e9szlet<\/p>\n","protected":false},"featured_media":3786,"comment_status":"closed","ping_status":"closed","template":"","meta":{"_acf_changed":false},"product_brand":[],"product_cat":[1529],"product_tag":[],"class_list":{"0":"post-13228","1":"product","2":"type-product","3":"status-publish","4":"has-post-thumbnail","6":"product_cat-toeltesi-szint-ellenorzese","8":"first","9":"instock","10":"purchasable","11":"product-type-simple"},"acf":[],"_links":{"self":[{"href":"https:\/\/hamma-uwt.de\/hu\/wp-json\/wp\/v2\/product\/13228","targetHints":{"allow":["GET"]}}],"collection":[{"href":"https:\/\/hamma-uwt.de\/hu\/wp-json\/wp\/v2\/product"}],"about":[{"href":"https:\/\/hamma-uwt.de\/hu\/wp-json\/wp\/v2\/types\/product"}],"replies":[{"embeddable":true,"href":"https:\/\/hamma-uwt.de\/hu\/wp-json\/wp\/v2\/comments?post=13228"}],"wp:featuredmedia":[{"embeddable":true,"href":"https:\/\/hamma-uwt.de\/hu\/wp-json\/wp\/v2\/media\/3786"}],"wp:attachment":[{"href":"https:\/\/hamma-uwt.de\/hu\/wp-json\/wp\/v2\/media?parent=13228"}],"wp:term":[{"taxonomy":"product_brand","embeddable":true,"href":"https:\/\/hamma-uwt.de\/hu\/wp-json\/wp\/v2\/product_brand?post=13228"},{"taxonomy":"product_cat","embeddable":true,"href":"https:\/\/hamma-uwt.de\/hu\/wp-json\/wp\/v2\/product_cat?post=13228"},{"taxonomy":"product_tag","embeddable":true,"href":"https:\/\/hamma-uwt.de\/hu\/wp-json\/wp\/v2\/product_tag?post=13228"}],"curies":[{"name":"wp","href":"https:\/\/api.w.org\/{rel}","templated":true}]}}