{"id":13241,"date":"2025-07-14T12:06:44","date_gmt":"2025-07-14T10:06:44","guid":{"rendered":"https:\/\/hamma-uwt.de\/produkt\/akkumulator\/"},"modified":"2025-07-14T12:06:44","modified_gmt":"2025-07-14T10:06:44","slug":"akkumulator","status":"publish","type":"product","link":"https:\/\/hamma-uwt.de\/hu\/produkt\/akkumulator\/","title":{"rendered":"Akkumul\u00e1tor"},"content":{"rendered":"<p>Az \u00fajrat\u00f6lthet\u0151 akkumul\u00e1tor m\u00e9g rugalmasabb\u00e1 teszi a Misceo 3 k\u00e9sz\u00fcl\u00e9ket.<\/p>\n<p>A nagy teljes\u00edtm\u00e9ny lehet\u0151v\u00e9 teszi, hogy a Misceo k\u00e9sz\u00fcl\u00e9ket kb. 8 \u00f3r\u00e1n kereszt\u00fcl m\u0171k\u00f6dtesse an\u00e9lk\u00fcl, hogy a h\u00e1l\u00f3zati \u00e1ramforr\u00e1shoz kellene csatlakoztatnia, \u00e9s az egy\u00e9rtelm\u0171 kijelz\u0151 folyamatosan t\u00e1j\u00e9koztatja \u00d6nt az akkumul\u00e1tor t\u00f6lt\u00f6tts\u00e9gi szintj\u00e9r\u0151l. Az akkumul\u00e1tor b\u00e1rmikor be- \u00e9s kikapcsolhat\u00f3 a be-\/kikapcsol\u00f3 gombbal, \u00e9s k\u00f6zvetlen\u00fcl a Misceo-ra szerelhet\u0151, vagy a Misceo m\u00f6g\u00f6tti dobra helyezhet\u0151. Egys\u00e9ges megjelen\u00e9s\u00fckkel a Misceo \u00e9s az akkumul\u00e1tor er\u0151teljes egys\u00e9get alkot.  <\/p>\n<p>Az akkumul\u00e1tor m\u00e1s 24 V-os egyen\u00e1ram\u00fa eszk\u00f6z\u00f6k sz\u00e1m\u00e1ra is szolg\u00e1lhat er\u0151teljes energiat\u00e1rol\u00f3k\u00e9nt.<\/p>\n","protected":false},"excerpt":{"rendered":"<p>\u00dajrat\u00f6lthet\u0151 akkumul\u00e1tor a Misceo mixerhez<\/p>\n","protected":false},"featured_media":1031,"comment_status":"closed","ping_status":"closed","template":"","meta":{"_acf_changed":false},"product_brand":[],"product_cat":[828],"product_tag":[],"class_list":{"0":"post-13241","1":"product","2":"type-product","3":"status-publish","4":"has-post-thumbnail","6":"product_cat-misceo-kevero","8":"first","9":"instock","10":"purchasable","11":"product-type-simple"},"acf":[],"_links":{"self":[{"href":"https:\/\/hamma-uwt.de\/hu\/wp-json\/wp\/v2\/product\/13241","targetHints":{"allow":["GET"]}}],"collection":[{"href":"https:\/\/hamma-uwt.de\/hu\/wp-json\/wp\/v2\/product"}],"about":[{"href":"https:\/\/hamma-uwt.de\/hu\/wp-json\/wp\/v2\/types\/product"}],"replies":[{"embeddable":true,"href":"https:\/\/hamma-uwt.de\/hu\/wp-json\/wp\/v2\/comments?post=13241"}],"wp:featuredmedia":[{"embeddable":true,"href":"https:\/\/hamma-uwt.de\/hu\/wp-json\/wp\/v2\/media\/1031"}],"wp:attachment":[{"href":"https:\/\/hamma-uwt.de\/hu\/wp-json\/wp\/v2\/media?parent=13241"}],"wp:term":[{"taxonomy":"product_brand","embeddable":true,"href":"https:\/\/hamma-uwt.de\/hu\/wp-json\/wp\/v2\/product_brand?post=13241"},{"taxonomy":"product_cat","embeddable":true,"href":"https:\/\/hamma-uwt.de\/hu\/wp-json\/wp\/v2\/product_cat?post=13241"},{"taxonomy":"product_tag","embeddable":true,"href":"https:\/\/hamma-uwt.de\/hu\/wp-json\/wp\/v2\/product_tag?post=13241"}],"curies":[{"name":"wp","href":"https:\/\/api.w.org\/{rel}","templated":true}]}}