{"id":13243,"date":"2025-08-11T13:19:15","date_gmt":"2025-08-11T11:19:15","guid":{"rendered":"https:\/\/hamma-uwt.de\/produkt\/pu-koncentratum-szivotoemlo\/"},"modified":"2025-08-11T13:19:15","modified_gmt":"2025-08-11T11:19:15","slug":"pu-koncentratum-szivotoemlo","status":"publish","type":"product","link":"https:\/\/hamma-uwt.de\/hu\/produkt\/pu-koncentratum-szivotoemlo\/","title":{"rendered":"PU koncentr\u00e1tum sz\u00edv\u00f3t\u00f6ml\u0151"},"content":{"rendered":"<p>Koncentr\u00e1tum sz\u00edv\u00f3t\u00f6ml\u0151 2 m PU-b\u00f3l a Misceo 3 k\u00e9sz\u00fcl\u00e9khez, sz\u00edv\u00f3l\u00e1bbal egy\u00fctt. <\/p>\n","protected":false},"excerpt":{"rendered":"<p>bele\u00e9rtve. Sz\u00edv\u00f3 l\u00e1b, tartoz\u00e9k MISCEO 3<\/p>\n","protected":false},"featured_media":1783,"comment_status":"closed","ping_status":"closed","template":"","meta":{"_acf_changed":false},"product_brand":[],"product_cat":[787,885],"product_tag":[],"class_list":{"0":"post-13243","1":"product","2":"type-product","3":"status-publish","4":"has-post-thumbnail","6":"product_cat-misceo-tartozekok","7":"product_cat-toemlo","9":"first","10":"instock","11":"shipping-taxable","12":"purchasable","13":"product-type-simple"},"acf":[],"_links":{"self":[{"href":"https:\/\/hamma-uwt.de\/hu\/wp-json\/wp\/v2\/product\/13243","targetHints":{"allow":["GET"]}}],"collection":[{"href":"https:\/\/hamma-uwt.de\/hu\/wp-json\/wp\/v2\/product"}],"about":[{"href":"https:\/\/hamma-uwt.de\/hu\/wp-json\/wp\/v2\/types\/product"}],"replies":[{"embeddable":true,"href":"https:\/\/hamma-uwt.de\/hu\/wp-json\/wp\/v2\/comments?post=13243"}],"wp:featuredmedia":[{"embeddable":true,"href":"https:\/\/hamma-uwt.de\/hu\/wp-json\/wp\/v2\/media\/1783"}],"wp:attachment":[{"href":"https:\/\/hamma-uwt.de\/hu\/wp-json\/wp\/v2\/media?parent=13243"}],"wp:term":[{"taxonomy":"product_brand","embeddable":true,"href":"https:\/\/hamma-uwt.de\/hu\/wp-json\/wp\/v2\/product_brand?post=13243"},{"taxonomy":"product_cat","embeddable":true,"href":"https:\/\/hamma-uwt.de\/hu\/wp-json\/wp\/v2\/product_cat?post=13243"},{"taxonomy":"product_tag","embeddable":true,"href":"https:\/\/hamma-uwt.de\/hu\/wp-json\/wp\/v2\/product_tag?post=13243"}],"curies":[{"name":"wp","href":"https:\/\/api.w.org\/{rel}","templated":true}]}}