{"id":13246,"date":"2025-08-12T14:27:09","date_gmt":"2025-08-12T12:27:09","guid":{"rendered":"https:\/\/hamma-uwt.de\/produkt\/kompakt-plusz-gondozasi-konzol\/"},"modified":"2026-03-16T15:57:02","modified_gmt":"2026-03-16T14:57:02","slug":"kompakt-plusz-gondozasi-konzol","status":"publish","type":"product","link":"https:\/\/hamma-uwt.de\/hu\/produkt\/kompakt-plusz-gondozasi-konzol\/","title":{"rendered":"Kompakt plusz gondoz\u00e1si konzol"},"content":{"rendered":"<p>A Biobalance \u00e1pol\u00e1si konzol egyes\u00edti a MIKRO, a RAPID \u00e9s a RUBI k\u00e9sz\u00fcl\u00e9keit \u00e9s el\u0151nyeit. Funkcion\u00e1lis kialak\u00edt\u00e1s\u00e1nak k\u00f6sz\u00f6nhet\u0151en az \u00e1pol\u00e1si egys\u00e9g gyorsan \u00e9s egyszer\u0171en csatlakoztathat\u00f3 a g\u00e9phez. Az adapterlemezek m\u00e9g egyszer\u0171bb\u00e9 teszik a telep\u00edt\u00e9st.  <\/p>\n","protected":false},"excerpt":{"rendered":"<p>bele\u00e9rtve. RAPID 2.1, RUBI \u00e9s MIKRO 300<\/p>\n","protected":false},"featured_media":7222,"comment_status":"closed","ping_status":"closed","template":"","meta":{"_acf_changed":false},"product_brand":[],"product_cat":[941],"product_tag":[],"class_list":{"0":"post-13246","1":"product","2":"type-product","3":"status-publish","4":"has-post-thumbnail","6":"product_cat-biobalance","8":"first","9":"instock","10":"shipping-taxable","11":"purchasable","12":"product-type-simple"},"acf":[],"_links":{"self":[{"href":"https:\/\/hamma-uwt.de\/hu\/wp-json\/wp\/v2\/product\/13246","targetHints":{"allow":["GET"]}}],"collection":[{"href":"https:\/\/hamma-uwt.de\/hu\/wp-json\/wp\/v2\/product"}],"about":[{"href":"https:\/\/hamma-uwt.de\/hu\/wp-json\/wp\/v2\/types\/product"}],"replies":[{"embeddable":true,"href":"https:\/\/hamma-uwt.de\/hu\/wp-json\/wp\/v2\/comments?post=13246"}],"wp:featuredmedia":[{"embeddable":true,"href":"https:\/\/hamma-uwt.de\/hu\/wp-json\/wp\/v2\/media\/7222"}],"wp:attachment":[{"href":"https:\/\/hamma-uwt.de\/hu\/wp-json\/wp\/v2\/media?parent=13246"}],"wp:term":[{"taxonomy":"product_brand","embeddable":true,"href":"https:\/\/hamma-uwt.de\/hu\/wp-json\/wp\/v2\/product_brand?post=13246"},{"taxonomy":"product_cat","embeddable":true,"href":"https:\/\/hamma-uwt.de\/hu\/wp-json\/wp\/v2\/product_cat?post=13246"},{"taxonomy":"product_tag","embeddable":true,"href":"https:\/\/hamma-uwt.de\/hu\/wp-json\/wp\/v2\/product_tag?post=13246"}],"curies":[{"name":"wp","href":"https:\/\/api.w.org\/{rel}","templated":true}]}}