{"id":13247,"date":"2025-07-14T12:06:44","date_gmt":"2025-07-14T10:06:44","guid":{"rendered":"https:\/\/hamma-uwt.de\/produkt\/analog-kezi-refraktometer\/"},"modified":"2025-07-14T12:06:44","modified_gmt":"2025-07-14T10:06:44","slug":"analog-kezi-refraktometer","status":"publish","type":"product","link":"https:\/\/hamma-uwt.de\/hu\/produkt\/analog-kezi-refraktometer\/","title":{"rendered":"Anal\u00f3g k\u00e9zi refraktom\u00e9ter"},"content":{"rendered":"<div class=\"n module-type-text diyfeLiveArea \">\n<p>Az anal\u00f3g refraktom\u00e9terrel egyszer\u0171en \u00e9s k\u00e9nyelmesen ellen\u0151rizheti a h\u0171t\u0151 ken\u0151anyag koncentr\u00e1ci\u00f3j\u00e1t. A refraktom\u00e9ter automatikus h\u0151m\u00e9rs\u00e9klet-kiegyenl\u00edt\u00e9ssel rendelkezik, ami gyors \u00e9s megb\u00edzhat\u00f3 m\u00e9r\u00e9st biztos\u00edt. A refraktom\u00e9terrel 0,0 - 18,0 % k\u00f6z\u00f6tti sz\u00e1zal\u00e9kos tartom\u00e1nyban m\u00e9rhet.  <\/p>\n<p>Az \u00d6n el\u0151nyei:<\/p>\n<ul>\n<li>Be\u00e9p\u00edtett vil\u00e1g\u00edt\u00e1ssal (LED)<\/li>\n<li>K\u00f6nnyen kezelhet\u0151<\/li>\n<li>Automatikus h\u0151m\u00e9rs\u00e9klet-kiegyenl\u00edt\u00e9s<\/li>\n<li>Optimaliz\u00e1lt sk\u00e1l\u00e1z\u00e1s a h\u0171t\u0151 ken\u0151anyag m\u00e9r\u00e9s\u00e9hez (0 - 18)<\/li>\n<\/ul>\n<\/div>\n<p>&nbsp;<\/p>\n<p>K\u00f6nny\u0171 kialak\u00edt\u00e1s az \u00faj prizmatechnol\u00f3gi\u00e1nak k\u00f6sz\u00f6nhet\u0151en<\/p>\n","protected":false},"excerpt":{"rendered":"<p>0 - 18 % (n\u00f6vekm\u00e9ny = 0,1 %)<\/p>\n","protected":false},"featured_media":2479,"comment_status":"closed","ping_status":"closed","template":"","meta":{"_acf_changed":false},"product_brand":[],"product_cat":[792],"product_tag":[],"class_list":{"0":"post-13247","1":"product","2":"type-product","3":"status-publish","4":"has-post-thumbnail","6":"product_cat-tesztelesi-eset-tartozekok","8":"first","9":"instock","10":"purchasable","11":"product-type-simple"},"acf":[],"_links":{"self":[{"href":"https:\/\/hamma-uwt.de\/hu\/wp-json\/wp\/v2\/product\/13247","targetHints":{"allow":["GET"]}}],"collection":[{"href":"https:\/\/hamma-uwt.de\/hu\/wp-json\/wp\/v2\/product"}],"about":[{"href":"https:\/\/hamma-uwt.de\/hu\/wp-json\/wp\/v2\/types\/product"}],"replies":[{"embeddable":true,"href":"https:\/\/hamma-uwt.de\/hu\/wp-json\/wp\/v2\/comments?post=13247"}],"wp:featuredmedia":[{"embeddable":true,"href":"https:\/\/hamma-uwt.de\/hu\/wp-json\/wp\/v2\/media\/2479"}],"wp:attachment":[{"href":"https:\/\/hamma-uwt.de\/hu\/wp-json\/wp\/v2\/media?parent=13247"}],"wp:term":[{"taxonomy":"product_brand","embeddable":true,"href":"https:\/\/hamma-uwt.de\/hu\/wp-json\/wp\/v2\/product_brand?post=13247"},{"taxonomy":"product_cat","embeddable":true,"href":"https:\/\/hamma-uwt.de\/hu\/wp-json\/wp\/v2\/product_cat?post=13247"},{"taxonomy":"product_tag","embeddable":true,"href":"https:\/\/hamma-uwt.de\/hu\/wp-json\/wp\/v2\/product_tag?post=13247"}],"curies":[{"name":"wp","href":"https:\/\/api.w.org\/{rel}","templated":true}]}}