{"id":13252,"date":"2025-07-14T12:06:44","date_gmt":"2025-07-14T10:06:44","guid":{"rendered":"https:\/\/hamma-uwt.de\/produkt\/jelzolampa\/"},"modified":"2025-07-14T12:06:44","modified_gmt":"2025-07-14T10:06:44","slug":"jelzolampa","status":"publish","type":"product","link":"https:\/\/hamma-uwt.de\/hu\/produkt\/jelzolampa\/","title":{"rendered":"Jelz\u0151l\u00e1mpa"},"content":{"rendered":"<p>Jelz\u0151l\u00e1mpa a k\u00fcls\u0151 inform\u00e1ci\u00f3s kimenethez<\/p>\n","protected":false},"excerpt":{"rendered":"<p>Misceo 3 tartoz\u00e9kok<\/p>\n","protected":false},"featured_media":3876,"comment_status":"closed","ping_status":"closed","template":"","meta":{"_acf_changed":false},"product_brand":[],"product_cat":[787],"product_tag":[],"class_list":{"0":"post-13252","1":"product","2":"type-product","3":"status-publish","4":"has-post-thumbnail","6":"product_cat-misceo-tartozekok","8":"first","9":"instock","10":"purchasable","11":"product-type-simple"},"acf":[],"_links":{"self":[{"href":"https:\/\/hamma-uwt.de\/hu\/wp-json\/wp\/v2\/product\/13252","targetHints":{"allow":["GET"]}}],"collection":[{"href":"https:\/\/hamma-uwt.de\/hu\/wp-json\/wp\/v2\/product"}],"about":[{"href":"https:\/\/hamma-uwt.de\/hu\/wp-json\/wp\/v2\/types\/product"}],"replies":[{"embeddable":true,"href":"https:\/\/hamma-uwt.de\/hu\/wp-json\/wp\/v2\/comments?post=13252"}],"wp:featuredmedia":[{"embeddable":true,"href":"https:\/\/hamma-uwt.de\/hu\/wp-json\/wp\/v2\/media\/3876"}],"wp:attachment":[{"href":"https:\/\/hamma-uwt.de\/hu\/wp-json\/wp\/v2\/media?parent=13252"}],"wp:term":[{"taxonomy":"product_brand","embeddable":true,"href":"https:\/\/hamma-uwt.de\/hu\/wp-json\/wp\/v2\/product_brand?post=13252"},{"taxonomy":"product_cat","embeddable":true,"href":"https:\/\/hamma-uwt.de\/hu\/wp-json\/wp\/v2\/product_cat?post=13252"},{"taxonomy":"product_tag","embeddable":true,"href":"https:\/\/hamma-uwt.de\/hu\/wp-json\/wp\/v2\/product_tag?post=13252"}],"curies":[{"name":"wp","href":"https:\/\/api.w.org\/{rel}","templated":true}]}}