{"id":14731,"date":"2025-08-11T15:01:26","date_gmt":"2025-08-11T13:01:26","guid":{"rendered":"https:\/\/hamma-uwt.de\/produkt\/toemlo-a-misceo-3-szamara\/"},"modified":"2025-08-11T15:01:26","modified_gmt":"2025-08-11T13:01:26","slug":"toemlo-a-misceo-3-szamara","status":"publish","type":"product","link":"https:\/\/hamma-uwt.de\/hu\/produkt\/toemlo-a-misceo-3-szamara\/","title":{"rendered":"T\u00f6ml\u0151 a MISCEO 3 sz\u00e1m\u00e1ra"},"content":{"rendered":"<p>fluoreszk\u00e1l\u00f3 narancss\u00e1rga<\/p>\n","protected":false},"excerpt":{"rendered":"<p>(m\u00e9terenk\u00e9nt) 1\/2&#8243;<\/p>\n","protected":false},"featured_media":2044,"comment_status":"closed","ping_status":"closed","template":"","meta":{"_acf_changed":false},"product_brand":[],"product_cat":[787,885],"product_tag":[],"class_list":{"0":"post-14731","1":"product","2":"type-product","3":"status-publish","4":"has-post-thumbnail","6":"product_cat-misceo-tartozekok","7":"product_cat-toemlo","9":"first","10":"instock","11":"shipping-taxable","12":"purchasable","13":"product-type-simple"},"acf":[],"_links":{"self":[{"href":"https:\/\/hamma-uwt.de\/hu\/wp-json\/wp\/v2\/product\/14731","targetHints":{"allow":["GET"]}}],"collection":[{"href":"https:\/\/hamma-uwt.de\/hu\/wp-json\/wp\/v2\/product"}],"about":[{"href":"https:\/\/hamma-uwt.de\/hu\/wp-json\/wp\/v2\/types\/product"}],"replies":[{"embeddable":true,"href":"https:\/\/hamma-uwt.de\/hu\/wp-json\/wp\/v2\/comments?post=14731"}],"wp:featuredmedia":[{"embeddable":true,"href":"https:\/\/hamma-uwt.de\/hu\/wp-json\/wp\/v2\/media\/2044"}],"wp:attachment":[{"href":"https:\/\/hamma-uwt.de\/hu\/wp-json\/wp\/v2\/media?parent=14731"}],"wp:term":[{"taxonomy":"product_brand","embeddable":true,"href":"https:\/\/hamma-uwt.de\/hu\/wp-json\/wp\/v2\/product_brand?post=14731"},{"taxonomy":"product_cat","embeddable":true,"href":"https:\/\/hamma-uwt.de\/hu\/wp-json\/wp\/v2\/product_cat?post=14731"},{"taxonomy":"product_tag","embeddable":true,"href":"https:\/\/hamma-uwt.de\/hu\/wp-json\/wp\/v2\/product_tag?post=14731"}],"curies":[{"name":"wp","href":"https:\/\/api.w.org\/{rel}","templated":true}]}}