{"id":14743,"date":"2025-08-11T13:50:58","date_gmt":"2025-08-11T11:50:58","guid":{"rendered":"https:\/\/hamma-uwt.de\/produkt\/kimeneti-toemlo-kevereke\/"},"modified":"2025-08-11T13:50:58","modified_gmt":"2025-08-11T11:50:58","slug":"kimeneti-toemlo-kevereke","status":"publish","type":"product","link":"https:\/\/hamma-uwt.de\/hu\/produkt\/kimeneti-toemlo-kevereke\/","title":{"rendered":"Kimeneti t\u00f6ml\u0151 kever\u00e9ke"},"content":{"rendered":"<p>Kimeneti t\u00f6ml\u0151kever\u00e9k a Misceo 3-hoz, komplett, gyorscsatlakoz\u00f3val egy\u00fctt. <\/p>\n","protected":false},"excerpt":{"rendered":"<p>bele\u00e9rtve. Gyorscsatlakoz\u00f3, tartoz\u00e9k MISCEO 3<\/p>\n","protected":false},"featured_media":2527,"comment_status":"closed","ping_status":"closed","template":"","meta":{"_acf_changed":false},"product_brand":[],"product_cat":[787,885],"product_tag":[],"class_list":{"0":"post-14743","1":"product","2":"type-product","3":"status-publish","4":"has-post-thumbnail","6":"product_cat-misceo-tartozekok","7":"product_cat-toemlo","9":"first","10":"instock","11":"shipping-taxable","12":"purchasable","13":"product-type-simple"},"acf":[],"_links":{"self":[{"href":"https:\/\/hamma-uwt.de\/hu\/wp-json\/wp\/v2\/product\/14743","targetHints":{"allow":["GET"]}}],"collection":[{"href":"https:\/\/hamma-uwt.de\/hu\/wp-json\/wp\/v2\/product"}],"about":[{"href":"https:\/\/hamma-uwt.de\/hu\/wp-json\/wp\/v2\/types\/product"}],"replies":[{"embeddable":true,"href":"https:\/\/hamma-uwt.de\/hu\/wp-json\/wp\/v2\/comments?post=14743"}],"wp:featuredmedia":[{"embeddable":true,"href":"https:\/\/hamma-uwt.de\/hu\/wp-json\/wp\/v2\/media\/2527"}],"wp:attachment":[{"href":"https:\/\/hamma-uwt.de\/hu\/wp-json\/wp\/v2\/media?parent=14743"}],"wp:term":[{"taxonomy":"product_brand","embeddable":true,"href":"https:\/\/hamma-uwt.de\/hu\/wp-json\/wp\/v2\/product_brand?post=14743"},{"taxonomy":"product_cat","embeddable":true,"href":"https:\/\/hamma-uwt.de\/hu\/wp-json\/wp\/v2\/product_cat?post=14743"},{"taxonomy":"product_tag","embeddable":true,"href":"https:\/\/hamma-uwt.de\/hu\/wp-json\/wp\/v2\/product_tag?post=14743"}],"curies":[{"name":"wp","href":"https:\/\/api.w.org\/{rel}","templated":true}]}}