{"id":14927,"date":"2025-08-12T15:51:50","date_gmt":"2025-08-12T13:51:50","guid":{"rendered":"https:\/\/hamma-uwt.de\/produkt\/mikro-1000\/"},"modified":"2026-03-12T09:06:12","modified_gmt":"2026-03-12T08:06:12","slug":"mikro-1000","status":"publish","type":"product","link":"https:\/\/hamma-uwt.de\/hu\/produkt\/mikro-1000\/","title":{"rendered":"MIKRO 1000"},"content":{"rendered":"<p>A Mikro 1000 ak\u00e1r 1000 literes tart\u00e1lyokat is leveg\u0151ztet.<\/p>\n<p>A mikroszell\u0151ztet\u0151 a l\u00e9gk\u00f6ri oxig\u00e9n bevezet\u00e9s\u00e9vel a legjobb min\u0151s\u00e9g\u0171 h\u0171t\u0151 ken\u0151anyagot biztos\u00edtja. Az egyszer\u0171 telep\u00edt\u00e9snek \u00e9s m\u0171k\u00f6dtet\u00e9snek k\u00f6sz\u00f6nhet\u0151en a Mikro gyorsan az \u00d6n h\u0171t\u0151 ken\u0151anyag\u00e1nak ig\u00e9nyeihez igaz\u00edthat\u00f3. A Mikro az id\u0151z\u00edt\u0151j\u00e9n kereszt\u00fcl ig\u00e9ny szerint vez\u00e9relhet\u0151. A leveg\u0151ztet\u0151lemezek seg\u00edts\u00e9g\u00e9vel a legfinomabb, meghat\u00e1rozott l\u00e9gbubor\u00e9kok el\u0151re meghat\u00e1rozott felhajt\u00f3er\u0151vel lebegnek a h\u0171t\u0151 ken\u0151anyagban. Ez lehet\u0151v\u00e9 teszi, hogy a h\u0171t\u0151 ken\u0151anyag \u00fajra felsz\u00edvja az elhaszn\u00e1lt oxig\u00e9nt, helyre\u00e1ll\u00edtva a biol\u00f3giai egyens\u00falyt.    <\/p>\n<p>Az \u00d6n el\u0151nyei :<\/p>\n<ul>\n<li>Stabil bioegyens\u00faly<\/li>\n<li>Nagyon nagy teljes\u00edtm\u00e9ny\u0171 h\u0171t\u0151 ken\u0151anyag<\/li>\n<li>Legmagasabb v\u00e1g\u00e1si adatok<\/li>\n<li>A szersz\u00e1mok \u00e9s g\u00e9pek hossz\u00fa \u00e9lettartama<\/li>\n<li>Magas szint\u0171 b\u0151rhigi\u00e9nia<\/li>\n<\/ul>\n<p>&nbsp;<\/p>\n<p>A karbantart\u00e1s teljess\u00e9 t\u00e9tel\u00e9hez kombin\u00e1lja a mikroszell\u0151ztet\u0151t a Rapid olajlehabos\u00edt\u00f3val, hogy folyamatosan tiszta \u00e9s biostabil, optim\u00e1lis termel\u00e9si tulajdons\u00e1gokkal rendelkez\u0151 h\u0171t\u0151 ken\u0151anyagot kapjon.<\/p>\n","protected":false},"excerpt":{"rendered":"<p>bele\u00e9rtve. Szell\u0151z\u0151egys\u00e9g 4 szell\u0151z\u0151lemezzel<\/p>\n","protected":false},"featured_media":6821,"comment_status":"closed","ping_status":"closed","template":"","meta":{"_acf_changed":false},"product_brand":[],"product_cat":[1244],"product_tag":[],"class_list":{"0":"post-14927","1":"product","2":"type-product","3":"status-publish","4":"has-post-thumbnail","6":"product_cat-mikro-levegozteto","8":"first","9":"instock","10":"shipping-taxable","11":"purchasable","12":"product-type-simple"},"acf":[],"_links":{"self":[{"href":"https:\/\/hamma-uwt.de\/hu\/wp-json\/wp\/v2\/product\/14927","targetHints":{"allow":["GET"]}}],"collection":[{"href":"https:\/\/hamma-uwt.de\/hu\/wp-json\/wp\/v2\/product"}],"about":[{"href":"https:\/\/hamma-uwt.de\/hu\/wp-json\/wp\/v2\/types\/product"}],"replies":[{"embeddable":true,"href":"https:\/\/hamma-uwt.de\/hu\/wp-json\/wp\/v2\/comments?post=14927"}],"wp:featuredmedia":[{"embeddable":true,"href":"https:\/\/hamma-uwt.de\/hu\/wp-json\/wp\/v2\/media\/6821"}],"wp:attachment":[{"href":"https:\/\/hamma-uwt.de\/hu\/wp-json\/wp\/v2\/media?parent=14927"}],"wp:term":[{"taxonomy":"product_brand","embeddable":true,"href":"https:\/\/hamma-uwt.de\/hu\/wp-json\/wp\/v2\/product_brand?post=14927"},{"taxonomy":"product_cat","embeddable":true,"href":"https:\/\/hamma-uwt.de\/hu\/wp-json\/wp\/v2\/product_cat?post=14927"},{"taxonomy":"product_tag","embeddable":true,"href":"https:\/\/hamma-uwt.de\/hu\/wp-json\/wp\/v2\/product_tag?post=14927"}],"curies":[{"name":"wp","href":"https:\/\/api.w.org\/{rel}","templated":true}]}}