{"id":15246,"date":"2025-08-13T12:08:54","date_gmt":"2025-08-13T10:08:54","guid":{"rendered":"https:\/\/hamma-uwt.de\/produkt\/rapid-2-1\/"},"modified":"2025-08-13T12:08:54","modified_gmt":"2025-08-13T10:08:54","slug":"rapid-2-1","status":"publish","type":"product","link":"https:\/\/hamma-uwt.de\/hu\/produkt\/rapid-2-1\/","title":{"rendered":"RAPID 2.1"},"content":{"rendered":"<p>A legkelend\u0151bb Rapid 2.1 szalagszkimmerrel gyorsan \u00e9s egyszer\u0171en elt\u00e1vol\u00edthat\u00f3 a h\u0171t\u0151ken\u0151anyagban l\u00e9v\u0151 csurgal\u00e9kolaj a legfeljebb 2 m\u00b2 fel\u00fclet\u0171 g\u00e9pekb\u0151l.<\/p>\n<p>&nbsp;<\/p>\n","protected":false},"excerpt":{"rendered":"<p>40 \u00b0C-ig h\u0171t\u0151folyad\u00e9khoz, 2 m\u00b2-ig terjed\u0151 fel\u00fcletekre (szkimmer szalag n\u00e9lk\u00fcl)<\/p>\n","protected":false},"featured_media":4294,"comment_status":"closed","ping_status":"closed","template":"","meta":{"_acf_changed":false},"product_brand":[],"product_cat":[2035],"product_tag":[],"class_list":{"0":"post-15246","1":"product","2":"type-product","3":"status-publish","4":"has-post-thumbnail","6":"product_cat-rapid-2-1","8":"first","9":"instock","10":"purchasable","11":"product-type-variable"},"acf":[],"_links":{"self":[{"href":"https:\/\/hamma-uwt.de\/hu\/wp-json\/wp\/v2\/product\/15246","targetHints":{"allow":["GET"]}}],"collection":[{"href":"https:\/\/hamma-uwt.de\/hu\/wp-json\/wp\/v2\/product"}],"about":[{"href":"https:\/\/hamma-uwt.de\/hu\/wp-json\/wp\/v2\/types\/product"}],"replies":[{"embeddable":true,"href":"https:\/\/hamma-uwt.de\/hu\/wp-json\/wp\/v2\/comments?post=15246"}],"wp:featuredmedia":[{"embeddable":true,"href":"https:\/\/hamma-uwt.de\/hu\/wp-json\/wp\/v2\/media\/4294"}],"wp:attachment":[{"href":"https:\/\/hamma-uwt.de\/hu\/wp-json\/wp\/v2\/media?parent=15246"}],"wp:term":[{"taxonomy":"product_brand","embeddable":true,"href":"https:\/\/hamma-uwt.de\/hu\/wp-json\/wp\/v2\/product_brand?post=15246"},{"taxonomy":"product_cat","embeddable":true,"href":"https:\/\/hamma-uwt.de\/hu\/wp-json\/wp\/v2\/product_cat?post=15246"},{"taxonomy":"product_tag","embeddable":true,"href":"https:\/\/hamma-uwt.de\/hu\/wp-json\/wp\/v2\/product_tag?post=15246"}],"curies":[{"name":"wp","href":"https:\/\/api.w.org\/{rel}","templated":true}]}}