{"id":15443,"date":"2025-08-13T18:59:58","date_gmt":"2025-08-13T16:59:58","guid":{"rendered":"https:\/\/hamma-uwt.de\/produkt\/szoevet-cso\/"},"modified":"2025-08-13T18:59:58","modified_gmt":"2025-08-13T16:59:58","slug":"szoevet-cso","status":"publish","type":"product","link":"https:\/\/hamma-uwt.de\/hu\/produkt\/szoevet-cso\/","title":{"rendered":"Sz\u00f6vet cs\u0151"},"content":{"rendered":"","protected":false},"excerpt":{"rendered":"<p>(m\u00e9terenk\u00e9nt) 16 x 4 mm, PVC, a CT 150-hez<\/p>\n","protected":false},"featured_media":0,"comment_status":"closed","ping_status":"closed","template":"","meta":{"_acf_changed":false},"product_brand":[],"product_cat":[975,885],"product_tag":[],"class_list":{"0":"post-15443","1":"product","2":"type-product","3":"status-publish","5":"product_cat-clean-tower-potalkatreszek","6":"product_cat-toemlo","8":"first","9":"instock","10":"shipping-taxable","11":"purchasable","12":"product-type-simple"},"acf":[],"_links":{"self":[{"href":"https:\/\/hamma-uwt.de\/hu\/wp-json\/wp\/v2\/product\/15443","targetHints":{"allow":["GET"]}}],"collection":[{"href":"https:\/\/hamma-uwt.de\/hu\/wp-json\/wp\/v2\/product"}],"about":[{"href":"https:\/\/hamma-uwt.de\/hu\/wp-json\/wp\/v2\/types\/product"}],"replies":[{"embeddable":true,"href":"https:\/\/hamma-uwt.de\/hu\/wp-json\/wp\/v2\/comments?post=15443"}],"wp:attachment":[{"href":"https:\/\/hamma-uwt.de\/hu\/wp-json\/wp\/v2\/media?parent=15443"}],"wp:term":[{"taxonomy":"product_brand","embeddable":true,"href":"https:\/\/hamma-uwt.de\/hu\/wp-json\/wp\/v2\/product_brand?post=15443"},{"taxonomy":"product_cat","embeddable":true,"href":"https:\/\/hamma-uwt.de\/hu\/wp-json\/wp\/v2\/product_cat?post=15443"},{"taxonomy":"product_tag","embeddable":true,"href":"https:\/\/hamma-uwt.de\/hu\/wp-json\/wp\/v2\/product_tag?post=15443"}],"curies":[{"name":"wp","href":"https:\/\/api.w.org\/{rel}","templated":true}]}}