{"id":15460,"date":"2025-08-13T18:47:34","date_gmt":"2025-08-13T16:47:34","guid":{"rendered":"https:\/\/hamma-uwt.de\/produkt\/visszavezeto-toemlo\/"},"modified":"2025-08-13T18:47:34","modified_gmt":"2025-08-13T16:47:34","slug":"visszavezeto-toemlo","status":"publish","type":"product","link":"https:\/\/hamma-uwt.de\/hu\/produkt\/visszavezeto-toemlo\/","title":{"rendered":"Visszavezet\u0151 t\u00f6ml\u0151"},"content":{"rendered":"","protected":false},"excerpt":{"rendered":"<p>bele\u00e9rtve. T\u00f6ml\u0151bilincs tart\u00f3m\u00e1gnessel, CT 150-hez<\/p>\n","protected":false},"featured_media":1007,"comment_status":"closed","ping_status":"closed","template":"","meta":{"_acf_changed":false},"product_brand":[],"product_cat":[975,885],"product_tag":[],"class_list":{"0":"post-15460","1":"product","2":"type-product","3":"status-publish","4":"has-post-thumbnail","6":"product_cat-clean-tower-potalkatreszek","7":"product_cat-toemlo","9":"first","10":"instock","11":"shipping-taxable","12":"purchasable","13":"product-type-simple"},"acf":[],"_links":{"self":[{"href":"https:\/\/hamma-uwt.de\/hu\/wp-json\/wp\/v2\/product\/15460","targetHints":{"allow":["GET"]}}],"collection":[{"href":"https:\/\/hamma-uwt.de\/hu\/wp-json\/wp\/v2\/product"}],"about":[{"href":"https:\/\/hamma-uwt.de\/hu\/wp-json\/wp\/v2\/types\/product"}],"replies":[{"embeddable":true,"href":"https:\/\/hamma-uwt.de\/hu\/wp-json\/wp\/v2\/comments?post=15460"}],"wp:featuredmedia":[{"embeddable":true,"href":"https:\/\/hamma-uwt.de\/hu\/wp-json\/wp\/v2\/media\/1007"}],"wp:attachment":[{"href":"https:\/\/hamma-uwt.de\/hu\/wp-json\/wp\/v2\/media?parent=15460"}],"wp:term":[{"taxonomy":"product_brand","embeddable":true,"href":"https:\/\/hamma-uwt.de\/hu\/wp-json\/wp\/v2\/product_brand?post=15460"},{"taxonomy":"product_cat","embeddable":true,"href":"https:\/\/hamma-uwt.de\/hu\/wp-json\/wp\/v2\/product_cat?post=15460"},{"taxonomy":"product_tag","embeddable":true,"href":"https:\/\/hamma-uwt.de\/hu\/wp-json\/wp\/v2\/product_tag?post=15460"}],"curies":[{"name":"wp","href":"https:\/\/api.w.org\/{rel}","templated":true}]}}