{"id":15580,"date":"2025-08-20T08:29:47","date_gmt":"2025-08-20T06:29:47","guid":{"rendered":"https:\/\/hamma-uwt.de\/produkt\/misceo-premium\/"},"modified":"2025-08-20T08:29:47","modified_gmt":"2025-08-20T06:29:47","slug":"misceo-premium","status":"publish","type":"product","link":"https:\/\/hamma-uwt.de\/hu\/produkt\/misceo-premium\/","title":{"rendered":"Misceo Premium"},"content":{"rendered":"<p>Professzion\u00e1lis megold\u00e1s a v\u00edzzel keverhet\u0151 h\u0171t\u0151 ken\u0151anyagok kever\u00e9s\u00e9hez. Egyed\u00fcl\u00e1ll\u00f3 kever\u0151egys\u00e9ge \u00e9s egyszer\u0171 men\u00fcvez\u00e9rl\u00e9s\u0171 elektronik\u00e1ja optim\u00e1lis eredm\u00e9nyeket biztos\u00edt. Id\u0151t \u00e9s p\u00e9nzt takar\u00edt meg.  <\/p>\n<p>Az \u00d6n el\u0151nyei:<\/p>\n<ul>\n<li>t\u00f6k\u00e9letesen keverve<\/li>\n<li>H\u0171t\u0151 ken\u0151anyag<\/li>\n<li>Pontos kever\u00e9si eredm\u00e9ny<\/li>\n<li>Felismeri az \u00fcres tart\u00e1lyokat<\/li>\n<li>Rugalmas t\u00f6ml\u0151hossz\u00fas\u00e1gok<\/li>\n<li>Automatikus kikapcsol\u00e1s<\/li>\n<li>Z\u00e1rhat\u00f3<\/li>\n<li>Automatikus g\u00e9pi t\u00f6lt\u00e9s<\/li>\n<li>Egyszer\u0171 m\u0171k\u00f6d\u00e9s<\/li>\n<li>T\u00f6ltsd fel, mint a benzink\u00fatn\u00e1l<\/li>\n<\/ul>\n<p>\u00dczemeltet\u00e9si k\u00f6vetelm\u00e9ny: DIN EN 1717 szerinti rendszerszepar\u00e1tor.<\/p>\n","protected":false},"excerpt":{"rendered":"<p>Teljesen elektronikusan vez\u00e9relt kever\u0151egys\u00e9g<\/p>\n","protected":false},"featured_media":3962,"comment_status":"closed","ping_status":"closed","template":"","meta":{"_acf_changed":false},"product_brand":[],"product_cat":[828],"product_tag":[],"class_list":{"0":"post-15580","1":"product","2":"type-product","3":"status-publish","4":"has-post-thumbnail","6":"product_cat-misceo-kevero","8":"first","9":"instock","10":"purchasable","11":"product-type-simple"},"acf":[],"_links":{"self":[{"href":"https:\/\/hamma-uwt.de\/hu\/wp-json\/wp\/v2\/product\/15580","targetHints":{"allow":["GET"]}}],"collection":[{"href":"https:\/\/hamma-uwt.de\/hu\/wp-json\/wp\/v2\/product"}],"about":[{"href":"https:\/\/hamma-uwt.de\/hu\/wp-json\/wp\/v2\/types\/product"}],"replies":[{"embeddable":true,"href":"https:\/\/hamma-uwt.de\/hu\/wp-json\/wp\/v2\/comments?post=15580"}],"wp:featuredmedia":[{"embeddable":true,"href":"https:\/\/hamma-uwt.de\/hu\/wp-json\/wp\/v2\/media\/3962"}],"wp:attachment":[{"href":"https:\/\/hamma-uwt.de\/hu\/wp-json\/wp\/v2\/media?parent=15580"}],"wp:term":[{"taxonomy":"product_brand","embeddable":true,"href":"https:\/\/hamma-uwt.de\/hu\/wp-json\/wp\/v2\/product_brand?post=15580"},{"taxonomy":"product_cat","embeddable":true,"href":"https:\/\/hamma-uwt.de\/hu\/wp-json\/wp\/v2\/product_cat?post=15580"},{"taxonomy":"product_tag","embeddable":true,"href":"https:\/\/hamma-uwt.de\/hu\/wp-json\/wp\/v2\/product_tag?post=15580"}],"curies":[{"name":"wp","href":"https:\/\/api.w.org\/{rel}","templated":true}]}}