{"id":15622,"date":"2025-09-25T16:14:06","date_gmt":"2025-09-25T14:14:06","guid":{"rendered":"https:\/\/hamma-uwt.de\/produkt\/rapid-2-1-konfigurator\/"},"modified":"2025-09-25T16:14:06","modified_gmt":"2025-09-25T14:14:06","slug":"rapid-2-1-konfigurator","status":"publish","type":"product","link":"https:\/\/hamma-uwt.de\/hu\/produkt\/rapid-2-1-konfigurator\/","title":{"rendered":"RAPID 2.1 - Konfigur\u00e1tor"},"content":{"rendered":"<p>Itt konfigur\u00e1lhatja a RAPID 2.1 alapvet\u0151 komponenseit a lek\u00e9rdez\u00e9shez.<\/p>\n","protected":false},"excerpt":{"rendered":"<p>Testre szabhatja RAPID 2.1 k\u00e9sz\u00fcl\u00e9k\u00e9t - t\u00f6k\u00e9letesen az \u00d6n m\u0171k\u00f6d\u00e9si k\u00f6r\u00fclm\u00e9nyeihez igaz\u00edtva<\/p>\n","protected":false},"featured_media":4294,"comment_status":"closed","ping_status":"closed","template":"","meta":{"_acf_changed":false},"product_brand":[],"product_cat":[2035],"product_tag":[],"class_list":{"0":"post-15622","1":"product","2":"type-product","3":"status-publish","4":"has-post-thumbnail","6":"product_cat-rapid-2-1","8":"first","9":"instock","10":"shipping-taxable","11":"product-type-grouped"},"acf":[],"_links":{"self":[{"href":"https:\/\/hamma-uwt.de\/hu\/wp-json\/wp\/v2\/product\/15622","targetHints":{"allow":["GET"]}}],"collection":[{"href":"https:\/\/hamma-uwt.de\/hu\/wp-json\/wp\/v2\/product"}],"about":[{"href":"https:\/\/hamma-uwt.de\/hu\/wp-json\/wp\/v2\/types\/product"}],"replies":[{"embeddable":true,"href":"https:\/\/hamma-uwt.de\/hu\/wp-json\/wp\/v2\/comments?post=15622"}],"wp:featuredmedia":[{"embeddable":true,"href":"https:\/\/hamma-uwt.de\/hu\/wp-json\/wp\/v2\/media\/4294"}],"wp:attachment":[{"href":"https:\/\/hamma-uwt.de\/hu\/wp-json\/wp\/v2\/media?parent=15622"}],"wp:term":[{"taxonomy":"product_brand","embeddable":true,"href":"https:\/\/hamma-uwt.de\/hu\/wp-json\/wp\/v2\/product_brand?post=15622"},{"taxonomy":"product_cat","embeddable":true,"href":"https:\/\/hamma-uwt.de\/hu\/wp-json\/wp\/v2\/product_cat?post=15622"},{"taxonomy":"product_tag","embeddable":true,"href":"https:\/\/hamma-uwt.de\/hu\/wp-json\/wp\/v2\/product_tag?post=15622"}],"curies":[{"name":"wp","href":"https:\/\/api.w.org\/{rel}","templated":true}]}}